{"id":2998,"date":"2018-08-09T00:43:46","date_gmt":"2018-08-08T22:43:46","guid":{"rendered":"http:\/\/www.literaturtelefon-online.de\/?page_id=2998"},"modified":"2018-08-26T21:46:26","modified_gmt":"2018-08-26T19:46:26","slug":"charlotte-kerner","status":"publish","type":"page","link":"http:\/\/www.literaturtelefon-online.de\/?page_id=2998","title":{"rendered":"Charlotte Kerner"},"content":{"rendered":"<div style=\"text-align: justify;\">\n<p>Am Literaturtelefon unter 0431\/901-8888 und www.literaturtelefon-online.de liest die L\u00fcbecker Autorin Charlotte Kerner aus ihrem 2016 im Ernst Wasmuth Verlag T\u00fcbingen erschienenen Buch <em>\u201eSehnsuchtsfels Mallorca\u201c<\/em>.<\/p>\n<p><!--[if lt IE 9]><script>document.createElement('audio');<\/script><![endif]-->\n<audio class=\"wp-audio-shortcode\" id=\"audio-2998-1\" preload=\"none\" style=\"width: 100%;\" controls=\"controls\"><source type=\"audio\/mpeg\" src=\"http:\/\/www.literaturtelefon-online.de\/wp-content\/uploads\/2018\/08\/charlotte_kerner_mallorca.mp3?_=1\" \/><a href=\"http:\/\/www.literaturtelefon-online.de\/wp-content\/uploads\/2018\/08\/charlotte_kerner_mallorca.mp3\">http:\/\/www.literaturtelefon-online.de\/wp-content\/uploads\/2018\/08\/charlotte_kerner_mallorca.mp3<\/a><\/audio><br \/>\n<br \/>\nSeit 15 Jahren reist Charlotte Kerner regelm\u00e4\u00dfig nach Mallorca. In ihr Dorfhaus im Nordosten der Insel hat sie sich oft zum Schreiben zur\u00fcckgezogen und im Lauf der Jahre immer wieder die Insel erkundet, die von den Mallorquinern liebevoll <em>sa Roqueta<\/em>, \u201eunser Fels\u201c, genannt wird \u2013 wohl auch, weil ihre Heimat, die gr\u00f6\u00dfte Baleareninsel, jedes Jahr dem Ansturm von Millionen Touristen standh\u00e4lt und sich seit Jahrzehnten dabei ihre Sch\u00f6nheit und mallorquinische Eigenart bewahren kann.<\/p>\n<p>Zusammen mit der L\u00fcbecker Fotografin Anja Doehring hat die Schriftstellerin im Jahr 2016 ein Buch \u00fcber ihre zweite Heimat ver\u00f6ffentlicht. Entstanden ist in einem Dialog von Wort und Bild das vielstimmige und vielschichtige Portr\u00e4t <em>\u201eSehnsuchtsfels Mallorca\u201c<\/em>, auf das sie mit ihrer Lesung neugierig machen m\u00f6chte.<\/p>\n<p><img loading=\"lazy\" decoding=\"async\" style=\"margin-left: 40px;\" src=\"http:\/\/www.literaturtelefon-online.de\/wp-content\/uploads\/2018\/08\/charlotte_kerner.jpg\" alt=\"\" width=\"300\" height=\"381\" class=\"alignright size-full wp-image-3003\" srcset=\"http:\/\/www.literaturtelefon-online.de\/wp-content\/uploads\/2018\/08\/charlotte_kerner.jpg 300w, http:\/\/www.literaturtelefon-online.de\/wp-content\/uploads\/2018\/08\/charlotte_kerner-236x300.jpg 236w\" sizes=\"auto, (max-width: 300px) 100vw, 300px\" \/><\/p>\n<p>Als \u201eeine Art Biografie\u201c versteht Kerner ihren Text, der die Insel in ihrem Werden und Sein begreiflicher macht und dabei nicht das g\u00e4ngige Klischee vom \u201eparadiesischen Eiland\u201c bedient. Denn Mallorca hat eine spannende, nicht immer sonnige Geschichte und fern der vollen Str\u00e4nde viele Gesichter. Die Insel ist ruhig und \u00fcberdreht, lieblich und schroff, steinig und heilig, dunkel und sonnig, kommerzialisiert und magisch, bet\u00e4ubend und anregend.<\/p>\n<p>Charlotte Kerner, geboren 1950 in Speyer und seit 1987 Wahl-L\u00fcbeckerin, schreibt zum einen Zukunftsromane, am bekanntesten ist ihr schon 1999 erschienenes Buch <em>\u201eBlueprint-Blaupause\u201c<\/em>. Der bis heute hoch aktuelle Klon-Roman wurde f\u00fcr das Kino verfilmt und 2018 in die 14. Fremdsprache, ins Ukrainische, \u00fcbersetzt. Einen Namen machte sich die Schriftstellerin auch durch ihre Frauenbiografien u.a. \u00fcber die Atomphysikerin Lise Meitner und die Vision\u00e4rin und Heilige Hildegard von Bingen. In ihrer letzten Biografie <em>\u201eRote Sonne, Roter Tiger\u201c<\/em> erz\u00e4hlte sie die Lebensgeschichte des chinesischen Staatsgr\u00fcnders Mao Zedong. Den Literaturpreis der GEDOK Schleswig Holstein erhielt Kerner im Jahr 1997, zwei Mal wurde sie mit dem Deutschen Jugendliteraturpreis ausgezeichnet, viele ihrer B\u00fccher standen auf Auswahllisten.<\/p>\n<p>Autorin: <a href=\"http:\/\/www.charlottekerner.de\" rel=\"noopener\" target=\"_blank\">www.charlottekerner.de<\/a><\/p>\n<p>Verlag: <a href=\"http:\/\/wasmuth-verlag.de\/shop\/kunst-kultur\/kunst-und-kulturgeschichte\/sehnsuchtsfels-mallorca\/\" rel=\"noopener\" target=\"_blank\">Ernst Wasmuth Verlag T\u00fcbingen<\/a><\/p>\n<p>Foto: Anja Doehring<\/p>\n<p>literaturtelefon-online.de | Telefon: 0431\/901-8888<\/p>\n<\/div>\n","protected":false},"excerpt":{"rendered":"<p>Am Literaturtelefon unter 0431\/901-8888 und www.literaturtelefon-online.de liest die L\u00fcbecker Autorin Charlotte Kerner aus ihrem 2016 im Ernst Wasmuth Verlag T\u00fcbingen erschienenen Buch \u201eSehnsuchtsfels Mallorca\u201c. Seit 15 Jahren reist Charlotte Kerner regelm\u00e4\u00dfig nach Mallorca. In ihr Dorfhaus im Nordosten der Insel hat sie sich oft zum Schreiben zur\u00fcckgezogen und im Lauf der Jahre immer wieder die [&hellip;]<\/p>\n","protected":false},"author":6,"featured_media":0,"parent":2992,"menu_order":1,"comment_status":"closed","ping_status":"closed","template":"","meta":{"footnotes":""},"class_list":["post-2998","page","type-page","status-publish","hentry"],"_links":{"self":[{"href":"http:\/\/www.literaturtelefon-online.de\/index.php?rest_route=\/wp\/v2\/pages\/2998","targetHints":{"allow":["GET"]}}],"collection":[{"href":"http:\/\/www.literaturtelefon-online.de\/index.php?rest_route=\/wp\/v2\/pages"}],"about":[{"href":"http:\/\/www.literaturtelefon-online.de\/index.php?rest_route=\/wp\/v2\/types\/page"}],"author":[{"embeddable":true,"href":"http:\/\/www.literaturtelefon-online.de\/index.php?rest_route=\/wp\/v2\/users\/6"}],"replies":[{"embeddable":true,"href":"http:\/\/www.literaturtelefon-online.de\/index.php?rest_route=%2Fwp%2Fv2%2Fcomments&post=2998"}],"version-history":[{"count":4,"href":"http:\/\/www.literaturtelefon-online.de\/index.php?rest_route=\/wp\/v2\/pages\/2998\/revisions"}],"predecessor-version":[{"id":3004,"href":"http:\/\/www.literaturtelefon-online.de\/index.php?rest_route=\/wp\/v2\/pages\/2998\/revisions\/3004"}],"up":[{"embeddable":true,"href":"http:\/\/www.literaturtelefon-online.de\/index.php?rest_route=\/wp\/v2\/pages\/2992"}],"wp:attachment":[{"href":"http:\/\/www.literaturtelefon-online.de\/index.php?rest_route=%2Fwp%2Fv2%2Fmedia&parent=2998"}],"curies":[{"name":"wp","href":"https:\/\/api.w.org\/{rel}","templated":true}]}}