{"id":2984,"date":"2018-07-21T23:40:55","date_gmt":"2018-07-21T21:40:55","guid":{"rendered":"http:\/\/www.literaturtelefon-online.de\/?page_id=2984"},"modified":"2018-08-12T22:07:39","modified_gmt":"2018-08-12T20:07:39","slug":"peter-hermann-peters","status":"publish","type":"page","link":"http:\/\/www.literaturtelefon-online.de\/?page_id=2984","title":{"rendered":"Peter-Hermann Peters"},"content":{"rendered":"<div style=\"text-align: justify;\">\n<p>Am Literaturtelefon unter 0431\/901-8888 und www.literaturtelefon-online.de liest Peter-Hermann Peters neuere, z.T. noch unver\u00f6ffentlichte Gedichte.<\/p>\n<p><!--[if lt IE 9]><script>document.createElement('audio');<\/script><![endif]-->\n<audio class=\"wp-audio-shortcode\" id=\"audio-2984-1\" preload=\"none\" style=\"width: 100%;\" controls=\"controls\"><source type=\"audio\/mpeg\" src=\"http:\/\/www.literaturtelefon-online.de\/wp-content\/uploads\/2018\/07\/peter-hermann_peters_gedichte.mp3?_=1\" \/><a href=\"http:\/\/www.literaturtelefon-online.de\/wp-content\/uploads\/2018\/07\/peter-hermann_peters_gedichte.mp3\">http:\/\/www.literaturtelefon-online.de\/wp-content\/uploads\/2018\/07\/peter-hermann_peters_gedichte.mp3<\/a><\/audio><br \/>\n<br \/>\nPeter-Hermann Peters lebt in Heide\/Holstein. Seit 40 Jahren schreibt er Lyrik und m\u00f6chte mit seinen Gedichten, wie er sagt, \u201eBr\u00fccken von Mensch zu Mensch bauen\u201c. Zwischenmenschliche Themen, aber auch die Vielfalt der Natur spiegeln sich in seinen Werken wider \u2013 zuweilen auch mit einigem Humor.<\/p>\n<p>Peter-Hermann Peters wurde 1951 auf dem elterlichen Hof in Gl\u00fcsing im Kreis Dithmarschen geboren. Neben der Maschinenbauerlehre erwarb er in Abendkursen die Mittlere Reife. Es folgten zwei Jahre beim BGS in L\u00fcbeck. Nach dem Fachabitur in Meldorf war er von 1976 bis zu seiner Pensionierung im Jahr 2016 als Zollbeamter, zuletzt beim Hauptzollamt Kiel als Vollziehungsbeamter, t\u00e4tig.<\/p>\n<p><img loading=\"lazy\" decoding=\"async\" style=\"margin-left: 40px;\" src=\"http:\/\/www.literaturtelefon-online.de\/wp-content\/uploads\/2018\/07\/peter-hermann_peters.jpg\" alt=\"\" width=\"300\" height=\"410\" class=\"alignright size-full wp-image-2988\" srcset=\"http:\/\/www.literaturtelefon-online.de\/wp-content\/uploads\/2018\/07\/peter-hermann_peters.jpg 300w, http:\/\/www.literaturtelefon-online.de\/wp-content\/uploads\/2018\/07\/peter-hermann_peters-220x300.jpg 220w\" sizes=\"auto, (max-width: 300px) 100vw, 300px\" \/><\/p>\n<p>Von Jugend an verfasst er Gedichte, zun\u00e4chst mit religi\u00f6sem Inhalt. 1978 ver\u00f6ffentlichte die Zeitschrift \u201eBunte\u201c sein erstes Gedicht. Es folgten Publikationen in Tageszeitungen wie Dithmarscher Landeszeitung, Norddeutsche Rundschau, Kieler Nachrichten, Eckernf\u00f6rder Zeitung, Segeberger Zeitung, Hamburger Abendblatt, Welt am Sonntag, S\u00fcddeutsche Zeitung etc. Radiosender wie NDR 1 Welle Nord, NDR 1 90,3, R.SH und Radio Nora sendeten zudem einige seiner Gedichte, ebenso das Schleswig-Holstein-Magazin des NDR und Sat.1 Regional. 1986 war Peters auch schon einmal am Literaturtelefon Kiel, das damals noch Kulturtelefon hie\u00df, zu h\u00f6ren.<\/p>\n<p>1988 ver\u00f6ffentlichte Peters seinen Band <em>\u201eGedichtete Gedanken\u201c<\/em> im Selbstverlag. Es folgten f\u00fcnf weitere Auflagen. Das Buch ist noch antiquarisch im Internet verf\u00fcgbar. 2001 war er Literaturpreistr\u00e4ger der F\u00f6rdervereins Kultur in Dithmarschen (KIK). Im gleichnamigen Buch erschienen seine Texte, neben den Werken der andere Preistr\u00e4ger. Mit anderen Autoren ist Peters in f\u00fcnf weiteren Anthologien vertreten.<\/p>\n<p>Besonders gern h\u00e4lt Peters Lesungen, weil er so die Reaktionen der Zuh\u00f6rerinnen und der Zuh\u00f6rer unmittelbar erlebt. Bei Interesse an einer Lesung: Tel.: 0481-62283.<\/p>\n<p>Autor: <em>\u201eGedichtete Gedanken\u201c<\/em> <a href=\"https:\/\/www.booklooker.de\/B%C3%BCcher\/Peter-Hermann-Peters+Gedichtete-Gedanken\/id\/A02d49Lq01ZZK\" rel=\"noopener\" target=\"_blank\">antiquarisch z.B. hier<\/a> bestellbar<\/p>\n<p>Foto: Silke Peters<\/p>\n<p>literaturtelefon-online.de | Telefon: 0431\/901-8888<\/p>\n<\/div>\n","protected":false},"excerpt":{"rendered":"<p>Am Literaturtelefon unter 0431\/901-8888 und www.literaturtelefon-online.de liest Peter-Hermann Peters neuere, z.T. noch unver\u00f6ffentlichte Gedichte. Peter-Hermann Peters lebt in Heide\/Holstein. Seit 40 Jahren schreibt er Lyrik und m\u00f6chte mit seinen Gedichten, wie er sagt, \u201eBr\u00fccken von Mensch zu Mensch bauen\u201c. Zwischenmenschliche Themen, aber auch die Vielfalt der Natur spiegeln sich in seinen Werken wider \u2013 zuweilen [&hellip;]<\/p>\n","protected":false},"author":6,"featured_media":0,"parent":2971,"menu_order":2,"comment_status":"closed","ping_status":"closed","template":"","meta":{"footnotes":""},"class_list":["post-2984","page","type-page","status-publish","hentry"],"_links":{"self":[{"href":"http:\/\/www.literaturtelefon-online.de\/index.php?rest_route=\/wp\/v2\/pages\/2984","targetHints":{"allow":["GET"]}}],"collection":[{"href":"http:\/\/www.literaturtelefon-online.de\/index.php?rest_route=\/wp\/v2\/pages"}],"about":[{"href":"http:\/\/www.literaturtelefon-online.de\/index.php?rest_route=\/wp\/v2\/types\/page"}],"author":[{"embeddable":true,"href":"http:\/\/www.literaturtelefon-online.de\/index.php?rest_route=\/wp\/v2\/users\/6"}],"replies":[{"embeddable":true,"href":"http:\/\/www.literaturtelefon-online.de\/index.php?rest_route=%2Fwp%2Fv2%2Fcomments&post=2984"}],"version-history":[{"count":5,"href":"http:\/\/www.literaturtelefon-online.de\/index.php?rest_route=\/wp\/v2\/pages\/2984\/revisions"}],"predecessor-version":[{"id":2991,"href":"http:\/\/www.literaturtelefon-online.de\/index.php?rest_route=\/wp\/v2\/pages\/2984\/revisions\/2991"}],"up":[{"embeddable":true,"href":"http:\/\/www.literaturtelefon-online.de\/index.php?rest_route=\/wp\/v2\/pages\/2971"}],"wp:attachment":[{"href":"http:\/\/www.literaturtelefon-online.de\/index.php?rest_route=%2Fwp%2Fv2%2Fmedia&parent=2984"}],"curies":[{"name":"wp","href":"https:\/\/api.w.org\/{rel}","templated":true}]}}