{"id":2962,"date":"2018-07-12T23:56:51","date_gmt":"2018-07-12T21:56:51","guid":{"rendered":"http:\/\/www.literaturtelefon-online.de\/?page_id=2962"},"modified":"2018-07-16T13:18:54","modified_gmt":"2018-07-16T11:18:54","slug":"therese-chromik","status":"publish","type":"page","link":"http:\/\/www.literaturtelefon-online.de\/?page_id=2962","title":{"rendered":"Therese Chromik"},"content":{"rendered":"<div style=\"text-align: justify;\">\n<p>Am Literaturtelefon unter 0431\/901-8888 und www.literaturtelefon-online.de liest Therese Chromik neuere Gedichte aus der Autor*innen-Monografie <em>\u201ePoesiealbum 337: Therese Chromik\u201c<\/em> (M\u00e4rkischer Verlag Wilhelmshorst 2018), <em>\u201eNordfriesische Impressionen\u201c<\/em> (Husum Verlag 2016), sowie zu Anfang ein Gedicht aus ihrem Zyklus <em>\u201eHexenspr\u00fcche\u201c<\/em> (Privatdruck).<\/p>\n<p><!--[if lt IE 9]><script>document.createElement('audio');<\/script><![endif]-->\n<audio class=\"wp-audio-shortcode\" id=\"audio-2962-1\" preload=\"none\" style=\"width: 100%;\" controls=\"controls\"><source type=\"audio\/mpeg\" src=\"http:\/\/www.literaturtelefon-online.de\/wp-content\/uploads\/2018\/07\/therese_chromik_gedichte.mp3?_=1\" \/><a href=\"http:\/\/www.literaturtelefon-online.de\/wp-content\/uploads\/2018\/07\/therese_chromik_gedichte.mp3\">http:\/\/www.literaturtelefon-online.de\/wp-content\/uploads\/2018\/07\/therese_chromik_gedichte.mp3<\/a><\/audio><br \/>\n<br \/>\nKlappentext zu <em>\u201ePoesiealbum 337: Therese Chromik\u201c<\/em>: \u201eTherese Chromiks Wunsch: Die Leser m\u00f6gen sich auf ihre Gedichte einlassen, sich einbringen, sie mit eigenen Erfahrungen f\u00fcllen. Sie stellt sich den Urfragen, die alle Menschen besch\u00e4ftigen: Woher komme ich, wer bin ich, wohin gehe ich, was ist gut und was ist b\u00f6se? Auch die Philosophie geht diesen Fragen nach, aber die Poesie hat die besseren Antworten. Wenn ich Gedichte schreibe, will ich beides bedienen: Gef\u00fchl und Verstand, zum Nachdenken und Nachf\u00fchlen einladen.\u201c<\/p>\n<p>Klappentext zu <em>\u201eNordfriesische Impressionen\u201c<\/em>: \u201eDer neue Gedichtband von Therese Chromik f\u00e4ngt in lyrisch knapper Sprache Eindr\u00fccke der nordfriesischen Landschaft in Wort und Bild (Fotos: Uwe Lorenzen) ein.\u201c<\/p>\n<p><img loading=\"lazy\" decoding=\"async\" style=\"margin-left: 40px;\" src=\"http:\/\/www.literaturtelefon-online.de\/wp-content\/uploads\/2018\/07\/therese_chromik.jpg\" alt=\"\" width=\"300\" height=\"433\" class=\"alignright size-full wp-image-2961\" srcset=\"http:\/\/www.literaturtelefon-online.de\/wp-content\/uploads\/2018\/07\/therese_chromik.jpg 300w, http:\/\/www.literaturtelefon-online.de\/wp-content\/uploads\/2018\/07\/therese_chromik-208x300.jpg 208w\" sizes=\"auto, (max-width: 300px) 100vw, 300px\" \/><\/p>\n<p>Therese Chromik, am 16. Oktober 1943 in Liegnitz geboren, studierte Philosophie, Germanistik, Geographie und Kunst in Marburg und Kiel und unterrichtete an Gymnasien in Kiel und Husum, wo sie auch lebt und arbeitet. Seit vielen Jahren leitet sie Werkst\u00e4tten f\u00fcr kreatives Schreiben mit Sch\u00fclerInnen und Erwachsenen. Dar\u00fcber auch Ver\u00f6ffentlichungen und Lehrauftr\u00e4ge an der Erziehungswissenschaftlichen Fakult\u00e4t der Universit\u00e4t Kiel. Bis 2007 war sie Schulleiterin der Theodor-Storm-Schule Husum. Sie ist Fachbeir\u00e4tin f\u00fcr Literatur in der GEDOK SH und war im Sommer 2008 Dozentin f\u00fcr Literatur und Kreatives Schreiben in der Junior Akademie St. Peter Ording.<\/p>\n<p>Auszeichnungen (Auswahl): Landespreis der GEDOK, Andreas-Gryphius-F\u00f6rderpreis, VS-Reisestipendium des Ausw\u00e4rtigen Amtes, Preis der GEDOK Rhein-Main-Taunus, Stipendium des K\u00fcnstlerhauses Edenkoben.<\/p>\n<p>Therese Chromik war zuletzt am Literaturtelefon <a href=\"http:\/\/www.literaturtelefon-online.de\/beitrag-chromik\/beitrag-chromik.php\">im November 2008 mit <em>\u201eDa ich ein Kind war\u201c<\/em><\/a> zu h\u00f6ren.<\/p>\n<p>Autorin: <a href=\"http:\/\/www.theresechromik.de\" rel=\"noopener\" target=\"_blank\">www.theresechromik.de<\/a> <\/p>\n<p>Verlage: <a href=\"http:\/\/www.poesiealbum-online.de\/pa\/?mod=3&#038;obj=84\" rel=\"noopener\" target=\"_blank\">M\u00e4rkischer Verlag \/ Poesiealbum<\/a>, <a href=\"http:\/\/www.verlagsgruppe.de\/husum-verlag.html\" rel=\"noopener\" target=\"_blank\">Husum Verlag<\/a><\/p>\n<p>Foto: \u00f6gyr<\/p>\n<p>literaturtelefon-online.de | Telefon: 0431\/901-8888<\/p>\n<\/div>\n","protected":false},"excerpt":{"rendered":"<p>Am Literaturtelefon unter 0431\/901-8888 und www.literaturtelefon-online.de liest Therese Chromik neuere Gedichte aus der Autor*innen-Monografie \u201ePoesiealbum 337: Therese Chromik\u201c (M\u00e4rkischer Verlag Wilhelmshorst 2018), \u201eNordfriesische Impressionen\u201c (Husum Verlag 2016), sowie zu Anfang ein Gedicht aus ihrem Zyklus \u201eHexenspr\u00fcche\u201c (Privatdruck). Klappentext zu \u201ePoesiealbum 337: Therese Chromik\u201c: \u201eTherese Chromiks Wunsch: Die Leser m\u00f6gen sich auf ihre Gedichte einlassen, sich [&hellip;]<\/p>\n","protected":false},"author":6,"featured_media":0,"parent":2940,"menu_order":2,"comment_status":"closed","ping_status":"closed","template":"","meta":{"footnotes":""},"class_list":["post-2962","page","type-page","status-publish","hentry"],"_links":{"self":[{"href":"http:\/\/www.literaturtelefon-online.de\/index.php?rest_route=\/wp\/v2\/pages\/2962","targetHints":{"allow":["GET"]}}],"collection":[{"href":"http:\/\/www.literaturtelefon-online.de\/index.php?rest_route=\/wp\/v2\/pages"}],"about":[{"href":"http:\/\/www.literaturtelefon-online.de\/index.php?rest_route=\/wp\/v2\/types\/page"}],"author":[{"embeddable":true,"href":"http:\/\/www.literaturtelefon-online.de\/index.php?rest_route=\/wp\/v2\/users\/6"}],"replies":[{"embeddable":true,"href":"http:\/\/www.literaturtelefon-online.de\/index.php?rest_route=%2Fwp%2Fv2%2Fcomments&post=2962"}],"version-history":[{"count":3,"href":"http:\/\/www.literaturtelefon-online.de\/index.php?rest_route=\/wp\/v2\/pages\/2962\/revisions"}],"predecessor-version":[{"id":2966,"href":"http:\/\/www.literaturtelefon-online.de\/index.php?rest_route=\/wp\/v2\/pages\/2962\/revisions\/2966"}],"up":[{"embeddable":true,"href":"http:\/\/www.literaturtelefon-online.de\/index.php?rest_route=\/wp\/v2\/pages\/2940"}],"wp:attachment":[{"href":"http:\/\/www.literaturtelefon-online.de\/index.php?rest_route=%2Fwp%2Fv2%2Fmedia&parent=2962"}],"curies":[{"name":"wp","href":"https:\/\/api.w.org\/{rel}","templated":true}]}}