{"id":2910,"date":"2018-06-03T22:37:31","date_gmt":"2018-06-03T20:37:31","guid":{"rendered":"http:\/\/www.literaturtelefon-online.de\/?page_id=2910"},"modified":"2018-06-18T14:55:50","modified_gmt":"2018-06-18T12:55:50","slug":"romy-steinriede","status":"publish","type":"page","link":"http:\/\/www.literaturtelefon-online.de\/?page_id=2910","title":{"rendered":"Romy Steinriede"},"content":{"rendered":"<div style=\"text-align: justify;\">\n<p>Am Literaturtelefon unter 0431\/901-8888 und www.literaturtelefon-online.de liest die Kieler Autorin Rosemarie \u201eRomy\u201c Steinriede <em>\u201eGedichte vom Reisen\u201c<\/em>.<\/p>\n<p><!--[if lt IE 9]><script>document.createElement('audio');<\/script><![endif]-->\n<audio class=\"wp-audio-shortcode\" id=\"audio-2910-1\" preload=\"none\" style=\"width: 100%;\" controls=\"controls\"><source type=\"audio\/mpeg\" src=\"http:\/\/www.literaturtelefon-online.de\/wp-content\/uploads\/2018\/06\/romy_steinriede_gedichte_vom_reisen.mp3?_=1\" \/><a href=\"http:\/\/www.literaturtelefon-online.de\/wp-content\/uploads\/2018\/06\/romy_steinriede_gedichte_vom_reisen.mp3\">http:\/\/www.literaturtelefon-online.de\/wp-content\/uploads\/2018\/06\/romy_steinriede_gedichte_vom_reisen.mp3<\/a><\/audio><br \/>\n<br \/>\nDiese Gedichte sind in den japanischen Formen des Haiku und des Tanka geschrieben. Sie f\u00fchren uns vom Meer bei Laboe ins Gebirge. In den pr\u00e4zisen, gleichsam mikro- oder teleskopisch beobachteten Naturbildern spiegelt die Natur wie im klassischen Naturgedicht Innenwelten. Lyrik aus und als Erfahrung, die immer mit dem Reisen, dem Wechsel der (Lebens-) Welten verbunden ist.<\/p>\n<p><img loading=\"lazy\" decoding=\"async\" class=\"alignright size-full wp-image-2914\" style=\"margin-left: 40px;\" src=\"http:\/\/www.literaturtelefon-online.de\/wp-content\/uploads\/2018\/06\/romy_steinriede.jpg\" alt=\"\" width=\"300\" height=\"444\" srcset=\"http:\/\/www.literaturtelefon-online.de\/wp-content\/uploads\/2018\/06\/romy_steinriede.jpg 300w, http:\/\/www.literaturtelefon-online.de\/wp-content\/uploads\/2018\/06\/romy_steinriede-203x300.jpg 203w\" sizes=\"auto, (max-width: 300px) 100vw, 300px\" \/><\/p>\n<p>Romy Steinriede (geb. 1942) ging bis zum Abitur in Kassel zur Schule, studierte dann in Gie\u00dfen Englisch und Biologie auf Lehramt und lebte und arbeitete 35 Jahre in Stuttgart, wo sie den <a href=\"https:\/\/www.stuttgart.de\/item\/show\/568257\/1\" target=\"_blank\" rel=\"noopener\">Jugend-Lyrik-Preis der Stadt Stuttgart<\/a> initiierte. Vor vier Jahren \u00fcbersiedelte sie nach Kiel. Dort wirkt sie seither in nicht weniger als vier Literaturkreisen mit: bei <a href=\"http:\/\/www.euterpe-literaturkreis.de\/\" target=\"_blank\" rel=\"noopener\">Euterpe<\/a> und bei\u00a0<a href=\"https:\/\/www.amazon.de\/s\/ref=dp_byline_sr_book_1?ie=UTF8&amp;text=F%C3%B6rderverein+f.+zeitgen%C3%B6ssische+Literatur+NordBuch+e.V.&amp;search-alias=books-de&amp;field-author=F%C3%B6rderverein+f.+zeitgen%C3%B6ssische+Literatur+NordBuch+e.V.&amp;sort=relevancerank\" target=\"_blank\" rel=\"noopener\">Nordbuch<\/a> sowie in der Werkstatt und im\u00a0<a href=\"http:\/\/flsh-kiel.de\/\" target=\"_blank\" rel=\"noopener\">Freundeskreis des Literaturhauses Schleswig-Holstein<\/a>.\u00a0\u00a0In letzterem ist sie auch als Jurorin des <a href=\"http:\/\/flsh-kiel.de\/junger-literaturpreis\/\" target=\"_blank\" rel=\"noopener\">Jungen Literaturpreises SH<\/a> t\u00e4tig.<\/p>\n<p>Inzwischen sind von Romy Steinriede 14 Monografien (vor allem Lyrik, aber auch Kurzprosa) im Selbstverlag erschienen, oft in Zusammenarbeit mit MalerInnen, f\u00fcr die sie auch Katalogtexte schreibt. In ihren Langgedichten setzt sich die Dichterin mit den Biografien ber\u00fchmter K\u00fcnstlerInnen wie Bob Dylan, Romy Schneider oder Harry Belafonte auseinander. \u00dcber ihr poetisches Schaffen sagt sie: \u201eIch schaue genau hin, was in mir eine Spannung erzeugt, die sich wiederum in meinen Texten niederschl\u00e4gt.\u201c<\/p>\n<p>Kontakt zu Romy Steinriede (dort auch ihre B\u00fccher bestellbar): <a href=\"mailto:rose.stein@gmx.de\" target=\"_blank\" rel=\"noopener\">rose.stein@gmx.de<\/a><\/p>\n<p>Foto: \u00f6gyr<\/p>\n<p>literaturtelefon-online.de | Telefon: 0431\/901-8888<\/p>\n<\/div>\n","protected":false},"excerpt":{"rendered":"<p>Am Literaturtelefon unter 0431\/901-8888 und www.literaturtelefon-online.de liest die Kieler Autorin Rosemarie \u201eRomy\u201c Steinriede \u201eGedichte vom Reisen\u201c. Diese Gedichte sind in den japanischen Formen des Haiku und des Tanka geschrieben. Sie f\u00fchren uns vom Meer bei Laboe ins Gebirge. In den pr\u00e4zisen, gleichsam mikro- oder teleskopisch beobachteten Naturbildern spiegelt die Natur wie im klassischen Naturgedicht Innenwelten. [&hellip;]<\/p>\n","protected":false},"author":6,"featured_media":0,"parent":2893,"menu_order":2,"comment_status":"closed","ping_status":"closed","template":"","meta":{"footnotes":""},"class_list":["post-2910","page","type-page","status-publish","hentry"],"_links":{"self":[{"href":"http:\/\/www.literaturtelefon-online.de\/index.php?rest_route=\/wp\/v2\/pages\/2910","targetHints":{"allow":["GET"]}}],"collection":[{"href":"http:\/\/www.literaturtelefon-online.de\/index.php?rest_route=\/wp\/v2\/pages"}],"about":[{"href":"http:\/\/www.literaturtelefon-online.de\/index.php?rest_route=\/wp\/v2\/types\/page"}],"author":[{"embeddable":true,"href":"http:\/\/www.literaturtelefon-online.de\/index.php?rest_route=\/wp\/v2\/users\/6"}],"replies":[{"embeddable":true,"href":"http:\/\/www.literaturtelefon-online.de\/index.php?rest_route=%2Fwp%2Fv2%2Fcomments&post=2910"}],"version-history":[{"count":18,"href":"http:\/\/www.literaturtelefon-online.de\/index.php?rest_route=\/wp\/v2\/pages\/2910\/revisions"}],"predecessor-version":[{"id":2935,"href":"http:\/\/www.literaturtelefon-online.de\/index.php?rest_route=\/wp\/v2\/pages\/2910\/revisions\/2935"}],"up":[{"embeddable":true,"href":"http:\/\/www.literaturtelefon-online.de\/index.php?rest_route=\/wp\/v2\/pages\/2893"}],"wp:attachment":[{"href":"http:\/\/www.literaturtelefon-online.de\/index.php?rest_route=%2Fwp%2Fv2%2Fmedia&parent=2910"}],"curies":[{"name":"wp","href":"https:\/\/api.w.org\/{rel}","templated":true}]}}