{"id":2873,"date":"2018-04-07T14:58:04","date_gmt":"2018-04-07T12:58:04","guid":{"rendered":"http:\/\/www.literaturtelefon-online.de\/?page_id=2873"},"modified":"2018-05-21T18:14:19","modified_gmt":"2018-05-21T16:14:19","slug":"junger-literaturpreis-s-h-2018-lasse-huber-saffer","status":"publish","type":"page","link":"http:\/\/www.literaturtelefon-online.de\/?page_id=2873","title":{"rendered":"Junger Literaturpreis S.-H: 2018: Lasse Huber-Saffer"},"content":{"rendered":"<div style=\"text-align: justify;\">\n<p>Am Literaturtelefon unter der Rufnummer 0431\/901-8888 und auf www.literaturtelefon-online.de sind in den n\u00e4chsten Wochen die Preistr\u00e4ger des vom Freundeskreis des Literaturhauses Schleswig-Holstein e.V. ausgeschriebenen Jungen Literaturpreises S.-H. 2018 zu h\u00f6ren. Lasse Huber-Saffer gewann mit seinem Text <em>\u201eDruckausgleich\u201c<\/em> einen der beiden 3. Preise. Die Aufnahme entstand im Rahmen der Lesung zur Preisverleihung im Literaturhaus S.-H. am 28.3.2018.<\/p>\n<p><!--[if lt IE 9]><script>document.createElement('audio');<\/script><![endif]-->\n<audio class=\"wp-audio-shortcode\" id=\"audio-2873-1\" preload=\"none\" style=\"width: 100%;\" controls=\"controls\"><source type=\"audio\/mpeg\" src=\"http:\/\/www.literaturtelefon-online.de\/wp-content\/uploads\/2018\/04\/lasse_huber-saffer_druckausgleich.mp3?_=1\" \/><a href=\"http:\/\/www.literaturtelefon-online.de\/wp-content\/uploads\/2018\/04\/lasse_huber-saffer_druckausgleich.mp3\">http:\/\/www.literaturtelefon-online.de\/wp-content\/uploads\/2018\/04\/lasse_huber-saffer_druckausgleich.mp3<\/a><\/audio><br \/>\n<\/p>\n<p><img loading=\"lazy\" decoding=\"async\" style=\"margin-left: 40px;\" src=\"http:\/\/www.literaturtelefon-online.de\/wp-content\/uploads\/2018\/04\/lasse_huber-saffer.jpg\" alt=\"\" width=\"300\" height=\"363\" class=\"alignright size-full wp-image-2875\" srcset=\"http:\/\/www.literaturtelefon-online.de\/wp-content\/uploads\/2018\/04\/lasse_huber-saffer.jpg 300w, http:\/\/www.literaturtelefon-online.de\/wp-content\/uploads\/2018\/04\/lasse_huber-saffer-248x300.jpg 248w\" sizes=\"auto, (max-width: 300px) 100vw, 300px\" \/><\/p>\n<p>Die Jury lobte den Text wie folgt:<\/p>\n<p>\u201eEin Motorenwerk in der Zukunft. Eine quadratisch angelegte Stra\u00dfe, quadratische Pl\u00e4tze. Eine Menschenkolonne, Arbeiter auf dem Weg zur Arbeit in der Industrie. Sirenen bestimmen die Zeit. Fremdbestimmung, eine totalit\u00e4re Gesellschaft in der Zukunft. Arbeiter, Aufpasser in Uniformen, eine Nationalhymne wird mit der Hand auf dem Herzen gesungen, Flie\u00dfbandarbeit &#8230;<\/p>\n<p>Ein Ich-Erz\u00e4hler mit einem Kleinod, einem B\u00fcchlein, wie man sich das Klavierspielen beibringt. \u00d6ldruckausgleicher werden in Motoren eingearbeitet. \u00d6ldruckausgleicher ohne \u00d6l geben T\u00f6ne von sich. Deshalb klaut der Erz\u00e4hler \u00d6ldruckausgleicher. Er kost sie \u201eMaschinchen\u201c. Und er klaut auch erfolgreich Werkzeug. Heimlich baut er eine neue Maschine, eine orgel\u00e4hnliche Musikmaschine aus \u00d6ldruckausgleichern. Und sie funktioniert. Es kommt etwas Harmonisches hervor, vielleicht T\u00f6ne, vielleicht eine Stimme &#8230;?<\/p>\n<p>Mit geschlossenen Augen entflieht ein namenloser Mensch der Stille und erlangt in einer scheinbar trostlosen Zukunft eine Stimme, die Trost spendet.<\/p>\n<p>Der Text entf\u00fchrt uns in eine graue Zukunft, eine entfremdete, s\u00e4kularisierte Zukunft. Uns werden in k\u00fchler Diktion Erinnerungen aufgezwungen an Orwells <em>\u20191984\u2019<\/em>, Huxleys <em>\u2019Sch\u00f6ne neue Welt\u2019<\/em>, Bradburys <em>\u2019Fahrenheit 451\u2019<\/em> oder Mitchells <em>\u2019Wolken-Atlas\u2019<\/em>. Eine triste, freudlose, tonlose, sprachlose Dystopie. Die Vorstellungen gefrieren beim Lesen. Jedoch regt sich Widerstand. Das Menschliche ringt ums \u00dcberleben. Der Mensch erfindet. Der Mensch erfindet ein Ding, eine Maschine, ein Instrument. Und mit der noch primitiven Harmonie kehrt die W\u00e4rme in Form von Ton und Stimme zur\u00fcck. Und im Dunkeln erglimmt ein kleines Licht.\u201c<\/p>\n<p>Die Texte der Preistr\u00e4gerinnen sind nachzulesen unter: <a href=\"http:\/\/flsh-kiel.de\" target=\"_blank\" rel=\"noopener noreferrer\">www.flsh-kiel.de<\/a>. Ein Bericht von Sabine Tholund (\u201eKieler Nachrichten\u201c) \u00fcber die Preisverleihung findet sich <a href=\"http:\/\/flsh-kiel.de\/2018\/04\/03\/junger-literaturpreis-2018-vom-maerchen-bis-zur-horrorstory\/\" target=\"_blank\" rel=\"noopener noreferrer\">hier<\/a>.<\/p>\n<p>Foto: \u00f6gyr<\/p>\n<p>literaturtelefon-online.de | Telefon: 0431\/901-8888<\/p>\n<\/div>\n","protected":false},"excerpt":{"rendered":"<p>Am Literaturtelefon unter der Rufnummer 0431\/901-8888 und auf www.literaturtelefon-online.de sind in den n\u00e4chsten Wochen die Preistr\u00e4ger des vom Freundeskreis des Literaturhauses Schleswig-Holstein e.V. ausgeschriebenen Jungen Literaturpreises S.-H. 2018 zu h\u00f6ren. Lasse Huber-Saffer gewann mit seinem Text \u201eDruckausgleich\u201c einen der beiden 3. Preise. Die Aufnahme entstand im Rahmen der Lesung zur Preisverleihung im Literaturhaus S.-H. am [&hellip;]<\/p>\n","protected":false},"author":6,"featured_media":0,"parent":2864,"menu_order":2,"comment_status":"closed","ping_status":"closed","template":"","meta":{"footnotes":""},"class_list":["post-2873","page","type-page","status-publish","hentry"],"_links":{"self":[{"href":"http:\/\/www.literaturtelefon-online.de\/index.php?rest_route=\/wp\/v2\/pages\/2873","targetHints":{"allow":["GET"]}}],"collection":[{"href":"http:\/\/www.literaturtelefon-online.de\/index.php?rest_route=\/wp\/v2\/pages"}],"about":[{"href":"http:\/\/www.literaturtelefon-online.de\/index.php?rest_route=\/wp\/v2\/types\/page"}],"author":[{"embeddable":true,"href":"http:\/\/www.literaturtelefon-online.de\/index.php?rest_route=\/wp\/v2\/users\/6"}],"replies":[{"embeddable":true,"href":"http:\/\/www.literaturtelefon-online.de\/index.php?rest_route=%2Fwp%2Fv2%2Fcomments&post=2873"}],"version-history":[{"count":1,"href":"http:\/\/www.literaturtelefon-online.de\/index.php?rest_route=\/wp\/v2\/pages\/2873\/revisions"}],"predecessor-version":[{"id":2876,"href":"http:\/\/www.literaturtelefon-online.de\/index.php?rest_route=\/wp\/v2\/pages\/2873\/revisions\/2876"}],"up":[{"embeddable":true,"href":"http:\/\/www.literaturtelefon-online.de\/index.php?rest_route=\/wp\/v2\/pages\/2864"}],"wp:attachment":[{"href":"http:\/\/www.literaturtelefon-online.de\/index.php?rest_route=%2Fwp%2Fv2%2Fmedia&parent=2873"}],"curies":[{"name":"wp","href":"https:\/\/api.w.org\/{rel}","templated":true}]}}