{"id":2866,"date":"2018-04-07T14:33:41","date_gmt":"2018-04-07T12:33:41","guid":{"rendered":"http:\/\/www.literaturtelefon-online.de\/?page_id=2866"},"modified":"2022-04-19T13:25:35","modified_gmt":"2022-04-19T11:25:35","slug":"junger-literaturpreis-s-h-2018-laurin-j-lenschow","status":"publish","type":"page","link":"http:\/\/www.literaturtelefon-online.de\/?page_id=2866","title":{"rendered":"Junger Literaturpreis S.-H: 2018: Laurin J. Lenschow"},"content":{"rendered":"<div style=\"text-align: justify;\">\n<p>Am Literaturtelefon unter der Rufnummer 0431\/901-8888 und auf www.literaturtelefon-online.de sind in den n\u00e4chsten Wochen die Preistr\u00e4ger des vom Freundeskreis des Literaturhauses Schleswig-Holstein e.V. ausgeschriebenen Jungen Literaturpreises S.-H. 2018 zu h\u00f6ren. Laurin J. Lenschow gewann mit seinem Text <em>\u201eFreiheit\u201c<\/em> einen der beiden 3. Preise. Die Aufnahme entstand im Rahmen der Lesung zur Preisverleihung im Literaturhaus S.-H. am 28.3.2018.<\/p>\n<p><!--[if lt IE 9]><script>document.createElement('audio');<\/script><![endif]-->\n<audio class=\"wp-audio-shortcode\" id=\"audio-2866-1\" preload=\"none\" style=\"width: 100%;\" controls=\"controls\"><source type=\"audio\/mpeg\" src=\"http:\/\/www.literaturtelefon-online.de\/wp-content\/uploads\/2018\/04\/laurin_j_lenschow_freiheit.mp3?_=1\" \/><a href=\"http:\/\/www.literaturtelefon-online.de\/wp-content\/uploads\/2018\/04\/laurin_j_lenschow_freiheit.mp3\">http:\/\/www.literaturtelefon-online.de\/wp-content\/uploads\/2018\/04\/laurin_j_lenschow_freiheit.mp3<\/a><\/audio><br \/>\n<br \/>\n<img loading=\"lazy\" decoding=\"async\" class=\"alignright size-full wp-image-2870\" style=\"margin-left: 40px;\" src=\"http:\/\/www.literaturtelefon-online.de\/wp-content\/uploads\/2018\/04\/laurin_j_lenschow.jpg\" alt=\"\" width=\"300\" height=\"486\" srcset=\"http:\/\/www.literaturtelefon-online.de\/wp-content\/uploads\/2018\/04\/laurin_j_lenschow.jpg 300w, http:\/\/www.literaturtelefon-online.de\/wp-content\/uploads\/2018\/04\/laurin_j_lenschow-185x300.jpg 185w\" sizes=\"auto, (max-width: 300px) 100vw, 300px\" \/>Die Jury lobte den Text wie folgt:<\/p>\n<p>\u201eIm Beitrag von Laurin Lenschow geht es in einer komplex durchgef\u00fchrten Parabel \u2013 stilistisch durchweg auf hohem Niveau \u2013 um nichts Geringeres als um die Freiheit, die jeder einzelne sich f\u00fcr sein Leben w\u00fcnscht, die er aber nur durch eigene Leistung erreicht. Dem Genre entsprechend gibt der Titel einen Schl\u00fcssel zum Verst\u00e4ndnis des sehr bilderreichen Texts.<\/p>\n<p>Die \u201eSache\u201c gleicht dem Weg zweier M\u00e4nner, die aneinander gefesselt und in Hass einander verbunden durch eine W\u00fcste ziehen. Als sie einen einsamen Wanderer kommen sehen, tauschen sie \u00fcberst\u00fcrzt die Pl\u00e4tze, und der bisher Gefesselte fragt nach dem Ziel des Wanderers: Es ist die Freiheit vom Zwang sich anzupassen.<\/p>\n<p>Zwei weitere Begegnungen in der Einsamkeit der W\u00fcste, bei denen die M\u00e4nner wiederholt die Fesseln wechseln, und letztendlich der Traum von einem Vogel, der aus dem K\u00e4fig in die absolute Freiheit der W\u00fcste entlassen, nur dem Tod entgegenfliegen kann, bringen die Einsicht, was sinnerf\u00fcllte indivduelle Freiheit sein k\u00f6nnte. Der Wanderer entschlie\u00dft sich zur R\u00fcckkehr in sein Haus, immer noch den Gefangenen mit sich schleppend. Gefesselte zu einem letzten Angriff, den der Wanderer jetzt aber gelassen abwehren kann. Denn er hat gefunden, was er gesucht hat.\u201c<\/p>\n<p>Die Texte der Preistr\u00e4gerinnen sind nachzulesen unter: <a href=\"http:\/\/flsh-kiel.de\" target=\"_blank\" rel=\"noopener noreferrer\">www.flsh-kiel.de<\/a>. Ein Bericht von Sabine Tholund (\u201eKieler Nachrichten\u201c) \u00fcber die Preisverleihung findet sich <a href=\"http:\/\/flsh-kiel.de\/2018\/04\/03\/junger-literaturpreis-2018-vom-maerchen-bis-zur-horrorstory\/\" target=\"_blank\" rel=\"noopener noreferrer\">hier<\/a>.<\/p>\n<p>Foto: privat<\/p>\n<p>literaturtelefon-online.de | Telefon: 0431\/901-8888<\/p>\n<\/div>\n","protected":false},"excerpt":{"rendered":"<p>Am Literaturtelefon unter der Rufnummer 0431\/901-8888 und auf www.literaturtelefon-online.de sind in den n\u00e4chsten Wochen die Preistr\u00e4ger des vom Freundeskreis des Literaturhauses Schleswig-Holstein e.V. ausgeschriebenen Jungen Literaturpreises S.-H. 2018 zu h\u00f6ren. Laurin J. Lenschow gewann mit seinem Text \u201eFreiheit\u201c einen der beiden 3. Preise. Die Aufnahme entstand im Rahmen der Lesung zur Preisverleihung im Literaturhaus S.-H. [&hellip;]<\/p>\n","protected":false},"author":6,"featured_media":0,"parent":2864,"menu_order":1,"comment_status":"closed","ping_status":"closed","template":"","meta":{"footnotes":""},"class_list":["post-2866","page","type-page","status-publish","hentry"],"_links":{"self":[{"href":"http:\/\/www.literaturtelefon-online.de\/index.php?rest_route=\/wp\/v2\/pages\/2866","targetHints":{"allow":["GET"]}}],"collection":[{"href":"http:\/\/www.literaturtelefon-online.de\/index.php?rest_route=\/wp\/v2\/pages"}],"about":[{"href":"http:\/\/www.literaturtelefon-online.de\/index.php?rest_route=\/wp\/v2\/types\/page"}],"author":[{"embeddable":true,"href":"http:\/\/www.literaturtelefon-online.de\/index.php?rest_route=\/wp\/v2\/users\/6"}],"replies":[{"embeddable":true,"href":"http:\/\/www.literaturtelefon-online.de\/index.php?rest_route=%2Fwp%2Fv2%2Fcomments&post=2866"}],"version-history":[{"count":7,"href":"http:\/\/www.literaturtelefon-online.de\/index.php?rest_route=\/wp\/v2\/pages\/2866\/revisions"}],"predecessor-version":[{"id":4355,"href":"http:\/\/www.literaturtelefon-online.de\/index.php?rest_route=\/wp\/v2\/pages\/2866\/revisions\/4355"}],"up":[{"embeddable":true,"href":"http:\/\/www.literaturtelefon-online.de\/index.php?rest_route=\/wp\/v2\/pages\/2864"}],"wp:attachment":[{"href":"http:\/\/www.literaturtelefon-online.de\/index.php?rest_route=%2Fwp%2Fv2%2Fmedia&parent=2866"}],"curies":[{"name":"wp","href":"https:\/\/api.w.org\/{rel}","templated":true}]}}