{"id":2846,"date":"2018-04-07T13:26:55","date_gmt":"2018-04-07T11:26:55","guid":{"rendered":"http:\/\/www.literaturtelefon-online.de\/?page_id=2846"},"modified":"2018-04-09T10:37:24","modified_gmt":"2018-04-09T08:37:24","slug":"junger-literaturpreis-2018-carmen-mahler","status":"publish","type":"page","link":"http:\/\/www.literaturtelefon-online.de\/?page_id=2846","title":{"rendered":"Junger Literaturpreis S.-H. 2018: Carmen Mahler"},"content":{"rendered":"<div style=\"text-align: justify;\">\n<p>Am Literaturtelefon unter der Rufnummer 0431\/901-8888 und auf www.literaturtelefon-online.de sind in den n\u00e4chsten Wochen die Preistr\u00e4ger des vom Freundeskreis des Literaturhauses Schleswig-Holstein e.V. ausgeschriebenen Jungen Literaturpreises S.-H. 2018 zu h\u00f6ren. Den Anfang macht Carmen Mahler, die mit ihrem Text <em>\u201eStilbl\u00fcten\u201c<\/em> den 1. Preis gewann. Die Aufnahme entstand im Rahmen der Lesung zur Preisverleihung im Literaturhaus S.-H. am 28.3.2018.<\/p>\n<p><!--[if lt IE 9]><script>document.createElement('audio');<\/script><![endif]-->\n<audio class=\"wp-audio-shortcode\" id=\"audio-2846-1\" preload=\"none\" style=\"width: 100%;\" controls=\"controls\"><source type=\"audio\/mpeg\" src=\"http:\/\/www.literaturtelefon-online.de\/wp-content\/uploads\/2018\/04\/carmen_mahler_stilblueten.mp3?_=1\" \/><a href=\"http:\/\/www.literaturtelefon-online.de\/wp-content\/uploads\/2018\/04\/carmen_mahler_stilblueten.mp3\">http:\/\/www.literaturtelefon-online.de\/wp-content\/uploads\/2018\/04\/carmen_mahler_stilblueten.mp3<\/a><\/audio><br \/>\n<\/p>\n<p><img loading=\"lazy\" decoding=\"async\" style=\"margin-left: 40px;\" src=\"http:\/\/www.literaturtelefon-online.de\/wp-content\/uploads\/2018\/04\/carmen_mahler.jpg\" alt=\"\" width=\"300\" height=\"369\" class=\"alignright size-full wp-image-2851\" srcset=\"http:\/\/www.literaturtelefon-online.de\/wp-content\/uploads\/2018\/04\/carmen_mahler.jpg 300w, http:\/\/www.literaturtelefon-online.de\/wp-content\/uploads\/2018\/04\/carmen_mahler-244x300.jpg 244w\" sizes=\"auto, (max-width: 300px) 100vw, 300px\" \/><\/p>\n<p>Die Jury lobte den Text wie folgt: \u201eDer Autorin gelingt es, in m\u00e4rchenhaften und leichtf\u00fc\u00dfig gesetzten Bildern vor uns hinzustellen, wie meditatives Nachdenken zu Ideen, Einf\u00e4llen und Neuanf\u00e4ngen f\u00fchren kann \u2013 nicht nur wegen einer \u00dcberschrift, die zum Thema hinf\u00fchrt und doch nichts vom Inhalt verr\u00e4t &#8230; Sie kleidet die Erkenntnisstufen von Imagination, Inspiration und Intuition in m\u00e4rchenhafte Bilder, die an die erste Stufe des achtfachen \u00dcbungswegs in der Zen-Lehre erinnern: Schau ein Ding so lange an, bis es sich selber ausspricht.\u201c<\/p>\n<p>Die Texte der Preistr\u00e4gerinnen sind nachzulesen unter: <a href=\"http:\/\/flsh-kiel.de\" target=\"_blank\" rel=\"noopener noreferrer\">www.flsh-kiel.de<\/a>. Ein Bericht von Sabine Tholund (\u201eKieler Nachrichten\u201c) \u00fcber die Preisverleihung findet sich <a href=\"http:\/\/flsh-kiel.de\/2018\/04\/03\/junger-literaturpreis-2018-vom-maerchen-bis-zur-horrorstory\/\" target=\"_blank\" rel=\"noopener noreferrer\">hier<\/a>.<\/p>\n<p>Foto: privat<\/p>\n<p>literaturtelefon-online.de | Telefon: 0431\/901-8888<\/p>\n<\/div>\n","protected":false},"excerpt":{"rendered":"<p>Am Literaturtelefon unter der Rufnummer 0431\/901-8888 und auf www.literaturtelefon-online.de sind in den n\u00e4chsten Wochen die Preistr\u00e4ger des vom Freundeskreis des Literaturhauses Schleswig-Holstein e.V. ausgeschriebenen Jungen Literaturpreises S.-H. 2018 zu h\u00f6ren. Den Anfang macht Carmen Mahler, die mit ihrem Text \u201eStilbl\u00fcten\u201c den 1. Preis gewann. Die Aufnahme entstand im Rahmen der Lesung zur Preisverleihung im Literaturhaus [&hellip;]<\/p>\n","protected":false},"author":6,"featured_media":0,"parent":2815,"menu_order":2,"comment_status":"closed","ping_status":"closed","template":"","meta":{"footnotes":""},"class_list":["post-2846","page","type-page","status-publish","hentry"],"_links":{"self":[{"href":"http:\/\/www.literaturtelefon-online.de\/index.php?rest_route=\/wp\/v2\/pages\/2846","targetHints":{"allow":["GET"]}}],"collection":[{"href":"http:\/\/www.literaturtelefon-online.de\/index.php?rest_route=\/wp\/v2\/pages"}],"about":[{"href":"http:\/\/www.literaturtelefon-online.de\/index.php?rest_route=\/wp\/v2\/types\/page"}],"author":[{"embeddable":true,"href":"http:\/\/www.literaturtelefon-online.de\/index.php?rest_route=\/wp\/v2\/users\/6"}],"replies":[{"embeddable":true,"href":"http:\/\/www.literaturtelefon-online.de\/index.php?rest_route=%2Fwp%2Fv2%2Fcomments&post=2846"}],"version-history":[{"count":6,"href":"http:\/\/www.literaturtelefon-online.de\/index.php?rest_route=\/wp\/v2\/pages\/2846\/revisions"}],"predecessor-version":[{"id":2861,"href":"http:\/\/www.literaturtelefon-online.de\/index.php?rest_route=\/wp\/v2\/pages\/2846\/revisions\/2861"}],"up":[{"embeddable":true,"href":"http:\/\/www.literaturtelefon-online.de\/index.php?rest_route=\/wp\/v2\/pages\/2815"}],"wp:attachment":[{"href":"http:\/\/www.literaturtelefon-online.de\/index.php?rest_route=%2Fwp%2Fv2%2Fmedia&parent=2846"}],"curies":[{"name":"wp","href":"https:\/\/api.w.org\/{rel}","templated":true}]}}