{"id":2817,"date":"2018-03-23T00:30:06","date_gmt":"2018-03-22T22:30:06","guid":{"rendered":"http:\/\/www.literaturtelefon-online.de\/?page_id=2817"},"modified":"2018-03-26T04:33:56","modified_gmt":"2018-03-26T02:33:56","slug":"michael-augustin-40-jahre-literaturtelefon-kiel","status":"publish","type":"page","link":"http:\/\/www.literaturtelefon-online.de\/?page_id=2817","title":{"rendered":"Michael Augustin \u2013 40 Jahre Literaturtelefon Kiel"},"content":{"rendered":"<div style=\"text-align: justify;\">\n<p>Am Literaturtelefon unter 0431\/901-8888 und www.literaturtelefon-online.de erz\u00e4hlt der Gr\u00fcnder des Literaturtelefons Kiel, Michael Augustin, \u00fcber den Beginn des Literaturtelefons Kiel, das dieser Tage seinen <a href=\"http:\/\/www.literaturtelefon-online.de\/?page_id=2794\">40. Geburtstag<\/a> feiert. Augustin war am 20.3.1978 der erste von inzwischen \u00fcber 1.500 AutorInnen, die am Literaturtelefon gelesen haben. Sein Gedicht, mit dem er das Literaturtelefon er\u00f6ffnete, konnte Augustin nicht mehr ermitteln, liest aber \u201eKiel-Gedichte\u201c vom Ende der 1970er Jahre \u2013 ferner aktuelle Gedichte u.a. aus seinem j\u00fcngsten Band <em>\u201eDenkmal f\u00fcr Baby Schiller\u201c<\/em>.<\/p>\n<p><!--[if lt IE 9]><script>document.createElement('audio');<\/script><![endif]-->\n<audio class=\"wp-audio-shortcode\" id=\"audio-2817-1\" preload=\"none\" style=\"width: 100%;\" controls=\"controls\"><source type=\"audio\/mpeg\" src=\"http:\/\/www.literaturtelefon-online.de\/wp-content\/uploads\/2018\/03\/michael_augustin_40_jahre_literaturtelefon.mp3?_=1\" \/><a href=\"http:\/\/www.literaturtelefon-online.de\/wp-content\/uploads\/2018\/03\/michael_augustin_40_jahre_literaturtelefon.mp3\">http:\/\/www.literaturtelefon-online.de\/wp-content\/uploads\/2018\/03\/michael_augustin_40_jahre_literaturtelefon.mp3<\/a><\/audio><br \/>\n<br \/>\nDer Hebbel-Preistr\u00e4ger Michael Augustin, Leiter des Internationalen Literaturfestivals <a href=\"http:\/\/www.poetry-on-the-road.com\/?lang=de\" target=\"_blank\" rel=\"noopener\">\u201ePoetry on the Road\u201c<\/a> in Bremen, pr\u00e4sentiert alle zwei Wochen bei Radio Bremen die legend\u00e4re Lyriksendung <em>\u201eFundsachen\u201c<\/em>. 1953 in L\u00fcbeck geboren, studierte er in Kiel und Dublin Anglistik und Volkskunde und gr\u00fcndete 1978 das erste Literaturtelefon Deutschlands in Kiel. Er ist somit der \u201eGodfather\u201c aller deutschsprachigen Literaturtelefone, von denen das in Kiel als eines der wenigen \u00fcbrig gebliebenen noch heute existiert. Er lebt und arbeitet in Bremen als freier Schriftsteller, \u00dcbersetzer und Rundfunkredakteur bei Radio Bremen (Feature\/Literatur).<\/p>\n<p><img loading=\"lazy\" decoding=\"async\" class=\"alignright size-full wp-image-2821\" style=\"margin-left: 40px;\" src=\"http:\/\/www.literaturtelefon-online.de\/wp-content\/uploads\/2018\/03\/michael_augustin.jpg\" alt=\"\" width=\"300\" height=\"337\" srcset=\"http:\/\/www.literaturtelefon-online.de\/wp-content\/uploads\/2018\/03\/michael_augustin.jpg 300w, http:\/\/www.literaturtelefon-online.de\/wp-content\/uploads\/2018\/03\/michael_augustin-267x300.jpg 267w\" sizes=\"auto, (max-width: 300px) 100vw, 300px\" \/><\/p>\n<p>Auszeichnungen\/Preise (Auswahl): Friedrich-Hebbel-Preis (1976). Kurt-Magnus-Preis der ARD (1982). Honorary Fellow Writing, Iowa\/USA (1984). Amsterdam-Stipendium der Stichting Culturele Uitwisseling (1986). Writer in Residence und Gastprofessor am Dickinson College, USA (2003\/2004). Writer in Residence, University of Bath\/England (2006) und im Heinrich B\u00f6ll-Cottage auf Achill Island in Irland (2009 und 2015)<\/p>\n<p>Zuletzt war Michael Augustin am Literaturtelefon <a href=\"http:\/\/www.literaturtelefon-online.de\/?page_id=1221\">im Mai 2014<\/a> mit Gedichten u.a. aus seiner 2007 in der Edition Temmen erschienenen Sammlung <em>\u201eNur die Urne schwimmt \u2013 Das Beste &amp; Neueste\u201c<\/em> zu h\u00f6ren.<\/p>\n<p><a href=\"https:\/\/de.wikipedia.org\/wiki\/Michael_Augustin_(Schriftsteller)\" target=\"_blank\" rel=\"noopener\">Wikipedia \u00fcber den Autor<\/a><\/p>\n<p>Foto: privat<\/p>\n<p>literaturtelefon-online.de | Telefon: 0431\/901-8888<\/p>\n<\/div>\n","protected":false},"excerpt":{"rendered":"<p>Am Literaturtelefon unter 0431\/901-8888 und www.literaturtelefon-online.de erz\u00e4hlt der Gr\u00fcnder des Literaturtelefons Kiel, Michael Augustin, \u00fcber den Beginn des Literaturtelefons Kiel, das dieser Tage seinen 40. Geburtstag feiert. Augustin war am 20.3.1978 der erste von inzwischen \u00fcber 1.500 AutorInnen, die am Literaturtelefon gelesen haben. Sein Gedicht, mit dem er das Literaturtelefon er\u00f6ffnete, konnte Augustin nicht mehr [&hellip;]<\/p>\n","protected":false},"author":6,"featured_media":0,"parent":2815,"menu_order":1,"comment_status":"closed","ping_status":"closed","template":"","meta":{"footnotes":""},"class_list":["post-2817","page","type-page","status-publish","hentry"],"_links":{"self":[{"href":"http:\/\/www.literaturtelefon-online.de\/index.php?rest_route=\/wp\/v2\/pages\/2817","targetHints":{"allow":["GET"]}}],"collection":[{"href":"http:\/\/www.literaturtelefon-online.de\/index.php?rest_route=\/wp\/v2\/pages"}],"about":[{"href":"http:\/\/www.literaturtelefon-online.de\/index.php?rest_route=\/wp\/v2\/types\/page"}],"author":[{"embeddable":true,"href":"http:\/\/www.literaturtelefon-online.de\/index.php?rest_route=\/wp\/v2\/users\/6"}],"replies":[{"embeddable":true,"href":"http:\/\/www.literaturtelefon-online.de\/index.php?rest_route=%2Fwp%2Fv2%2Fcomments&post=2817"}],"version-history":[{"count":9,"href":"http:\/\/www.literaturtelefon-online.de\/index.php?rest_route=\/wp\/v2\/pages\/2817\/revisions"}],"predecessor-version":[{"id":2839,"href":"http:\/\/www.literaturtelefon-online.de\/index.php?rest_route=\/wp\/v2\/pages\/2817\/revisions\/2839"}],"up":[{"embeddable":true,"href":"http:\/\/www.literaturtelefon-online.de\/index.php?rest_route=\/wp\/v2\/pages\/2815"}],"wp:attachment":[{"href":"http:\/\/www.literaturtelefon-online.de\/index.php?rest_route=%2Fwp%2Fv2%2Fmedia&parent=2817"}],"curies":[{"name":"wp","href":"https:\/\/api.w.org\/{rel}","templated":true}]}}