{"id":2779,"date":"2018-02-25T21:26:03","date_gmt":"2018-02-25T19:26:03","guid":{"rendered":"http:\/\/www.literaturtelefon-online.de\/?page_id=2779"},"modified":"2018-03-12T12:48:31","modified_gmt":"2018-03-12T10:48:31","slug":"nancy-huenger","status":"publish","type":"page","link":"http:\/\/www.literaturtelefon-online.de\/?page_id=2779","title":{"rendered":"Nancy H\u00fcnger"},"content":{"rendered":"<div style=\"text-align: justify;\">\n<p>Am Literaturtelefon unter 0431\/901-8888 und www.literaturtelefon-online.de liest Nancy H\u00fcnger aus ihrem in der Dredsdener Edition Azur erschienenen Lyrik-Band <em>\u201eEin wenig Musik zum Abschied w\u00e4re trotzdem nett\u201c<\/em>. Die Aufnahme entstand im Rahmen einer Lesung in der Reihe Leselounge im Literaturhaus Schleswig-Holstein am 7.2.2018.<\/p>\n<p><!--[if lt IE 9]><script>document.createElement('audio');<\/script><![endif]-->\n<audio class=\"wp-audio-shortcode\" id=\"audio-2779-1\" preload=\"none\" style=\"width: 100%;\" controls=\"controls\"><source type=\"audio\/mpeg\" src=\"http:\/\/www.literaturtelefon-online.de\/wp-content\/uploads\/2018\/02\/nancy_huenger_ein_wenig_musik_zum_abschied.mp3?_=1\" \/><a href=\"http:\/\/www.literaturtelefon-online.de\/wp-content\/uploads\/2018\/02\/nancy_huenger_ein_wenig_musik_zum_abschied.mp3\">http:\/\/www.literaturtelefon-online.de\/wp-content\/uploads\/2018\/02\/nancy_huenger_ein_wenig_musik_zum_abschied.mp3<\/a><\/audio><br \/>\n<br \/>\nDie Gedichte in Nancy H\u00fcngers j\u00fcngstem Gedichtband verbinden die K\u00fcsten Siziliens und Nordafrikas, loten den schmalen Grat zwischen Sexualit\u00e4t und Gewalt aus und imaginieren das eigene Verschwinden. Es sind wundersame und verwundete, traurige und mutige, verletzliche und lebensfrohe Zeugnisse der Einsamkeit und der Sehnsucht. In ihren Gedichten, die Titel wie <em>\u201eall die leeren Bedeutungen\u201c<\/em> oder <em>\u201eAus der Werkstatt betretenen Schweigens\u201c<\/em> tragen, diskutiert die Lyrikerin \u201emit Ernsthaftigkeit und Empathie die existenziellen Probleme des Menschen in ihrer schmerzlichen Unumst\u00f6\u00dflichkeit\u201c.<\/p>\n<p><img loading=\"lazy\" decoding=\"async\" style=\"margin-left: 40px;\" src=\"http:\/\/www.literaturtelefon-online.de\/wp-content\/uploads\/2018\/02\/nancy_hu\u0308nger.jpg\" alt=\"\" width=\"300\" height=\"431\" class=\"alignright size-full wp-image-2782\" srcset=\"http:\/\/www.literaturtelefon-online.de\/wp-content\/uploads\/2018\/02\/nancy_hu\u0308nger.jpg 300w, http:\/\/www.literaturtelefon-online.de\/wp-content\/uploads\/2018\/02\/nancy_hu\u0308nger-209x300.jpg 209w\" sizes=\"auto, (max-width: 300px) 100vw, 300px\" \/><\/p>\n<p>Nancy H\u00fcnger, geboren 1981, studierte Freie Kunst an der Bauhaus-Universit\u00e4t Weimar und verschrieb sich danach ganz der Literatur. Sie lebt als freie Autorin und Bibliomanin in Erfurt. Im Herbst 2008 erhielt sie ein Hermann-Lenz-Stipendium, 2012 das D\u00fcrener F\u00f6rderstipendium Lyrik. Im Jahre 2011 war sie Jenaer Stadtschreiberin, 2013 Stipdendiatin des K\u00fcnstlerhauses Edenkoben. Im Jahre 2014 erhielt Nancy H\u00fcnger den Caroline-Schlegel-F\u00f6rderpreis der Stadt Jena f\u00fcr einen Essay zur Erz\u00e4hlung <em>\u201eAlte Abdeckerei\u201c<\/em> von Wolfgang Hilbig, 2015 das Th\u00fcringer Literaturstipendium Harald Gerlach.<\/p>\n<p><a href=\"https:\/\/de.wikipedia.org\/wiki\/Nancy_H%C3%BCnger\" target=\"_blank\" rel=\"noopener\">Wikipedia \u00fcber die Autorin<\/a><\/p>\n<p>Verlag: <a href=\"https:\/\/www.edition-azur.de\/index.php?id=4&#038;no_cache=1&#038;tx_books_showbooks[books]=1&#038;tx_books_showbooks[action]=show&#038;tx_books_showbooks[controller]=Books\" target=\"_blank\" rel=\"noopener\">Edition Azur, Dresden<\/a><\/p>\n<p>Foto: Felix Wilhelm<\/p>\n<p>literaturtelefon-online.de | Telefon: 0431\/901-8888<\/p>\n<\/div>\n","protected":false},"excerpt":{"rendered":"<p>Am Literaturtelefon unter 0431\/901-8888 und www.literaturtelefon-online.de liest Nancy H\u00fcnger aus ihrem in der Dredsdener Edition Azur erschienenen Lyrik-Band \u201eEin wenig Musik zum Abschied w\u00e4re trotzdem nett\u201c. Die Aufnahme entstand im Rahmen einer Lesung in der Reihe Leselounge im Literaturhaus Schleswig-Holstein am 7.2.2018. Die Gedichte in Nancy H\u00fcngers j\u00fcngstem Gedichtband verbinden die K\u00fcsten Siziliens und Nordafrikas, [&hellip;]<\/p>\n","protected":false},"author":6,"featured_media":0,"parent":2768,"menu_order":2,"comment_status":"closed","ping_status":"closed","template":"","meta":{"footnotes":""},"class_list":["post-2779","page","type-page","status-publish","hentry"],"_links":{"self":[{"href":"http:\/\/www.literaturtelefon-online.de\/index.php?rest_route=\/wp\/v2\/pages\/2779","targetHints":{"allow":["GET"]}}],"collection":[{"href":"http:\/\/www.literaturtelefon-online.de\/index.php?rest_route=\/wp\/v2\/pages"}],"about":[{"href":"http:\/\/www.literaturtelefon-online.de\/index.php?rest_route=\/wp\/v2\/types\/page"}],"author":[{"embeddable":true,"href":"http:\/\/www.literaturtelefon-online.de\/index.php?rest_route=\/wp\/v2\/users\/6"}],"replies":[{"embeddable":true,"href":"http:\/\/www.literaturtelefon-online.de\/index.php?rest_route=%2Fwp%2Fv2%2Fcomments&post=2779"}],"version-history":[{"count":6,"href":"http:\/\/www.literaturtelefon-online.de\/index.php?rest_route=\/wp\/v2\/pages\/2779\/revisions"}],"predecessor-version":[{"id":2787,"href":"http:\/\/www.literaturtelefon-online.de\/index.php?rest_route=\/wp\/v2\/pages\/2779\/revisions\/2787"}],"up":[{"embeddable":true,"href":"http:\/\/www.literaturtelefon-online.de\/index.php?rest_route=\/wp\/v2\/pages\/2768"}],"wp:attachment":[{"href":"http:\/\/www.literaturtelefon-online.de\/index.php?rest_route=%2Fwp%2Fv2%2Fmedia&parent=2779"}],"curies":[{"name":"wp","href":"https:\/\/api.w.org\/{rel}","templated":true}]}}