{"id":2766,"date":"2018-02-25T19:40:26","date_gmt":"2018-02-25T17:40:26","guid":{"rendered":"http:\/\/www.literaturtelefon-online.de\/?page_id=2766"},"modified":"2018-02-25T21:43:26","modified_gmt":"2018-02-25T19:43:26","slug":"manja-praekels","status":"publish","type":"page","link":"http:\/\/www.literaturtelefon-online.de\/?page_id=2766","title":{"rendered":"Manja Pr\u00e4kels"},"content":{"rendered":"<div style=\"text-align: justify;\">\n<p>Am Literaturtelefon unter 0431\/901-8888 und www.literaturtelefon-online.de liest Manja Pr\u00e4kels aus ihrem im Verbrecher Verlag, Berlin erschienenen Roman <em>\u201eAls ich mit Hitler Schnapskirschen a\u00df\u201c<\/em>. Die Aufnahme entstand im Rahmen einer Lesung in der Reihe Leselounge im Literaturhaus Schleswig-Holstein am 7.2.2018.<\/p>\n<p><!--[if lt IE 9]><script>document.createElement('audio');<\/script><![endif]-->\n<audio class=\"wp-audio-shortcode\" id=\"audio-2766-1\" preload=\"none\" style=\"width: 100%;\" controls=\"controls\"><source type=\"audio\/mpeg\" src=\"http:\/\/www.literaturtelefon-online.de\/wp-content\/uploads\/2018\/02\/manja_praekels_als_ich_mit_hitler_schnapskirschen_ass.mp3?_=1\" \/><a href=\"http:\/\/www.literaturtelefon-online.de\/wp-content\/uploads\/2018\/02\/manja_praekels_als_ich_mit_hitler_schnapskirschen_ass.mp3\">http:\/\/www.literaturtelefon-online.de\/wp-content\/uploads\/2018\/02\/manja_praekels_als_ich_mit_hitler_schnapskirschen_ass.mp3<\/a><\/audio><br \/>\n<br \/>\nManja Pr\u00e4kels erz\u00e4hlt in <em>\u201eAls ich mit Hitler Schnapskirschen a\u00df\u201c<\/em> eine detailreiche, lakonische und d\u00fcstere Geschichte um die Jugend in der ostdeutschen Provinz. Mimi und Oliver sind Freunde seit der Kindheit. Der Fall der Mauer bedeutet f\u00fcr ihre Freundschaft einen tiefen Einschnitt. Oliver wird unter dem Kampfnamen \u201eHitler\u201c zum Anf\u00fchrer einer rechten Schl\u00e4gertruppe. Mimi lernt, davonzulaufen. Die in Zehdenick geborene Autorin schafft so einen eindrucksvollen und authentischen Einblick in eine unaufgearbeitete Auseinandersetzung von rechter Radikalisierung, der zugleich auch als Warnung zu verstehen ist. Sie kn\u00fcpft thematisch an die B\u00fccher <em>\u201eVorsicht Volk! Oder: Bewegungen im Wahn\u201c<\/em> sowie <em>\u201eKaltland \u2013 Eine Sammlung\u201c<\/em>, deren Mitherausgeberin sie ist, an.<\/p>\n<p><img loading=\"lazy\" decoding=\"async\" style=\"margin-left: 40px;\" src=\"http:\/\/www.literaturtelefon-online.de\/wp-content\/uploads\/2018\/02\/manja_praekels.jpg\" alt=\"\" width=\"300\" height=\"397\" class=\"alignright size-full wp-image-2771\" srcset=\"http:\/\/www.literaturtelefon-online.de\/wp-content\/uploads\/2018\/02\/manja_praekels.jpg 300w, http:\/\/www.literaturtelefon-online.de\/wp-content\/uploads\/2018\/02\/manja_praekels-227x300.jpg 227w\" sizes=\"auto, (max-width: 300px) 100vw, 300px\" \/><\/p>\n<p>Manja Pr\u00e4kels, 1974 in Zehdenick\/Mark geboren, ist S\u00e4ngerin der hochgelobten Band <a href=\"http:\/\/www.dersingendetresen.de\/\" rel=\"noopener\" target=\"_blank\">\u201eDer singende Tresen\u201c<\/a> und Autorin des Lyrikbandes \u201eTresenlieder\u201c. Sie ist Mitherausgeberin der erz\u00e4hlerischen Anthologie <em>\u201eKaltland \u2013 Eine Sammlung\u201c<\/em>, eines Klassikers der Nachwende-Literatur. F\u00fcr den Verbrecher Verlag stellte sie mit Markus Liske das Erich-M\u00fchsam-Lesebuch <em>\u201eDas seid ihr Hunde wert!\u201c<\/em> (2014) sowie den Band <em>\u201eVorsicht Volk! Oder: Bewegungen im Wahn?\u201c<\/em> (2015) zusammen. Pr\u00e4kels erhielt f\u00fcr ihr Werk zahlreiche Auszeichnungen, unter anderem das Alfred-D\u00f6blin-Stipendium der Akademie der K\u00fcnste (2005) und das Aufenthaltsstipendium im Writers House Ventspils, Lettland (2012\/13).<\/p>\n<p>Website der Autorin: <a href=\"http:\/\/xn--manjaprkels-r8a.de\/\" rel=\"noopener\" target=\"_blank\">manjapr\u00e4kels.de<\/a><\/p>\n<p><a href=\"https:\/\/de.wikipedia.org\/wiki\/Manja_Pr%C3%A4kels\" target=\"_blank\" rel=\"noopener\">Wikipedia \u00fcber die Autorin<\/a><\/p>\n<p>Verlag: <a href=\"http:\/\/www.verbrecherverlag.de\/book\/detail\/908\" target=\"_blank\" rel=\"noopener\">Verbrecher Verlag, Berlin<\/a><\/p>\n<p>Foto: Nane Diehl<\/p>\n<p>literaturtelefon-online.de | Telefon: 0431\/901-8888<\/p>\n<\/div>\n","protected":false},"excerpt":{"rendered":"<p>Am Literaturtelefon unter 0431\/901-8888 und www.literaturtelefon-online.de liest Manja Pr\u00e4kels aus ihrem im Verbrecher Verlag, Berlin erschienenen Roman \u201eAls ich mit Hitler Schnapskirschen a\u00df\u201c. Die Aufnahme entstand im Rahmen einer Lesung in der Reihe Leselounge im Literaturhaus Schleswig-Holstein am 7.2.2018. Manja Pr\u00e4kels erz\u00e4hlt in \u201eAls ich mit Hitler Schnapskirschen a\u00df\u201c eine detailreiche, lakonische und d\u00fcstere Geschichte [&hellip;]<\/p>\n","protected":false},"author":6,"featured_media":0,"parent":2768,"menu_order":1,"comment_status":"closed","ping_status":"closed","template":"","meta":{"footnotes":""},"class_list":["post-2766","page","type-page","status-publish","hentry"],"_links":{"self":[{"href":"http:\/\/www.literaturtelefon-online.de\/index.php?rest_route=\/wp\/v2\/pages\/2766","targetHints":{"allow":["GET"]}}],"collection":[{"href":"http:\/\/www.literaturtelefon-online.de\/index.php?rest_route=\/wp\/v2\/pages"}],"about":[{"href":"http:\/\/www.literaturtelefon-online.de\/index.php?rest_route=\/wp\/v2\/types\/page"}],"author":[{"embeddable":true,"href":"http:\/\/www.literaturtelefon-online.de\/index.php?rest_route=\/wp\/v2\/users\/6"}],"replies":[{"embeddable":true,"href":"http:\/\/www.literaturtelefon-online.de\/index.php?rest_route=%2Fwp%2Fv2%2Fcomments&post=2766"}],"version-history":[{"count":6,"href":"http:\/\/www.literaturtelefon-online.de\/index.php?rest_route=\/wp\/v2\/pages\/2766\/revisions"}],"predecessor-version":[{"id":2778,"href":"http:\/\/www.literaturtelefon-online.de\/index.php?rest_route=\/wp\/v2\/pages\/2766\/revisions\/2778"}],"up":[{"embeddable":true,"href":"http:\/\/www.literaturtelefon-online.de\/index.php?rest_route=\/wp\/v2\/pages\/2768"}],"wp:attachment":[{"href":"http:\/\/www.literaturtelefon-online.de\/index.php?rest_route=%2Fwp%2Fv2%2Fmedia&parent=2766"}],"curies":[{"name":"wp","href":"https:\/\/api.w.org\/{rel}","templated":true}]}}