{"id":2748,"date":"2018-02-01T14:27:44","date_gmt":"2018-02-01T12:27:44","guid":{"rendered":"http:\/\/www.literaturtelefon-online.de\/?page_id=2748"},"modified":"2018-02-13T11:57:49","modified_gmt":"2018-02-13T09:57:49","slug":"sandra-hoffmann","status":"publish","type":"page","link":"http:\/\/www.literaturtelefon-online.de\/?page_id=2748","title":{"rendered":"Sandra Hoffmann"},"content":{"rendered":"<div style=\"text-align: justify;\">\n<p>Am Literaturtelefon unter 0431\/901-8888 und www.literaturtelefon-online.de liest Sandra Hoffmann aus ihrem bei Hanser, Berlin erschienenen Roman <em>\u201ePaula\u201c<\/em>. Die Aufnahme entstand im Rahmen einer Lesung im Literaturhaus Schleswig-Holstein am 23.1.2018.<\/p>\n<p><!--[if lt IE 9]><script>document.createElement('audio');<\/script><![endif]-->\n<audio class=\"wp-audio-shortcode\" id=\"audio-2748-1\" preload=\"none\" style=\"width: 100%;\" controls=\"controls\"><source type=\"audio\/mpeg\" src=\"http:\/\/www.literaturtelefon-online.de\/wp-content\/uploads\/2018\/02\/sandra_hoffmann_paula.mp3?_=1\" \/><a href=\"http:\/\/www.literaturtelefon-online.de\/wp-content\/uploads\/2018\/02\/sandra_hoffmann_paula.mp3\">http:\/\/www.literaturtelefon-online.de\/wp-content\/uploads\/2018\/02\/sandra_hoffmann_paula.mp3<\/a><\/audio><br \/>\n<br \/>\nSandra Hoffmann legt mit ihrem f\u00fcnften Roman \u201ePaula\u201c ein Memoir vor, das sich liest wie ein Familienroman. In eindringlicher Sprache erz\u00e4hlt sie eine Geschichte, die das Ausschweigen der Lebenserz\u00e4hlungen dreier Frauengenerationen ihrer eigenen Familie thematisiert. Wer war die Gro\u00dfmutter Paula, wie war ihr Leben und wer war Gro\u00dfvater, der Mann, der die Mutter zeugte? Was bedeutet das Beschweigen dieser Fragen f\u00fcr die Positionierung der Autorin, die auf Spurensuche nach der eigenen Identit\u00e4t geht und dabei geschickt Realit\u00e4t und Fiktion vermischt.<\/p>\n<p><img loading=\"lazy\" decoding=\"async\" style=\"margin-left: 40px;\" src=\"http:\/\/www.literaturtelefon-online.de\/wp-content\/uploads\/2018\/02\/sandra_hoffmann.jpg\" alt=\"\" width=\"300\" height=\"450\" class=\"alignright size-full wp-image-2753\" srcset=\"http:\/\/www.literaturtelefon-online.de\/wp-content\/uploads\/2018\/02\/sandra_hoffmann.jpg 300w, http:\/\/www.literaturtelefon-online.de\/wp-content\/uploads\/2018\/02\/sandra_hoffmann-200x300.jpg 200w\" sizes=\"auto, (max-width: 300px) 100vw, 300px\" \/><\/p>\n<p>F\u00fcr \u201ePaula\u201c wird Sandra Hoffmann am 20. M\u00e4rz mit dem Hans-Fallada-Preis 2018 der Stadt Neum\u00fcnster ausgezeichnet. In schmerzhafter Intensit\u00e4t liefere das Buch ein ber\u00fchrendes St\u00fcck Zeitgeschichte, so die Jury-Begr\u00fcndung.<\/p>\n<p>Sandra Hoffmann, 1967 geboren, Literatur-wissenschaftlerin und mehrfach ausgezeichnete Autorin, lebt als freie Schriftstellerin in M\u00fcnchen. Sie arbeitet f\u00fcr das Literaturhaus, unterrichtet kreatives Schreiben und schreibt f\u00fcr das Radio. F\u00fcr ihren letzten Roman <em>\u201eWas ihm fehlen wird, wenn er tot ist\u201c<\/em> (2012) erhielt sie den Thadd\u00e4us-Troll-Preis.<\/p>\n<p><a href=\"https:\/\/de.wikipedia.org\/wiki\/Sandra_Hoffmann_(Schriftstellerin)\" target=\"_blank\" rel=\"noopener\">Wikipedia \u00fcber die Autorin<\/a><\/p>\n<p>Verlag: <a href=\"https:\/\/www.hanser-literaturverlage.de\/buch\/paula\/978-3-446-25682-8\/\" target=\"_blank\" rel=\"noopener\">Hanser, Berlin<\/a><\/p>\n<p>Foto: Martin Fengel<\/p>\n<p>literaturtelefon-online.de | Telefon: 0431\/901-8888<\/p>\n<\/div>\n","protected":false},"excerpt":{"rendered":"<p>Am Literaturtelefon unter 0431\/901-8888 und www.literaturtelefon-online.de liest Sandra Hoffmann aus ihrem bei Hanser, Berlin erschienenen Roman \u201ePaula\u201c. Die Aufnahme entstand im Rahmen einer Lesung im Literaturhaus Schleswig-Holstein am 23.1.2018. Sandra Hoffmann legt mit ihrem f\u00fcnften Roman \u201ePaula\u201c ein Memoir vor, das sich liest wie ein Familienroman. In eindringlicher Sprache erz\u00e4hlt sie eine Geschichte, die das [&hellip;]<\/p>\n","protected":false},"author":6,"featured_media":0,"parent":2744,"menu_order":2,"comment_status":"closed","ping_status":"closed","template":"","meta":{"footnotes":""},"class_list":["post-2748","page","type-page","status-publish","hentry"],"_links":{"self":[{"href":"http:\/\/www.literaturtelefon-online.de\/index.php?rest_route=\/wp\/v2\/pages\/2748","targetHints":{"allow":["GET"]}}],"collection":[{"href":"http:\/\/www.literaturtelefon-online.de\/index.php?rest_route=\/wp\/v2\/pages"}],"about":[{"href":"http:\/\/www.literaturtelefon-online.de\/index.php?rest_route=\/wp\/v2\/types\/page"}],"author":[{"embeddable":true,"href":"http:\/\/www.literaturtelefon-online.de\/index.php?rest_route=\/wp\/v2\/users\/6"}],"replies":[{"embeddable":true,"href":"http:\/\/www.literaturtelefon-online.de\/index.php?rest_route=%2Fwp%2Fv2%2Fcomments&post=2748"}],"version-history":[{"count":10,"href":"http:\/\/www.literaturtelefon-online.de\/index.php?rest_route=\/wp\/v2\/pages\/2748\/revisions"}],"predecessor-version":[{"id":2760,"href":"http:\/\/www.literaturtelefon-online.de\/index.php?rest_route=\/wp\/v2\/pages\/2748\/revisions\/2760"}],"up":[{"embeddable":true,"href":"http:\/\/www.literaturtelefon-online.de\/index.php?rest_route=\/wp\/v2\/pages\/2744"}],"wp:attachment":[{"href":"http:\/\/www.literaturtelefon-online.de\/index.php?rest_route=%2Fwp%2Fv2%2Fmedia&parent=2748"}],"curies":[{"name":"wp","href":"https:\/\/api.w.org\/{rel}","templated":true}]}}