{"id":2711,"date":"2017-12-07T03:40:25","date_gmt":"2017-12-07T01:40:25","guid":{"rendered":"http:\/\/www.literaturtelefon-online.de\/?page_id=2711"},"modified":"2018-01-08T18:46:39","modified_gmt":"2018-01-08T16:46:39","slug":"doris-anselm","status":"publish","type":"page","link":"http:\/\/www.literaturtelefon-online.de\/?page_id=2711","title":{"rendered":"Doris Anselm"},"content":{"rendered":"<div style=\"text-align: justify;\">\n<p>Am Literaturtelefon unter 0431\/901-8888 und www.literaturtelefon-online.de liest Doris Anselm aus ihrem im Luchterhand Literaturverlag erschienenen Erz\u00e4hlungsband <em>\u201eund in dem Moment holt meine Liebe zum Gegenschlag aus\u201c<\/em>. Die Aufnahme entstand im Rahmen einer Lesung im Literaturhaus Schleswig-Holstein in der Reihe \u201eJunges Literaturhaus\u201c am 6.12.2017.<\/p>\n<!--[if lt IE 9]><script>document.createElement('audio');<\/script><![endif]-->\n<audio class=\"wp-audio-shortcode\" id=\"audio-2711-1\" preload=\"none\" style=\"width: 100%;\" controls=\"controls\"><source type=\"audio\/mpeg\" src=\"http:\/\/www.literaturtelefon-online.de\/wp-content\/uploads\/2017\/12\/doris_anselm_und_in_dem_moment.mp3?_=1\" \/><a href=\"http:\/\/www.literaturtelefon-online.de\/wp-content\/uploads\/2017\/12\/doris_anselm_und_in_dem_moment.mp3\">http:\/\/www.literaturtelefon-online.de\/wp-content\/uploads\/2017\/12\/doris_anselm_und_in_dem_moment.mp3<\/a><\/audio>\n<p><img loading=\"lazy\" decoding=\"async\" style=\"margin-left: 40px;\" src=\"http:\/\/www.literaturtelefon-online.de\/wp-content\/uploads\/2017\/12\/doris_anselm_c_Heike-Bogenberger.jpg\" alt=\"\" width=\"300\" height=\"320\" class=\"alignright size-full wp-image-2714\" srcset=\"http:\/\/www.literaturtelefon-online.de\/wp-content\/uploads\/2017\/12\/doris_anselm_c_Heike-Bogenberger.jpg 300w, http:\/\/www.literaturtelefon-online.de\/wp-content\/uploads\/2017\/12\/doris_anselm_c_Heike-Bogenberger-281x300.jpg 281w\" sizes=\"auto, (max-width: 300px) 100vw, 300px\" \/><\/p>\n<p>In <em>\u201eund in dem Moment holt meine Liebe zum Gegenschlag aus\u201c<\/em> begegnen dem Leser Protagonisten, die an Wendepunkten ihres Lebens stehen: Karrieremenschen und Loser, Charismatiker und Verrannte. Da kauft ein Mann Ersatztr\u00e4nen in der Apotheke und sieht die morgendliche S-Bahn-Fahrt mit anderen Augen. Da findet jemand ein Schmuckst\u00fcck voller Kindheit und begreift, dass Tr\u00e4ume ansteckend sind. Hier \u00e4ndert sich das Leben genauso unerwartet wie leise, immer mit hellsichtigen Beobachtungen, sprachlicher Reife und Vielschichtigkeit.<\/p>\n<p>Doris Anselm, 1981 in Buxtehude\/Niedersachsen geboren, hat Kulturwissenschaften in Hildesheim studiert, anschlie\u00dfend volontiert und lebt heute als Radioreporterin in Berlin. 2014 war sie Hauptpreistr\u00e4gerin des Berliner <a href=\"http:\/\/www.openmikederblog.de\/2017\/03\/15\/erste-buecher-prosa-und-lyrikdebuets-fruehling-doris-anselm\/\" rel=\"noopener\" target=\"_blank\">Open-Mike-Wettbewerbs<\/a>.<\/p>\n<p>Besprechung auf <a href=\"https:\/\/www.fixpoetry.com\/feuilleton\/kritiken\/doris-anselm\/und-in-dem-moment-holt-meine-liebe-zum-gegenschlag-aus\" rel=\"noopener\" target=\"_blank\">fixpoetry.com<\/a><\/p>\n<p>Verlag: <a href=\"https:\/\/www.randomhouse.de\/Autor\/Doris-Anselm\/p600666.rhd\" rel=\"noopener\" target=\"_blank\">Luchterhand Literaturverlag<\/a><\/p>\n<p>Foto: Heike Bogenberger<\/p>\n<p>literaturtelefon-online.de | Telefon: 0431\/901-8888<\/p>\n<\/div>\n","protected":false},"excerpt":{"rendered":"<p>Am Literaturtelefon unter 0431\/901-8888 und www.literaturtelefon-online.de liest Doris Anselm aus ihrem im Luchterhand Literaturverlag erschienenen Erz\u00e4hlungsband \u201eund in dem Moment holt meine Liebe zum Gegenschlag aus\u201c. Die Aufnahme entstand im Rahmen einer Lesung im Literaturhaus Schleswig-Holstein in der Reihe \u201eJunges Literaturhaus\u201c am 6.12.2017. In \u201eund in dem Moment holt meine Liebe zum Gegenschlag aus\u201c begegnen [&hellip;]<\/p>\n","protected":false},"author":6,"featured_media":0,"parent":2614,"menu_order":2,"comment_status":"closed","ping_status":"closed","template":"","meta":{"footnotes":""},"class_list":["post-2711","page","type-page","status-publish","hentry"],"_links":{"self":[{"href":"http:\/\/www.literaturtelefon-online.de\/index.php?rest_route=\/wp\/v2\/pages\/2711","targetHints":{"allow":["GET"]}}],"collection":[{"href":"http:\/\/www.literaturtelefon-online.de\/index.php?rest_route=\/wp\/v2\/pages"}],"about":[{"href":"http:\/\/www.literaturtelefon-online.de\/index.php?rest_route=\/wp\/v2\/types\/page"}],"author":[{"embeddable":true,"href":"http:\/\/www.literaturtelefon-online.de\/index.php?rest_route=\/wp\/v2\/users\/6"}],"replies":[{"embeddable":true,"href":"http:\/\/www.literaturtelefon-online.de\/index.php?rest_route=%2Fwp%2Fv2%2Fcomments&post=2711"}],"version-history":[{"count":7,"href":"http:\/\/www.literaturtelefon-online.de\/index.php?rest_route=\/wp\/v2\/pages\/2711\/revisions"}],"predecessor-version":[{"id":2720,"href":"http:\/\/www.literaturtelefon-online.de\/index.php?rest_route=\/wp\/v2\/pages\/2711\/revisions\/2720"}],"up":[{"embeddable":true,"href":"http:\/\/www.literaturtelefon-online.de\/index.php?rest_route=\/wp\/v2\/pages\/2614"}],"wp:attachment":[{"href":"http:\/\/www.literaturtelefon-online.de\/index.php?rest_route=%2Fwp%2Fv2%2Fmedia&parent=2711"}],"curies":[{"name":"wp","href":"https:\/\/api.w.org\/{rel}","templated":true}]}}