{"id":2700,"date":"2017-12-07T03:23:51","date_gmt":"2017-12-07T01:23:51","guid":{"rendered":"http:\/\/www.literaturtelefon-online.de\/?page_id=2700"},"modified":"2017-12-26T22:03:04","modified_gmt":"2017-12-26T20:03:04","slug":"hendrik-otremba","status":"publish","type":"page","link":"http:\/\/www.literaturtelefon-online.de\/?page_id=2700","title":{"rendered":"Hendrik Otremba"},"content":{"rendered":"<div style=\"text-align: justify;\">\n<p>Am Literaturtelefon unter 0431\/901-8888 und www.literaturtelefon-online.de liest Hendrik Otremba aus seinem im Verbrecher Verlag erschienenen Romandeb\u00fct <em>\u201e\u00dcber uns der Schaum\u201c<\/em>. Die Aufnahme entstand im Rahmen einer Lesung im Literaturhaus Schleswig-Holstein in der Reihe \u201eJunges Literaturhaus\u201c am 6.12.2017.<\/p>\n<!--[if lt IE 9]><script>document.createElement('audio');<\/script><![endif]-->\n<audio class=\"wp-audio-shortcode\" id=\"audio-2700-1\" preload=\"none\" style=\"width: 100%;\" controls=\"controls\"><source type=\"audio\/mpeg\" src=\"http:\/\/www.literaturtelefon-online.de\/wp-content\/uploads\/2017\/12\/hendrik_otremba_ueber_uns_der_schaum.mp3?_=1\" \/><a href=\"http:\/\/www.literaturtelefon-online.de\/wp-content\/uploads\/2017\/12\/hendrik_otremba_ueber_uns_der_schaum.mp3\">http:\/\/www.literaturtelefon-online.de\/wp-content\/uploads\/2017\/12\/hendrik_otremba_ueber_uns_der_schaum.mp3<\/a><\/audio>\n<p><img loading=\"lazy\" decoding=\"async\" style=\"margin-left: 40px;\" src=\"http:\/\/www.literaturtelefon-online.de\/wp-content\/uploads\/2017\/12\/Hendrik_Otremba_c_privat.jpg\" alt=\"\" width=\"300\" height=\"434\" class=\"alignright size-full wp-image-2703\" srcset=\"http:\/\/www.literaturtelefon-online.de\/wp-content\/uploads\/2017\/12\/Hendrik_Otremba_c_privat.jpg 300w, http:\/\/www.literaturtelefon-online.de\/wp-content\/uploads\/2017\/12\/Hendrik_Otremba_c_privat-207x300.jpg 207w\" sizes=\"auto, (max-width: 300px) 100vw, 300px\" \/><\/p>\n<p>In dem halb Krimi und der halb surrealen Dystopie <em>\u201e\u00dcber uns der Schaum\u201c<\/em> erz\u00e4hlt Hendrik Otremba feinf\u00fchlig und rauschhaft die Geschichte zweier verlorener Menschen, des drogenabh\u00e4ngigen Detektivs Joseph Weynberg und der Femme Fatale Maude Anandin. Beide k\u00e4mpfen ums \u00dcberleben, begleitet vom st\u00e4ndigen Gef\u00fchl der Angst und Orientierungslosigkeit, denn die Erde ist verw\u00fcstet, der Regen giftig und die Gesellschaft verroht. Schon bald entwickelt Weynberg eine Obsession f\u00fcr Maude. Bei genauerem Blick wird klar: diese Welt ist unserer Gegenwart gef\u00e4hrlich nah.<\/p>\n<p>Hendrik Otremba wurde 1984 im Ruhrgebiet geboren und lebt heute in Berlin. Er ist Autor, bildender K\u00fcnstler und S\u00e4nger der Band <a href=\"https:\/\/de.wikipedia.org\/wiki\/Messer_(Band)\" rel=\"noopener\" target=\"_blank\">Messer<\/a>. Au\u00dferdem arbeitet er als Dozent und Kurator. Als freier Journalist schreibt er f\u00fcr \u201eSpex\u201c und andere Medien \u00fcber Musik. Seine Malereien werden als Plattencover und in verschiedenen Magazinen ver\u00f6ffentlicht und ausgestellt. Mit Messer hat er bisher drei vielbeachtete Alben herausgebracht, zuletzt 2016 <em>\u201eJalousie\u201c<\/em>.<\/p>\n<p>Autor: <a href=\"http:\/\/www.hendrikotremba.de\" rel=\"noopener\" target=\"_blank\">www.hendrikotremba.de<\/a><\/p>\n<p>Verlag: <a href=\"http:\/\/www.verbrecherverlag.de\/book\/detail\/887\" rel=\"noopener\" target=\"_blank\">Verbrecher Verlag<\/a><\/p>\n<p>Foto: privat<\/p>\n<p>literaturtelefon-online.de | Telefon: 0431\/901-8888<\/p>\n<\/div>\n","protected":false},"excerpt":{"rendered":"<p>Am Literaturtelefon unter 0431\/901-8888 und www.literaturtelefon-online.de liest Hendrik Otremba aus seinem im Verbrecher Verlag erschienenen Romandeb\u00fct \u201e\u00dcber uns der Schaum\u201c. Die Aufnahme entstand im Rahmen einer Lesung im Literaturhaus Schleswig-Holstein in der Reihe \u201eJunges Literaturhaus\u201c am 6.12.2017. In dem halb Krimi und der halb surrealen Dystopie \u201e\u00dcber uns der Schaum\u201c erz\u00e4hlt Hendrik Otremba feinf\u00fchlig und [&hellip;]<\/p>\n","protected":false},"author":6,"featured_media":0,"parent":2614,"menu_order":1,"comment_status":"closed","ping_status":"closed","template":"","meta":{"footnotes":""},"class_list":["post-2700","page","type-page","status-publish","hentry"],"_links":{"self":[{"href":"http:\/\/www.literaturtelefon-online.de\/index.php?rest_route=\/wp\/v2\/pages\/2700","targetHints":{"allow":["GET"]}}],"collection":[{"href":"http:\/\/www.literaturtelefon-online.de\/index.php?rest_route=\/wp\/v2\/pages"}],"about":[{"href":"http:\/\/www.literaturtelefon-online.de\/index.php?rest_route=\/wp\/v2\/types\/page"}],"author":[{"embeddable":true,"href":"http:\/\/www.literaturtelefon-online.de\/index.php?rest_route=\/wp\/v2\/users\/6"}],"replies":[{"embeddable":true,"href":"http:\/\/www.literaturtelefon-online.de\/index.php?rest_route=%2Fwp%2Fv2%2Fcomments&post=2700"}],"version-history":[{"count":8,"href":"http:\/\/www.literaturtelefon-online.de\/index.php?rest_route=\/wp\/v2\/pages\/2700\/revisions"}],"predecessor-version":[{"id":2710,"href":"http:\/\/www.literaturtelefon-online.de\/index.php?rest_route=\/wp\/v2\/pages\/2700\/revisions\/2710"}],"up":[{"embeddable":true,"href":"http:\/\/www.literaturtelefon-online.de\/index.php?rest_route=\/wp\/v2\/pages\/2614"}],"wp:attachment":[{"href":"http:\/\/www.literaturtelefon-online.de\/index.php?rest_route=%2Fwp%2Fv2%2Fmedia&parent=2700"}],"curies":[{"name":"wp","href":"https:\/\/api.w.org\/{rel}","templated":true}]}}