{"id":2599,"date":"2017-11-24T23:18:15","date_gmt":"2017-11-24T21:18:15","guid":{"rendered":"http:\/\/www.literaturtelefon-online.de\/?page_id=2599"},"modified":"2017-12-11T03:34:01","modified_gmt":"2017-12-11T01:34:01","slug":"mirko-bonne","status":"publish","type":"page","link":"http:\/\/www.literaturtelefon-online.de\/?page_id=2599","title":{"rendered":"Mirko Bonn\u00e9"},"content":{"rendered":"<div style=\"text-align: justify;\">\nAm Literaturtelefon unter 0431\/901-8888 und www.literaturtelefon-online.de liest Mirko Bonn\u00e9 aus seinem im Verlag Sch\u00f6ffling &#038; Co. erschienenen Roman <em>\u201eLichter als der Tag\u201c<\/em>. Die Aufnahme entstand im Rahmen einer Lesung im Literaturhaus Schleswig-Holstein am 30.11.2017.<\/p>\n<p><!--[if lt IE 9]><script>document.createElement('audio');<\/script><![endif]-->\n<audio class=\"wp-audio-shortcode\" id=\"audio-2599-1\" preload=\"none\" style=\"width: 100%;\" controls=\"controls\"><source type=\"audio\/mpeg\" src=\"http:\/\/www.literaturtelefon-online.de\/wp-content\/uploads\/2017\/12\/mirko_bonne_lichter_als_der_tag.mp3?_=1\" \/><a href=\"http:\/\/www.literaturtelefon-online.de\/wp-content\/uploads\/2017\/12\/mirko_bonne_lichter_als_der_tag.mp3\">http:\/\/www.literaturtelefon-online.de\/wp-content\/uploads\/2017\/12\/mirko_bonne_lichter_als_der_tag.mp3<\/a><\/audio><br \/>\n<br \/>\nMirko Bonn\u00e9 hat im Literaturhaus (und auch am Literaturtelefon) bereits seine letzten beiden Romane <em>\u201eWie wir verschwinden\u201c<\/em> (2009, <a href=\"http:\/\/www.literaturtelefon-online.de\/beitrag-bonne\/beitrag-bonne.php\">am Literaturtelefon im M\u00e4rz 2010<\/a>) und <em>\u201eNie mehr Nacht\u201c<\/em> (2013, Shortlist des Deutschen Buchpreises 2013, <a href=\"http:\/\/www.literaturtelefon-online.de\/?page_id=1144\">am Literaturtelefon im Februar 2014<\/a>) vorgestellt. Mit <em>\u201eLichter als der Tag\u201c<\/em> (Longlist des Deutschen Buchpreises 2017) vollendet sich nun sein Roman-Triptychon. Erz\u00e4hlt wird von vier Freunden, aus denen zwei Ehen hervorgehen. Unerf\u00fcllte Liebesw\u00fcnsche begleiten ihre getrennten Leben. Eine schwierige Frage l\u00e4sst sie nicht mehr los: Was w\u00e4re, wenn &#8230;? Als Raimunds Jugendliebe in sein Leben zur\u00fcckkehrt, sieht der nun 50-J\u00e4hrige eine zweite Chance. Mirko Bonn\u00e9 \u00fcbertr\u00e4gt in <em>\u201eLichter als der Tag\u201c<\/em> (Longlist des Deutschen Buchpreises 2017) das <a href=\"https:\/\/de.wikipedia.org\/wiki\/Die_Wahlverwandtschaften\" rel=\"noopener\" target=\"_blank\">Wahlverwandtschaften<\/a>-Thema in die heutige Zeit, ein gro\u00dfer Liebesroman mit zahlreichen lyrischen Momenten.<\/p>\n<p><img loading=\"lazy\" decoding=\"async\" style=\"margin-left: 40px;\" src=\"http:\/\/www.literaturtelefon-online.de\/wp-content\/uploads\/2017\/11\/mirko_bonne.jpg\" alt=\"\" width=\"300\" height=\"306\" class=\"alignright size-full wp-image-2602\" srcset=\"http:\/\/www.literaturtelefon-online.de\/wp-content\/uploads\/2017\/11\/mirko_bonne.jpg 300w, http:\/\/www.literaturtelefon-online.de\/wp-content\/uploads\/2017\/11\/mirko_bonne-294x300.jpg 294w\" sizes=\"auto, (max-width: 300px) 100vw, 300px\" \/><\/p>\n<p>Mirko Bonn\u00e9 (geb. 1965 in Tegernsee) lebt in Hamburg. Neben \u00dcbersetzungen von u.a. Sherwood Anderson, Robert Creeley, E. E. Cummings, Emily Dickinson, John Keats, Grace Paley und William Butler Yeats ver\u00f6ffentlichte er die Romane <em>\u201eDer junge Fordt\u201c<\/em> (1999), <em>\u201eEin langsamer Sturz\u201c<\/em> (2002), <em>\u201eDer eiskalte Himmel\u201c<\/em> (2006) und <em>\u201eWie wir verschwinden\u201c<\/em> (2009) sowie vier Gedichtb\u00e4nde, zuletzt <em>\u201eTraklpark\u201c<\/em> (2012, <a href=\"http:\/\/www.literaturtelefon-online.de\/?page_id=535\">am Literaturtelefon im Dezember 2012<\/a>).<\/p>\n<p>Mirko Bonn\u00e9 wurde u.a. mit dem Wolfgang-Weyrauch-Preis (2001), dem Prix Relay du Roman d\u2019Evasion (2008), dem Marie-Luise-Kaschnitz-Preis (2010) und zuletzt (2017) mit einem <a href=\"https:\/\/www.villa-concordia.de\/kuenstler\/im-haus\/detail\/bonne.html\" rel=\"noopener\" target=\"_blank\">Stipendium Internationales K\u00fcnstlerhaus Concordia, Bamberg<\/a> ausgezeichnet.<\/p>\n<p>Autor: <a href=\"http:\/\/www.mirko-bonne.de\" target=\"_blank\" rel=\"noopener\">www.mirko-bonne.de<\/a><\/p>\n<p>Verlag: <a href=\"https:\/\/www.schoeffling.de\/buecher\/mirko-bonn%C3%A9\/lichter-als-der-tag\" rel=\"noopener\" target=\"_blank\">Sch\u00f6ffling &#038; Co.<\/a><\/p>\n<p>Foto: <a href=\"http:\/\/autorenfotos.com\/\" rel=\"noopener\" target=\"_blank\">Heike Bogenberger \/ autorenfotos.com<\/a><\/p>\n<p>literaturtelefon-online.de | Telefon: 0431\/901-8888<\/p>\n<\/div>\n","protected":false},"excerpt":{"rendered":"<p>Am Literaturtelefon unter 0431\/901-8888 und www.literaturtelefon-online.de liest Mirko Bonn\u00e9 aus seinem im Verlag Sch\u00f6ffling &#038; Co. erschienenen Roman \u201eLichter als der Tag\u201c. Die Aufnahme entstand im Rahmen einer Lesung im Literaturhaus Schleswig-Holstein am 30.11.2017. Mirko Bonn\u00e9 hat im Literaturhaus (und auch am Literaturtelefon) bereits seine letzten beiden Romane \u201eWie wir verschwinden\u201c (2009, am Literaturtelefon im [&hellip;]<\/p>\n","protected":false},"author":6,"featured_media":0,"parent":2549,"menu_order":2,"comment_status":"closed","ping_status":"closed","template":"","meta":{"footnotes":""},"class_list":["post-2599","page","type-page","status-publish","hentry"],"_links":{"self":[{"href":"http:\/\/www.literaturtelefon-online.de\/index.php?rest_route=\/wp\/v2\/pages\/2599","targetHints":{"allow":["GET"]}}],"collection":[{"href":"http:\/\/www.literaturtelefon-online.de\/index.php?rest_route=\/wp\/v2\/pages"}],"about":[{"href":"http:\/\/www.literaturtelefon-online.de\/index.php?rest_route=\/wp\/v2\/types\/page"}],"author":[{"embeddable":true,"href":"http:\/\/www.literaturtelefon-online.de\/index.php?rest_route=\/wp\/v2\/users\/6"}],"replies":[{"embeddable":true,"href":"http:\/\/www.literaturtelefon-online.de\/index.php?rest_route=%2Fwp%2Fv2%2Fcomments&post=2599"}],"version-history":[{"count":8,"href":"http:\/\/www.literaturtelefon-online.de\/index.php?rest_route=\/wp\/v2\/pages\/2599\/revisions"}],"predecessor-version":[{"id":2617,"href":"http:\/\/www.literaturtelefon-online.de\/index.php?rest_route=\/wp\/v2\/pages\/2599\/revisions\/2617"}],"up":[{"embeddable":true,"href":"http:\/\/www.literaturtelefon-online.de\/index.php?rest_route=\/wp\/v2\/pages\/2549"}],"wp:attachment":[{"href":"http:\/\/www.literaturtelefon-online.de\/index.php?rest_route=%2Fwp%2Fv2%2Fmedia&parent=2599"}],"curies":[{"name":"wp","href":"https:\/\/api.w.org\/{rel}","templated":true}]}}