{"id":2582,"date":"2017-11-08T17:08:31","date_gmt":"2017-11-08T15:08:31","guid":{"rendered":"http:\/\/www.literaturtelefon-online.de\/?page_id=2582"},"modified":"2017-11-26T23:28:40","modified_gmt":"2017-11-26T21:28:40","slug":"gerda-broemel","status":"publish","type":"page","link":"http:\/\/www.literaturtelefon-online.de\/?page_id=2582","title":{"rendered":"Gerda Br\u00f6mel"},"content":{"rendered":"<div style=\"text-align: justify;\">\n<p>Am Literaturtelefon unter Tel.: 0431\/901-8888 und im Internet unter www.literaturtelefon-online.de liest Gerda Br\u00f6mel ihre Kurzgeschichte <em>\u201eDanach\u201c<\/em>, die im Oktober 2017 in der Anthologie von <a href=\"https:\/\/nord-buch.info\/\" rel=\"noopener\" target=\"_blank\">NordBuch e.V.<\/a>, <em><a href=\"https:\/\/www.amazon.de\/Worte-s%C3%A4en-Fundst%C3%BCcke-Prosa-Texte\/dp\/3869400080\" rel=\"noopener\" target=\"_blank\">\u201eWorte s\u00e4en &#8230; Fundst\u00fccke: Prosa und Poesie\u201c<\/a><\/em>, erschienen ist.<\/p>\n<p><!--[if lt IE 9]><script>document.createElement('audio');<\/script><![endif]-->\n<audio class=\"wp-audio-shortcode\" id=\"audio-2582-1\" preload=\"none\" style=\"width: 100%;\" controls=\"controls\"><source type=\"audio\/mpeg\" src=\"http:\/\/www.literaturtelefon-online.de\/wp-content\/uploads\/2017\/11\/gerda_bro\u0308mel_danach.mp3?_=1\" \/><a href=\"http:\/\/www.literaturtelefon-online.de\/wp-content\/uploads\/2017\/11\/gerda_bro\u0308mel_danach.mp3\">http:\/\/www.literaturtelefon-online.de\/wp-content\/uploads\/2017\/11\/gerda_bro\u0308mel_danach.mp3<\/a><\/audio><br \/>\n<br \/>\nIn <em>\u201eDanach\u201c<\/em> bewegt sich eine alte Frau halb tr\u00e4umend, halb sich bewusst erinnernd zwischen dem Davor, dem Danach und dem Dann. Die Zeitebenen verschwimmen und l\u00f6sen sich in der Gegenwart auf \u2013 in dem Moment des Erz\u00e4hlens &#8230;<\/p>\n<p>Gerda Br\u00f6mel, geb. 1932, verbrachte Kindheit und Jugend in Kiel. Nach Stationen in Aarau (Schweiz), Gl\u00fccksburg\/Ostsee, Eutin und Leck\/Nordfriesland lebt sie seit 1968 in M\u00f6nkeberg an der Kieler F\u00f6rde. Im Anschluss an ihre Berufst\u00e4tigkeit in der Verwaltung verschiedener Institutionen begann sie mit ihrer schriftstellerischen Arbeit.<\/p>\n<p><img loading=\"lazy\" decoding=\"async\" style=\"margin-left: 40px;\" src=\"http:\/\/www.literaturtelefon-online.de\/wp-content\/uploads\/2017\/11\/gerda_bro\u0308mel.jpg\" alt=\"\" width=\"300\" height=\"394\" class=\"alignright size-full wp-image-2588\" srcset=\"http:\/\/www.literaturtelefon-online.de\/wp-content\/uploads\/2017\/11\/gerda_bro\u0308mel.jpg 300w, http:\/\/www.literaturtelefon-online.de\/wp-content\/uploads\/2017\/11\/gerda_bro\u0308mel-228x300.jpg 228w\" sizes=\"auto, (max-width: 300px) 100vw, 300px\" \/><\/p>\n<p>Seit 2002 hat sie nicht weniger als 15 B\u00fccher ver\u00f6ffentlicht, neben Kurzgeschichten und Erz\u00e4hlungen (z.T. auch auf Plattdeutsch) ebenso Reiseberichte wie zuletzt <em>\u201eMeine sch\u00f6nsten Reisen (4) \u2013 Auf dem Irawadi durch Mayanmar\u201c<\/em> (2017). Au\u00dferdem hat sie fremde, nachgelassene Texte bearbeitet bzw. herausgegeben, z.B. <em>\u201eJohann Ohrtmann: \u201aSind Kriege notwendig?\u2019 Lebenserinnerungen eines Pazifisten und Schulmannes\u201c<\/em> (Hrsg.: Beirat f\u00fcr Geschichte der Arbeiterbewegung und Demokratie in Schleswig-Holstein, Neuer Malik Verlag, Kiel 1995). \u00dcberdies sind zahlreiche ihrer Texte in Literaturzeitschriften, Jahrb\u00fcchern und Anthologien erschienen.<\/p>\n<p>Gerda Br\u00f6mel nahm erfolgreich an diversen Literaturwettbewerben teil, u.a.: \u201eVertell doch mal!\u201c (NDR) 2000 und 2001. Beim \u201eKurzgeschichtenwettbewerb 42er Autoren e.V. \u2013 Putlitzer Preis\u201c errang sie 2006 den 4. und 2011 den 6. Platz. 2003 und 2008 gewann sie bei der \u201eLeseb\u00fchne des Literaturhaus Schleswig-Holstein e.V.\u201c den 1. Preis.<\/p>\n<p>Zuletzt war Gerda Br\u00f6mel im Dezember 2009 mit einer Weihnachtsgeschichte aus ihrem Band <a href=\"http:\/\/www.literaturtelefon-online.de\/beitrag-broemel\/beitrag-broemel.php\"><em>\u201eDer F\u00f6rde-Nikolaus\u201c<\/em><\/a> am Literaturtelefon zu h\u00f6ren.<\/p>\n<p>\u00dcber die Autorin bei <a href=\"http:\/\/www.schriftsteller-in-sh.de\/mitglied\/gerda-br-mel\" rel=\"noopener\" target=\"_blank\">schriftsteller-in-sh.de<\/a><\/p>\n<p>\u00dcber die Autorin bei <a href=\"http:\/\/literaturhaus-sh.de\/autoren\/162.html\" rel=\"noopener\" target=\"_blank\">literaturhaus-sh.de<\/a><\/p>\n<p>Foto: privat<\/p>\n<p>literaturtelefon-online.de | Telefon: 0431\/901-8888<\/p>\n<\/div>\n","protected":false},"excerpt":{"rendered":"<p>Am Literaturtelefon unter Tel.: 0431\/901-8888 und im Internet unter www.literaturtelefon-online.de liest Gerda Br\u00f6mel ihre Kurzgeschichte \u201eDanach\u201c, die im Oktober 2017 in der Anthologie von NordBuch e.V., \u201eWorte s\u00e4en &#8230; Fundst\u00fccke: Prosa und Poesie\u201c, erschienen ist. In \u201eDanach\u201c bewegt sich eine alte Frau halb tr\u00e4umend, halb sich bewusst erinnernd zwischen dem Davor, dem Danach und dem [&hellip;]<\/p>\n","protected":false},"author":6,"featured_media":0,"parent":2549,"menu_order":1,"comment_status":"closed","ping_status":"closed","template":"","meta":{"footnotes":""},"class_list":["post-2582","page","type-page","status-publish","hentry"],"_links":{"self":[{"href":"http:\/\/www.literaturtelefon-online.de\/index.php?rest_route=\/wp\/v2\/pages\/2582","targetHints":{"allow":["GET"]}}],"collection":[{"href":"http:\/\/www.literaturtelefon-online.de\/index.php?rest_route=\/wp\/v2\/pages"}],"about":[{"href":"http:\/\/www.literaturtelefon-online.de\/index.php?rest_route=\/wp\/v2\/types\/page"}],"author":[{"embeddable":true,"href":"http:\/\/www.literaturtelefon-online.de\/index.php?rest_route=\/wp\/v2\/users\/6"}],"replies":[{"embeddable":true,"href":"http:\/\/www.literaturtelefon-online.de\/index.php?rest_route=%2Fwp%2Fv2%2Fcomments&post=2582"}],"version-history":[{"count":7,"href":"http:\/\/www.literaturtelefon-online.de\/index.php?rest_route=\/wp\/v2\/pages\/2582\/revisions"}],"predecessor-version":[{"id":2594,"href":"http:\/\/www.literaturtelefon-online.de\/index.php?rest_route=\/wp\/v2\/pages\/2582\/revisions\/2594"}],"up":[{"embeddable":true,"href":"http:\/\/www.literaturtelefon-online.de\/index.php?rest_route=\/wp\/v2\/pages\/2549"}],"wp:attachment":[{"href":"http:\/\/www.literaturtelefon-online.de\/index.php?rest_route=%2Fwp%2Fv2%2Fmedia&parent=2582"}],"curies":[{"name":"wp","href":"https:\/\/api.w.org\/{rel}","templated":true}]}}