{"id":2572,"date":"2017-11-02T02:54:28","date_gmt":"2017-11-02T00:54:28","guid":{"rendered":"http:\/\/www.literaturtelefon-online.de\/?page_id=2572"},"modified":"2017-11-13T00:24:44","modified_gmt":"2017-11-12T22:24:44","slug":"stefan-schwarck","status":"publish","type":"page","link":"http:\/\/www.literaturtelefon-online.de\/?page_id=2572","title":{"rendered":"Stefan Schwarck"},"content":{"rendered":"<div style=\"text-align: justify;\">\nAm Literaturtelefon unter der Rufnummer 0431\/901-8888 und auf www.literaturtelefon-online.de liest Stefan Schwarck neuere Gedichte, unter anderem aus dem Zyklus <em>\u201eDrive-by Poems\u201c<\/em>.<\/p>\n<p><!--[if lt IE 9]><script>document.createElement('audio');<\/script><![endif]-->\n<audio class=\"wp-audio-shortcode\" id=\"audio-2572-1\" preload=\"none\" style=\"width: 100%;\" controls=\"controls\"><source type=\"audio\/mpeg\" src=\"http:\/\/www.literaturtelefon-online.de\/wp-content\/uploads\/2017\/11\/stefan_schwarck_gedichte.mp3?_=1\" \/><a href=\"http:\/\/www.literaturtelefon-online.de\/wp-content\/uploads\/2017\/11\/stefan_schwarck_gedichte.mp3\">http:\/\/www.literaturtelefon-online.de\/wp-content\/uploads\/2017\/11\/stefan_schwarck_gedichte.mp3<\/a><\/audio><br \/>\n<br \/>\nStefan Schwarcks textliches Spektrum reicht von nachdenklich-ernster Lyrik bis zu bissig-satirischen Texten. Die hier zu h\u00f6renden <em>\u201eDrive-by Poems\u201c<\/em> stammen aus einer Sammlung an Kurz- und K\u00fcrzest-Gedichten. Es sind Miniaturen, die im Vorbeigehen entstehen \u2013 Gedankeng\u00e4nge und Betrachtungen, die der K\u00fcnstler am Wegesrand des Alltags aufliest und in nur wenige Worte verpackt. Diese Gedichte sollen genauso fl\u00fcchtig im Vorbeigehen von den Zuh\u00f6rerInnen und LeserInnen wahrgenommen werden und \u2013 im Idealfall \u2013 im Ged\u00e4chtnis bleiben, um ihre Wirkung auch sp\u00e4ter noch zu erzielen.<\/p>\n<p><img loading=\"lazy\" decoding=\"async\" style=\"margin-left: 40px;\" src=\"http:\/\/www.literaturtelefon-online.de\/wp-content\/uploads\/2017\/11\/stefan_schwarck.jpg\" alt=\"\" width=\"300\" height=\"306\" class=\"alignright size-full wp-image-2576\" srcset=\"http:\/\/www.literaturtelefon-online.de\/wp-content\/uploads\/2017\/11\/stefan_schwarck.jpg 300w, http:\/\/www.literaturtelefon-online.de\/wp-content\/uploads\/2017\/11\/stefan_schwarck-294x300.jpg 294w\" sizes=\"auto, (max-width: 300px) 100vw, 300px\" \/><\/p>\n<p>Stefan Schwarck ist Lyriker, Autor und Poetry Slammer und lebt in Kiel. Seit 2010 tritt er regelm\u00e4\u00dfig bei Vernissagen, Lesungen, Poetry Slams und Spokenword-Veranstaltungen im In- und Ausland auf.<\/p>\n<p>Schwarck veranstaltet regelm\u00e4\u00dfig Workshops f\u00fcr kreatives Schreiben und Poetry Slam. Er ist Stammmitglied der Kieler Leseb\u00fchne \u201eIrgendwas mit M\u00f6wen\u201c und Mitorganisator des Internationalen Festivals f\u00fcr B\u00fchnenliteratur \u2013 <a href=\"http:\/\/www.spokenwords.sh\" rel=\"noopener\" target=\"_blank\">spokenwords.sh<\/a>, das vom 14. bis 19.11.2017 in verschiedenen St\u00e4dten Schleswig-Holsteins stattfindet.<\/p>\n<p>Am Literaturtelefon war Stefan Schwarck zuletzt <a href=\"http:\/\/www.literaturtelefon-online.de\/?page_id=1831\">im Januar 2016 mit seinen Gedicht-Zyklen <em>\u201enyc revisited\u201c<\/em> und <em>\u201eSKIES\u201c<\/em><\/a> zu h\u00f6ren.<\/p>\n<p>Autor: <a href=\"http:\/\/www.dieblauestadt.de\" target=\"_blank\" rel=\"noopener\">www.dieblauestadt.de<\/a><\/p>\n<p>Foto: Uwe Lehmann<\/p>\n<p>literaturtelefon-online.de | Telefon: 0431\/901-8888<\/p>\n<\/div>\n","protected":false},"excerpt":{"rendered":"<p>Am Literaturtelefon unter der Rufnummer 0431\/901-8888 und auf www.literaturtelefon-online.de liest Stefan Schwarck neuere Gedichte, unter anderem aus dem Zyklus \u201eDrive-by Poems\u201c. Stefan Schwarcks textliches Spektrum reicht von nachdenklich-ernster Lyrik bis zu bissig-satirischen Texten. Die hier zu h\u00f6renden \u201eDrive-by Poems\u201c stammen aus einer Sammlung an Kurz- und K\u00fcrzest-Gedichten. Es sind Miniaturen, die im Vorbeigehen entstehen \u2013 [&hellip;]<\/p>\n","protected":false},"author":6,"featured_media":0,"parent":2547,"menu_order":2,"comment_status":"closed","ping_status":"closed","template":"","meta":{"footnotes":""},"class_list":["post-2572","page","type-page","status-publish","hentry"],"_links":{"self":[{"href":"http:\/\/www.literaturtelefon-online.de\/index.php?rest_route=\/wp\/v2\/pages\/2572","targetHints":{"allow":["GET"]}}],"collection":[{"href":"http:\/\/www.literaturtelefon-online.de\/index.php?rest_route=\/wp\/v2\/pages"}],"about":[{"href":"http:\/\/www.literaturtelefon-online.de\/index.php?rest_route=\/wp\/v2\/types\/page"}],"author":[{"embeddable":true,"href":"http:\/\/www.literaturtelefon-online.de\/index.php?rest_route=\/wp\/v2\/users\/6"}],"replies":[{"embeddable":true,"href":"http:\/\/www.literaturtelefon-online.de\/index.php?rest_route=%2Fwp%2Fv2%2Fcomments&post=2572"}],"version-history":[{"count":6,"href":"http:\/\/www.literaturtelefon-online.de\/index.php?rest_route=\/wp\/v2\/pages\/2572\/revisions"}],"predecessor-version":[{"id":2580,"href":"http:\/\/www.literaturtelefon-online.de\/index.php?rest_route=\/wp\/v2\/pages\/2572\/revisions\/2580"}],"up":[{"embeddable":true,"href":"http:\/\/www.literaturtelefon-online.de\/index.php?rest_route=\/wp\/v2\/pages\/2547"}],"wp:attachment":[{"href":"http:\/\/www.literaturtelefon-online.de\/index.php?rest_route=%2Fwp%2Fv2%2Fmedia&parent=2572"}],"curies":[{"name":"wp","href":"https:\/\/api.w.org\/{rel}","templated":true}]}}