{"id":2551,"date":"2017-10-25T14:50:48","date_gmt":"2017-10-25T12:50:48","guid":{"rendered":"http:\/\/www.literaturtelefon-online.de\/?page_id=2551"},"modified":"2017-10-30T14:30:59","modified_gmt":"2017-10-30T12:30:59","slug":"ellen-westphal","status":"publish","type":"page","link":"http:\/\/www.literaturtelefon-online.de\/?page_id=2551","title":{"rendered":"Ellen Westphal"},"content":{"rendered":"<div style=\"text-align: justify;\">\n<p>Am Literaturtelefon unter 0431\/901-8888 und www.literaturtelefon-online.de liest die Kieler Autorin Ellen Westphal das bisher unver\u00f6ffentlichte Tierm\u00e4rchen <em>\u201eDer Maulwurf\u201c<\/em>.<\/p>\n<p><!--[if lt IE 9]><script>document.createElement('audio');<\/script><![endif]-->\n<audio class=\"wp-audio-shortcode\" id=\"audio-2551-1\" preload=\"none\" style=\"width: 100%;\" controls=\"controls\"><source type=\"audio\/mpeg\" src=\"http:\/\/www.literaturtelefon-online.de\/wp-content\/uploads\/2017\/10\/ellen_westphal_der_maulwurf.mp3?_=1\" \/><a href=\"http:\/\/www.literaturtelefon-online.de\/wp-content\/uploads\/2017\/10\/ellen_westphal_der_maulwurf.mp3\">http:\/\/www.literaturtelefon-online.de\/wp-content\/uploads\/2017\/10\/ellen_westphal_der_maulwurf.mp3<\/a><\/audio><br \/>\n<br \/>\nDer Maulwurf sucht verzweifelt nach der Wahrheit, in der Erde, am Meer, bis er schlie\u00dflich lernt, nach innen zu lauschen. Eine Geschichte nicht nur, aber auch f\u00fcr Erwachsene.<\/p>\n<p><img loading=\"lazy\" decoding=\"async\" style=\"margin-left: 40px;\" src=\"http:\/\/www.literaturtelefon-online.de\/wp-content\/uploads\/2017\/10\/ellen_westphal.jpg\" alt=\"\" width=\"300\" height=\"473\" class=\"alignright size-full wp-image-2555\" srcset=\"http:\/\/www.literaturtelefon-online.de\/wp-content\/uploads\/2017\/10\/ellen_westphal.jpg 300w, http:\/\/www.literaturtelefon-online.de\/wp-content\/uploads\/2017\/10\/ellen_westphal-190x300.jpg 190w\" sizes=\"auto, (max-width: 300px) 100vw, 300px\" \/><\/p>\n<p>M\u00e4rchen, Tiergeschichten und Gedichte bilden den derzeitigen literarischen Mittelpunkt der gelernten Redakteurin (Volontariat beim sh:z 2001-2003), Erz\u00e4hlerin (Ausbildung zur \u201eErz\u00e4hlerin in und mit der Natur\u201c bei Sonja C. Truhn 2015-2016) und Autorin Ellen Westphal. Sie schreibt seit den 80er Jahren Gedichte und Geschichten, zun\u00e4chst ver\u00f6ffentlicht bei lokalen Wettbewerben (z.B. \u201eLyrik zwischen 12 und 20\u201c) und in Schul- und Studentenzeitungen. Nach einer langen Pause sind seit 2014 Texte von ihr in zehn Anthologien sowie acht eigenen B\u00fcchern erschienen, darunter ein Rezeptbuch. \u201eEine besondere Herausforderung waren die Geschichten in einfacher Sprache\u201c, erz\u00e4hlt die Kielerin, die gerne neue Textformen erkundet. \u201eInteressant erz\u00e4hlen, ohne komplizierte S\u00e4tze zu bilden, ist einfach schwer f\u00fcr jemand, der lange Verschachtelungen und Fremdw\u00f6rter gewohnt ist.\u201c Ein Beispiel daf\u00fcr ist <em>\u201eDas Lied\u201c<\/em>, erschienen in <em>\u201eDie Kunst der Einfachheit\u201c<\/em> (Berliner Lebenshilfe, Hrsg., 2016) und <a href=\"https:\/\/www.youtube.com\/watch?v=5KLVCMWTarw\" rel=\"noopener\" target=\"_blank\">auf YouTube zu h\u00f6ren<\/a>.<\/p>\n<p>Wer mehr von ihr lesen m\u00f6chte, wird auch auf ihrer Homepage <a href=\"http:\/\/www.seelensprechen.de\" rel=\"noopener\" target=\"_blank\">www.seelensprechen.de<\/a> f\u00fcndig.<\/p>\n<p>Autorin: <a href=\"http:\/\/www.seelensprechen.de\" target=\"_blank\" rel=\"noopener\">www.seelensprechen.de<\/a>, <a href=\"http:\/\/literaturhaus-sh.de\/autoren\/268.html\" target=\"_blank\" rel=\"noopener\">Autorinnen-Seite bei literaturhaus-sh.de<\/a><\/p>\n<p>Foto: M. Feil<\/p>\n<p>literaturtelefon-online.de | Telefon: 0431\/901-8888<\/p>\n<\/div>\n","protected":false},"excerpt":{"rendered":"<p>Am Literaturtelefon unter 0431\/901-8888 und www.literaturtelefon-online.de liest die Kieler Autorin Ellen Westphal das bisher unver\u00f6ffentlichte Tierm\u00e4rchen \u201eDer Maulwurf\u201c. Der Maulwurf sucht verzweifelt nach der Wahrheit, in der Erde, am Meer, bis er schlie\u00dflich lernt, nach innen zu lauschen. Eine Geschichte nicht nur, aber auch f\u00fcr Erwachsene. M\u00e4rchen, Tiergeschichten und Gedichte bilden den derzeitigen literarischen Mittelpunkt [&hellip;]<\/p>\n","protected":false},"author":6,"featured_media":0,"parent":2547,"menu_order":1,"comment_status":"closed","ping_status":"closed","template":"","meta":{"footnotes":""},"class_list":["post-2551","page","type-page","status-publish","hentry"],"_links":{"self":[{"href":"http:\/\/www.literaturtelefon-online.de\/index.php?rest_route=\/wp\/v2\/pages\/2551","targetHints":{"allow":["GET"]}}],"collection":[{"href":"http:\/\/www.literaturtelefon-online.de\/index.php?rest_route=\/wp\/v2\/pages"}],"about":[{"href":"http:\/\/www.literaturtelefon-online.de\/index.php?rest_route=\/wp\/v2\/types\/page"}],"author":[{"embeddable":true,"href":"http:\/\/www.literaturtelefon-online.de\/index.php?rest_route=\/wp\/v2\/users\/6"}],"replies":[{"embeddable":true,"href":"http:\/\/www.literaturtelefon-online.de\/index.php?rest_route=%2Fwp%2Fv2%2Fcomments&post=2551"}],"version-history":[{"count":8,"href":"http:\/\/www.literaturtelefon-online.de\/index.php?rest_route=\/wp\/v2\/pages\/2551\/revisions"}],"predecessor-version":[{"id":2563,"href":"http:\/\/www.literaturtelefon-online.de\/index.php?rest_route=\/wp\/v2\/pages\/2551\/revisions\/2563"}],"up":[{"embeddable":true,"href":"http:\/\/www.literaturtelefon-online.de\/index.php?rest_route=\/wp\/v2\/pages\/2547"}],"wp:attachment":[{"href":"http:\/\/www.literaturtelefon-online.de\/index.php?rest_route=%2Fwp%2Fv2%2Fmedia&parent=2551"}],"curies":[{"name":"wp","href":"https:\/\/api.w.org\/{rel}","templated":true}]}}