{"id":2515,"date":"2017-10-02T21:24:30","date_gmt":"2017-10-02T19:24:30","guid":{"rendered":"http:\/\/www.literaturtelefon-online.de\/?page_id=2515"},"modified":"2017-10-16T02:43:04","modified_gmt":"2017-10-16T00:43:04","slug":"henning-schoettke","status":"publish","type":"page","link":"http:\/\/www.literaturtelefon-online.de\/?page_id=2515","title":{"rendered":"Henning Sch\u00f6ttke"},"content":{"rendered":"<div style=\"text-align: justify;\">\n<p>Am Literaturtelefon unter 0431\/901-8888 und www.literaturtelefon-online.de liest Henning Sch\u00f6ttke aus seinem im Oktober 2017 bei Stories &#038; Friends erscheinenden Roman <em>\u201eSuperbias Lied\u201c<\/em>.<\/p>\n<p><!--[if lt IE 9]><script>document.createElement('audio');<\/script><![endif]-->\n<audio class=\"wp-audio-shortcode\" id=\"audio-2515-1\" preload=\"none\" style=\"width: 100%;\" controls=\"controls\"><source type=\"audio\/mpeg\" src=\"http:\/\/www.literaturtelefon-online.de\/wp-content\/uploads\/2017\/10\/henning_schoettke_superbias_lied.mp3?_=1\" \/><a href=\"http:\/\/www.literaturtelefon-online.de\/wp-content\/uploads\/2017\/10\/henning_schoettke_superbias_lied.mp3\">http:\/\/www.literaturtelefon-online.de\/wp-content\/uploads\/2017\/10\/henning_schoettke_superbias_lied.mp3<\/a><\/audio><br \/>\n<br \/>\n<em>\u201eSuperbias Lied\u201c<\/em> ist \u2013 nach <em>\u201eGulas Men\u00fc\u201c<\/em> (2011), <em>\u201eAcedias Traum\u201c<\/em> (2013) und <em>\u201eLuxurias Gl\u00fcck\u201c<\/em> (2015) \u2013 der vierte Teil einer auf eine Heptalogie angelegten Roman-Reihe \u00fcber die sieben Tods\u00fcnden, wobei letztere weniger religi\u00f6s, denn \u201eals Metaphern f\u00fcr das Leben\u201c (Henning Sch\u00f6ttke) zu lesen sind. Jedes Buch steht symbolhaft f\u00fcr eine der sieben Tods\u00fcnden, \u00fcbertr\u00e4gt deren Bedeutung in die heutige Zeit und thematisiert existentielle Grundlagen des Lebens \u2013 das Essen (Gula), den Schlaf (Acedia), die Liebe (Luxuria), das Feuer (Ira), das Recht (Invidia), die Arbeit (Avaritia) und die Kunst (Superbia).<\/p>\n<p><img loading=\"lazy\" decoding=\"async\" class=\"alignright size-full wp-image-2519\" style=\"margin-left: 40px;\" src=\"http:\/\/www.literaturtelefon-online.de\/wp-content\/uploads\/2017\/10\/henning_scho\u0308ttke_300px.jpg\" alt=\"\" width=\"300\" height=\"407\" srcset=\"http:\/\/www.literaturtelefon-online.de\/wp-content\/uploads\/2017\/10\/henning_scho\u0308ttke_300px.jpg 300w, http:\/\/www.literaturtelefon-online.de\/wp-content\/uploads\/2017\/10\/henning_scho\u0308ttke_300px-221x300.jpg 221w\" sizes=\"auto, (max-width: 300px) 100vw, 300px\" \/><\/p>\n<p>Die Mutter stirbt bei der Geburt, Vater Benny nimmt Drogen und verdient sein Geld mit Stra\u00dfenmusik. Bianca w\u00e4chst im Haus der Oma auf, einer ber\u00fchmten Operettens\u00e4ngerin der 20er Jahre. Das M\u00e4dchen lebt in einer Welt der Phantasie und gro\u00dfen Fragen: Wo ist das Ende des Universums? Wo war ich vor meiner Geburt? Mit zehn Jahren findet Biancas Kindheit ein j\u00e4hes Ende. Sie schlie\u00dft sich Vater Benny an, l\u00e4sst sich mit ihm von Land zu Land, von Stadt zu Stadt treiben. Auf den Pl\u00e4tzen der Provence entfaltet sich ihr Talent als S\u00e4ngerin. Jahre sp\u00e4ter macht sie unter dem Namen Superbia eine gro\u00dfe Karriere als Musikerin und K\u00fcnstlerin. Ihre Kreativit\u00e4t scheint so unersch\u00f6pflich wie die Energie, mit der sie ihre Ideen in die Tat umsetzt. W\u00e4ren da nicht diese unerkl\u00e4rlichen Gef\u00fchle von Schuld und Angst &#8230;<\/p>\n<p>Henning Sch\u00f6ttke, geboren 1952 in Hamburg, studierte zun\u00e4chst Mathematik und Musik auf Lehramt. Seit 1978 ist er freiberuflicher Comiczeichner, hat zahlreiche Comicserien ver\u00f6ffentlicht und \u00fcber hundert Schulb\u00fccher illustriert. Vor 14 Jahren fand er zum Schreiben. Er lebt in Kronshagen bei Kiel, ist verheiratet und hat zwei erwachsene Kinder.<\/p>\n<p>Schon mit den ersten drei Teilen seiner Roman-Heptalogie war Henning Sch\u00f6ttke am Literaturtelefon zu h\u00f6ren:<\/p>\n<ul>\n<li><a href=\"http:\/\/www.literaturtelefon-online.de\/beitrag-schoettke\/beitrag-schoettke.php\">Oktober 2011: <em>\u201eGulas Men\u00fc\u201c<\/em><\/a><\/li>\n<li><a href=\"http:\/\/www.literaturtelefon-online.de\/?page_id=963\">August 2013: <em>\u201eAcedias Traum\u201c<\/em><\/a><\/li>\n<li><a href=\"http:\/\/www.literaturtelefon-online.de\/?page_id=1689\">August 2015: <em>\u201eLuxurias Gl\u00fcck\u201c<\/em><\/a><\/li>\n<\/ul>\n<p>\n<\/div>\n<div style=\"text-align: justify;\">\n<p>Aus <em>\u201eSuperbias Lied\u201c<\/em> liest Hennig Sch\u00f6ttke am <strong>Freitag, 20.10.2017, 19 Uhr, im Literaturhaus Schleswig-Holstein<\/strong>. Superbias Lied und eigene dazu passende Songs spielen live <a href=\"http:\/\/www.eddy-monrow.com\/\" rel=\"noopener\" target=\"_blank\">Eddy Monrow &amp; Band<\/a>.<\/p>\n<p>Autor: <a href=\"http:\/\/www.henning-schoettke.de\" target=\"_blank\" rel=\"noopener\">www.henning-schoettke.de<\/a>, <a href=\"http:\/\/www.facebook.com\/gulasmenueroman\" target=\"_blank\" rel=\"noopener\">www.facebook.com\/gulasmenueroman<\/a><\/p>\n<p>Verlag: <a href=\"http:\/\/www.stories-and-friends.com\/buecher_info.php?product_id=367\" target=\"_blank\" rel=\"noopener\">Stories &amp; Friends<\/a><\/p>\n<p>Foto: Gertje K\u00f6nig<\/p>\n<p>literaturtelefon-online.de | Telefon: 0431\/901-8888<\/p>\n<\/div>\n","protected":false},"excerpt":{"rendered":"<p>Am Literaturtelefon unter 0431\/901-8888 und www.literaturtelefon-online.de liest Henning Sch\u00f6ttke aus seinem im Oktober 2017 bei Stories &#038; Friends erscheinenden Roman \u201eSuperbias Lied\u201c. \u201eSuperbias Lied\u201c ist \u2013 nach \u201eGulas Men\u00fc\u201c (2011), \u201eAcedias Traum\u201c (2013) und \u201eLuxurias Gl\u00fcck\u201c (2015) \u2013 der vierte Teil einer auf eine Heptalogie angelegten Roman-Reihe \u00fcber die sieben Tods\u00fcnden, wobei letztere weniger religi\u00f6s, [&hellip;]<\/p>\n","protected":false},"author":6,"featured_media":0,"parent":2492,"menu_order":2,"comment_status":"closed","ping_status":"closed","template":"","meta":{"footnotes":""},"class_list":["post-2515","page","type-page","status-publish","hentry"],"_links":{"self":[{"href":"http:\/\/www.literaturtelefon-online.de\/index.php?rest_route=\/wp\/v2\/pages\/2515","targetHints":{"allow":["GET"]}}],"collection":[{"href":"http:\/\/www.literaturtelefon-online.de\/index.php?rest_route=\/wp\/v2\/pages"}],"about":[{"href":"http:\/\/www.literaturtelefon-online.de\/index.php?rest_route=\/wp\/v2\/types\/page"}],"author":[{"embeddable":true,"href":"http:\/\/www.literaturtelefon-online.de\/index.php?rest_route=\/wp\/v2\/users\/6"}],"replies":[{"embeddable":true,"href":"http:\/\/www.literaturtelefon-online.de\/index.php?rest_route=%2Fwp%2Fv2%2Fcomments&post=2515"}],"version-history":[{"count":21,"href":"http:\/\/www.literaturtelefon-online.de\/index.php?rest_route=\/wp\/v2\/pages\/2515\/revisions"}],"predecessor-version":[{"id":2545,"href":"http:\/\/www.literaturtelefon-online.de\/index.php?rest_route=\/wp\/v2\/pages\/2515\/revisions\/2545"}],"up":[{"embeddable":true,"href":"http:\/\/www.literaturtelefon-online.de\/index.php?rest_route=\/wp\/v2\/pages\/2492"}],"wp:attachment":[{"href":"http:\/\/www.literaturtelefon-online.de\/index.php?rest_route=%2Fwp%2Fv2%2Fmedia&parent=2515"}],"curies":[{"name":"wp","href":"https:\/\/api.w.org\/{rel}","templated":true}]}}