{"id":2494,"date":"2017-09-26T17:47:55","date_gmt":"2017-09-26T15:47:55","guid":{"rendered":"http:\/\/www.literaturtelefon-online.de\/?page_id=2494"},"modified":"2017-10-02T09:17:12","modified_gmt":"2017-10-02T07:17:12","slug":"christopher-ecker","status":"publish","type":"page","link":"http:\/\/www.literaturtelefon-online.de\/?page_id=2494","title":{"rendered":"Christopher Ecker"},"content":{"rendered":"<div style=\"text-align: justify;\">\n<p>Am Literaturtelefon unter der Rufnummer 0431\/901-8888 und auf www.literaturtelefon-online.de liest Christopher Ecker aus seinem im Mitteldeutschen Verlag erschienenen Erz\u00e4hlband <em>\u201eAndere H\u00e4fen\u201c<\/em> die kurze Erz\u00e4hlung <em>\u201eDer brennende Berg\u201c<\/em>. Die Aufnahme entstand anl\u00e4sslich einer Lesung im Literaturhaus Schleswig-Holstein am 26.9.2017.<\/p>\n<p><!--[if lt IE 9]><script>document.createElement('audio');<\/script><![endif]-->\n<audio class=\"wp-audio-shortcode\" id=\"audio-2494-1\" preload=\"none\" style=\"width: 100%;\" controls=\"controls\"><source type=\"audio\/mpeg\" src=\"http:\/\/www.literaturtelefon-online.de\/wp-content\/uploads\/2017\/09\/christopher_ecker_andere_ha\u0308fen.mp3?_=1\" \/><a href=\"http:\/\/www.literaturtelefon-online.de\/wp-content\/uploads\/2017\/09\/christopher_ecker_andere_ha\u0308fen.mp3\">http:\/\/www.literaturtelefon-online.de\/wp-content\/uploads\/2017\/09\/christopher_ecker_andere_ha\u0308fen.mp3<\/a><\/audio><br \/>\n<br \/>\nChristopher Ecker steuert Paris, den Harz und \u201eandere H\u00e4fen\u201c an. So surreal wie rational, so verspielt wie reflektiert schildert er innere und \u00e4u\u00dfere Orte. Mit 87 Erz\u00e4hlungen auf rund 200 Seiten zeigt Christopher Ecker, wie ein Autor heutzutage schreiben kann und muss. <em>\u201eAndere H\u00e4fen\u201c<\/em> ist ein umfassendes Kompendium der Stile und Ideen \u2013 zum Staunen, zum Erschrecken, zum Genie\u00dfen.<\/p>\n<p>Bergleute verschwinden spurlos in einem Harzer Silberbergwerk; jemand entdeckt nach der Wohnungsaufl\u00f6sung des Elternhauses ein Polaroid-Foto, das sein Leben auf den Kopf stellt; ein Aufenthalt in Paris verwandelt die Stadt in ein unl\u00f6sbares R\u00e4tsel; eine Familie geht einkaufen, doch der Supermarkt erweist sich als Welt, aus der es kein Entkommen gibt &#8230;<\/p>\n<p><img loading=\"lazy\" decoding=\"async\" style=\"margin-left: 40px;\" src=\"http:\/\/www.literaturtelefon-online.de\/wp-content\/uploads\/2017\/09\/christopher_ecker_300px.jpg\" alt=\"\" width=\"300\" height=\"398\" class=\"alignright size-full wp-image-2498\" srcset=\"http:\/\/www.literaturtelefon-online.de\/wp-content\/uploads\/2017\/09\/christopher_ecker_300px.jpg 300w, http:\/\/www.literaturtelefon-online.de\/wp-content\/uploads\/2017\/09\/christopher_ecker_300px-226x300.jpg 226w\" sizes=\"auto, (max-width: 300px) 100vw, 300px\" \/><\/p>\n<p>Eine Feier des reflektierten Erz\u00e4hlens, das in sich selber ruht und zugleich aus sich selbst heraus explodiert. In Konsequenz, Ideenreichtum und enzyklop\u00e4dischem Anspruch erweist sich \u201eAndere H\u00e4fen\u201c vielleicht als Christopher Eckers innovativstes Buch, das seinem Tausendseiter <em>\u201eFahlmann\u201c<\/em> und seinem nihilistischen Rundumschlag <em>\u201eDer Bahnhof von Pl\u00f6n\u201c<\/em> mindestens ebenb\u00fcrtig ist.<\/p>\n<p>Christopher Ecker (geb. 1967 in Saarbr\u00fccken) studierte in Kiel Germanistik und Philosophie und ist heute neben seiner Arbeit als Schriftsteller, \u00dcbersetzer und Literaturkritiker Lehrer an der Heinrich-Heine-Schule Heikendorf. Sein bisher erfolgreichstes Buch ist der 2012 erschienene Roman <em>\u201eFahlmann\u201c<\/em>, den der Kritiker Denis Scheck als \u201eeines der gro\u00dfen Leseabenteuer der deutschen Gegenwartsliteratur\u201c bezeichnete und f\u00fcr den Ecker 2015 den Friedrich-Hebbel-Preis erhielt.<\/p>\n<p>Zuletzt las Christopher Ecker am Literaturtelefon <a href=\"http:\/\/www.literaturtelefon-online.de\/?page_id=1999\">im August 2016 aus seinem Roman <em>\u201eDer Bahnhof von Pl\u00f6n\u201c<\/em><\/a>.<\/p>\n<p><a href=\"https:\/\/de.wikipedia.org\/wiki\/Christopher_Ecker\" target=\"_blank\" rel=\"noopener\">Wikipedia \u00fcber den Autor<\/a><\/p>\n<p>Verlag: <a href=\"http:\/\/www.mitteldeutscherverlag.de\/literatur\/romane-und-erzaehlungen\/ecker,-christopher-andere-h%C3%A4fen-detail\" target=\"_blank\" rel=\"noopener\">Mitteldeutscher Verlag<\/a><\/p>\n<p>Foto: Arne Rautenberg<\/p>\n<p>literaturtelefon-online.de | Telefon: 0431\/901-8888<\/p>\n<\/div>\n","protected":false},"excerpt":{"rendered":"<p>Am Literaturtelefon unter der Rufnummer 0431\/901-8888 und auf www.literaturtelefon-online.de liest Christopher Ecker aus seinem im Mitteldeutschen Verlag erschienenen Erz\u00e4hlband \u201eAndere H\u00e4fen\u201c die kurze Erz\u00e4hlung \u201eDer brennende Berg\u201c. Die Aufnahme entstand anl\u00e4sslich einer Lesung im Literaturhaus Schleswig-Holstein am 26.9.2017. Christopher Ecker steuert Paris, den Harz und \u201eandere H\u00e4fen\u201c an. So surreal wie rational, so verspielt wie [&hellip;]<\/p>\n","protected":false},"author":6,"featured_media":0,"parent":2492,"menu_order":1,"comment_status":"closed","ping_status":"closed","template":"","meta":{"footnotes":""},"class_list":["post-2494","page","type-page","status-publish","hentry"],"_links":{"self":[{"href":"http:\/\/www.literaturtelefon-online.de\/index.php?rest_route=\/wp\/v2\/pages\/2494","targetHints":{"allow":["GET"]}}],"collection":[{"href":"http:\/\/www.literaturtelefon-online.de\/index.php?rest_route=\/wp\/v2\/pages"}],"about":[{"href":"http:\/\/www.literaturtelefon-online.de\/index.php?rest_route=\/wp\/v2\/types\/page"}],"author":[{"embeddable":true,"href":"http:\/\/www.literaturtelefon-online.de\/index.php?rest_route=\/wp\/v2\/users\/6"}],"replies":[{"embeddable":true,"href":"http:\/\/www.literaturtelefon-online.de\/index.php?rest_route=%2Fwp%2Fv2%2Fcomments&post=2494"}],"version-history":[{"count":8,"href":"http:\/\/www.literaturtelefon-online.de\/index.php?rest_route=\/wp\/v2\/pages\/2494\/revisions"}],"predecessor-version":[{"id":2504,"href":"http:\/\/www.literaturtelefon-online.de\/index.php?rest_route=\/wp\/v2\/pages\/2494\/revisions\/2504"}],"up":[{"embeddable":true,"href":"http:\/\/www.literaturtelefon-online.de\/index.php?rest_route=\/wp\/v2\/pages\/2492"}],"wp:attachment":[{"href":"http:\/\/www.literaturtelefon-online.de\/index.php?rest_route=%2Fwp%2Fv2%2Fmedia&parent=2494"}],"curies":[{"name":"wp","href":"https:\/\/api.w.org\/{rel}","templated":true}]}}