{"id":2474,"date":"2017-09-17T22:56:33","date_gmt":"2017-09-17T20:56:33","guid":{"rendered":"http:\/\/www.literaturtelefon-online.de\/?page_id=2474"},"modified":"2017-09-18T00:03:46","modified_gmt":"2017-09-17T22:03:46","slug":"hendrik-neubauer","status":"publish","type":"page","link":"http:\/\/www.literaturtelefon-online.de\/?page_id=2474","title":{"rendered":"Hendrik Neubauer"},"content":{"rendered":"<div style=\"text-align: justify;\">\n<p>Am Literaturtelefon unter der Rufnummer 0431\/901-8888 und auf www.literaturtelefon-online.de liest der Kieler Autor Hendrik Neubauer aus seinem Programm <em>\u201e#La Mer \u2013 Das Gro\u00dfe Blau \u2013 Lyrik und Lieder\u201c<\/em>. Das vollst\u00e4ndige Programm \u2013 ein literarisch-lyrischer Abend mit der <a href=\"http:\/\/www.hansdylan.de\/\" target=\"_blank\" rel=\"noopener\">Hans Dylan Band<\/a> \u2013 ist <strong>am Mi, 27.9.2017, 19 Uhr<\/strong> im Kieler <a href=\"http:\/\/www.antiquariat-diderot.de\/08.09.2017-120326.html\" target=\"_blank\" rel=\"noopener\">Antiquariat Diderot<\/a> (Gutenbergstr. 5) zu h\u00f6ren.<\/p>\n<p><!--[if lt IE 9]><script>document.createElement('audio');<\/script><![endif]-->\n<audio class=\"wp-audio-shortcode\" id=\"audio-2474-1\" preload=\"none\" style=\"width: 100%;\" controls=\"controls\"><source type=\"audio\/mpeg\" src=\"http:\/\/www.literaturtelefon-online.de\/wp-content\/uploads\/2017\/09\/hendrik_neubauer_la_mer.mp3?_=1\" \/><a href=\"http:\/\/www.literaturtelefon-online.de\/wp-content\/uploads\/2017\/09\/hendrik_neubauer_la_mer.mp3\">http:\/\/www.literaturtelefon-online.de\/wp-content\/uploads\/2017\/09\/hendrik_neubauer_la_mer.mp3<\/a><\/audio><br \/>\n<br \/>\nEngel, Schafe, Azur &#8230; Charles Trenet hat ein ber\u00fchrendes <a href=\"https:\/\/www.youtube.com\/watch?v=fztkUuunI7g\" target=\"_blank\" rel=\"noopener\">Chanson<\/a> \u00fcber Wasser und Wellen geschaffen \u2013 und \u00fcber das, was das alles in uns bewegen kann. Das Programm <em>\u201e#La Mer\u201c<\/em> nimmt dieses \u201eLied\u201c als Motiv mit auf die Reise. Hier und da lugt es als musikalisches Zitat hervor.<em>\u201e#La Mer\u201c<\/em> versammelt Lyrik und Lieder. <em>\u201eLa Mer\u201c<\/em> als Zitat, fast alle anderen Texte stammen aus der Feder von Hendrik Neubauer. Das Meer ist dabei immer wieder der Ort f\u00fcr kleine Fluchten und vor allem Quelle der Inspiration. Die Revue verl\u00e4sst den Heimathafen. Von Sehns\u00fcchten getrieben. Von \u00c4ngsten gebremst. Aber dann geht es doch auf Kaperfahrt. \u201eDas Gro\u00dfe Blau.\u201c Was macht das mit uns. <em>\u201e#La Mer\u201c<\/em> lotet es aus. Eine Reise in Versen und Liedern.<\/p>\n<p><img loading=\"lazy\" decoding=\"async\" class=\"alignright size-full wp-image-2478\" style=\"margin-left: 40px;\" src=\"http:\/\/www.literaturtelefon-online.de\/wp-content\/uploads\/2017\/09\/hendrik_neubauer_300px.jpg\" alt=\"\" width=\"300\" height=\"335\" srcset=\"http:\/\/www.literaturtelefon-online.de\/wp-content\/uploads\/2017\/09\/hendrik_neubauer_300px.jpg 300w, http:\/\/www.literaturtelefon-online.de\/wp-content\/uploads\/2017\/09\/hendrik_neubauer_300px-269x300.jpg 269w\" sizes=\"auto, (max-width: 300px) 100vw, 300px\" \/><\/p>\n<p>Hendrik Neubauer (geb. 1960 in Hamburg) studierte an der CAU Kiel Mittlere und Neuere Geschichte sowie Neuere Deutsche Literatuwissenschaft und Skandinavistik. Seit Mitte der 1980er Jahre arbeitet er im Bereich der Medien. Aktuell ist er u.a. als freier Redakteur f\u00fcr den Informationsdienst Wissenschaft und das Wissenschaftsjahr t\u00e4tig. F\u00fcr das Fachmagazin <em>ProfiFoto<\/em> schreibt er regelm\u00e4\u00dfig die Kolumne \u201eUngefragt\u201c. Seit 2014 sitzt er als Experte f\u00fcr Fotografie in der Jury \u201eGrenzg\u00e4nger Europa und seine Nachbarn\u201c, ein F\u00f6rderprogramm der Robert Bosch Stiftung in Zusammenarbeit mit dem Literarischen Colloquium Berlin.<\/p>\n<p>Als Autor und Herausgeber verantwortet Neubauer Publikationen mit einer bisherigen Gesamtauflage von fast einer halben Million. Seine Sachbuchtexte sind in mehrere Sprachen \u00fcbersetzt worden. Allein das illustrierte Buch <em>\u201eCurious Moments\u201c<\/em> (Thema: Historische Tageszeitungsfotografie) hat sich mehr als 200.000 mal verkauft.<\/p>\n<p>Seit 2011 ist Neubauer literarisch t\u00e4tig. Gemeinsam mit Arnd R\u00fcskamp hat er drei K\u00fcstenkrimis im emons-Verlag ver\u00f6ffentlicht. Seit 2015 arbeitet er an alleinst\u00e4ndigen litarischen Projekten (Krimi, Lyrik, Roman).<\/p>\n<p><a href=\"https:\/\/de.wikipedia.org\/wiki\/Hendrik_Neubauer\" target=\"_blank\" rel=\"noopener\">Wikipedia \u00fcber den Autor<\/a><\/p>\n<p>Infos \u00fcber Vita und Werke bei <a href=\"http:\/\/www.literaturport.de\/Hendrik.Neubauer\/\" target=\"_blank\" rel=\"noopener\">literaturport.de<\/a><\/p>\n<p>Websites des Autors: <a href=\"http:\/\/www.hendrikneubauer.com\" target=\"_blank\" rel=\"noopener\">www.hendrikneubauer.com<\/a>, <a href=\"http:\/\/www.manhattantransfer.de\" target=\"_blank\" rel=\"noopener\">www.manhattantransfer.de<\/a><\/p>\n<p>Foto: Michael Kneffel<\/p>\n<p>literaturtelefon-online.de | Telefon: 0431\/901-8888<\/p>\n<\/div>\n","protected":false},"excerpt":{"rendered":"<p>Am Literaturtelefon unter der Rufnummer 0431\/901-8888 und auf www.literaturtelefon-online.de liest der Kieler Autor Hendrik Neubauer aus seinem Programm \u201e#La Mer \u2013 Das Gro\u00dfe Blau \u2013 Lyrik und Lieder\u201c. Das vollst\u00e4ndige Programm \u2013 ein literarisch-lyrischer Abend mit der Hans Dylan Band \u2013 ist am Mi, 27.9.2017, 19 Uhr im Kieler Antiquariat Diderot (Gutenbergstr. 5) zu h\u00f6ren. [&hellip;]<\/p>\n","protected":false},"author":6,"featured_media":0,"parent":2472,"menu_order":1,"comment_status":"closed","ping_status":"closed","template":"","meta":{"footnotes":""},"class_list":["post-2474","page","type-page","status-publish","hentry"],"_links":{"self":[{"href":"http:\/\/www.literaturtelefon-online.de\/index.php?rest_route=\/wp\/v2\/pages\/2474","targetHints":{"allow":["GET"]}}],"collection":[{"href":"http:\/\/www.literaturtelefon-online.de\/index.php?rest_route=\/wp\/v2\/pages"}],"about":[{"href":"http:\/\/www.literaturtelefon-online.de\/index.php?rest_route=\/wp\/v2\/types\/page"}],"author":[{"embeddable":true,"href":"http:\/\/www.literaturtelefon-online.de\/index.php?rest_route=\/wp\/v2\/users\/6"}],"replies":[{"embeddable":true,"href":"http:\/\/www.literaturtelefon-online.de\/index.php?rest_route=%2Fwp%2Fv2%2Fcomments&post=2474"}],"version-history":[{"count":10,"href":"http:\/\/www.literaturtelefon-online.de\/index.php?rest_route=\/wp\/v2\/pages\/2474\/revisions"}],"predecessor-version":[{"id":2490,"href":"http:\/\/www.literaturtelefon-online.de\/index.php?rest_route=\/wp\/v2\/pages\/2474\/revisions\/2490"}],"up":[{"embeddable":true,"href":"http:\/\/www.literaturtelefon-online.de\/index.php?rest_route=\/wp\/v2\/pages\/2472"}],"wp:attachment":[{"href":"http:\/\/www.literaturtelefon-online.de\/index.php?rest_route=%2Fwp%2Fv2%2Fmedia&parent=2474"}],"curies":[{"name":"wp","href":"https:\/\/api.w.org\/{rel}","templated":true}]}}