{"id":2455,"date":"2017-08-06T17:23:41","date_gmt":"2017-08-06T15:23:41","guid":{"rendered":"http:\/\/www.literaturtelefon-online.de\/?page_id=2455"},"modified":"2017-08-21T13:38:24","modified_gmt":"2017-08-21T11:38:24","slug":"feridun-zaimoglu","status":"publish","type":"page","link":"http:\/\/www.literaturtelefon-online.de\/?page_id=2455","title":{"rendered":"Feridun Zaimoglu"},"content":{"rendered":"<div style=\"text-align: justify;\">\n<p>Am Literaturtelefon unter der Rufnummer 0431\/901-8888 und auf www.literaturtelefon-online.de liest der Kieler Autor Feridun Zaimoglu aus seinem bei Kiepenheuer &#038; Witsch erschienenen \u201eLuther-Roman\u201c <em>\u201eEvangelio\u201c<\/em>. Die Aufnahme entstand am 26.7.2017 bei einem Besuch in seiner Kieler Schreibstube.<\/p>\n<p><!--[if lt IE 9]><script>document.createElement('audio');<\/script><![endif]-->\n<audio class=\"wp-audio-shortcode\" id=\"audio-2455-1\" preload=\"none\" style=\"width: 100%;\" controls=\"controls\"><source type=\"audio\/mpeg\" src=\"http:\/\/www.literaturtelefon-online.de\/wp-content\/uploads\/2017\/08\/feridun_zaimoglu_evangelio.mp3?_=1\" \/><a href=\"http:\/\/www.literaturtelefon-online.de\/wp-content\/uploads\/2017\/08\/feridun_zaimoglu_evangelio.mp3\">http:\/\/www.literaturtelefon-online.de\/wp-content\/uploads\/2017\/08\/feridun_zaimoglu_evangelio.mp3<\/a><\/audio><br \/>\n<br \/>\n4. Mai 1521 bis 1. M\u00e4rz 1522: Martin Luther h\u00e4lt sich auf der Wartburg auf. G\u00e4nzlich unfreiwillig, denn er ist auf Gehei\u00df des Kurf\u00fcrsten von Sachsen in Gewahrsam genommen worden. Dort sieht er sich gr\u00f6\u00dften Anfechtungen ausgesetzt, vollbringt aber auch sein gr\u00f6\u00dftes Werk: In nur zehn Wochen \u00fcbersetzt er das Neue Testament ins \u201eTeutsche\u201c.<\/p>\n<p>Feridun Zaimoglu begibt sich in die Zeit, auf die Burg und in die K\u00e4mpfe, die der Verdolmetscher auszufechten hat. Dazu bedient er sich eines Ich-Erz\u00e4hlers, der zwar eine erfundene Figur, aber \u00e4u\u00dferst faszinierend ist: Landsknecht Burkhard, ein ungeratener Kaufmannssohn, ist Martin Luther zum Schutze an die Seite gestellt. Seine Perspektive ist es, die den Blick auf das Leben, das Streben und die Qualen des Reformators er\u00f6ffnet.<\/p>\n<p>Burkhard selbst ist Katholik und Anh\u00e4nger des alten Brauchs und sieht Luthers Wirken mit Sorge. Er will nicht abfallen, nicht mit der Sitte brechen und muss doch den, der dieses tut, sch\u00fctzen und bewahren. Ja, er muss Luther sogar begleiten, als dieser heimlich die Burg verl\u00e4sst und sich bei Melanchthon in Wittenberg aufh\u00e4lt. Und er muss Luther beistehen, als ihn die so genannte Teufelsbibel in schlimmste Teufelsvisionen st\u00fcrzt.<\/p>\n<p>Mit klingender Sprache, erstaunlichem Kenntnisreichtum und dramatischer Zuspitzung erz\u00e4hlt Feridun Zaimoglu von dem \u201eHer\u00e4tiker\u201c, einer Zeit im Umbruch und der Macht und Ohnmacht des Glaubens.<\/p>\n<p><img loading=\"lazy\" decoding=\"async\" style=\"margin-left: 40px;\" src=\"http:\/\/www.literaturtelefon-online.de\/wp-content\/uploads\/2017\/08\/feridun_zaimoglu.jpg\" alt=\"\" width=\"140\" height=\"190\" class=\"alignright size-full wp-image-2463\" \/><\/p>\n<p>Feridun Zaimoglu, geboren 1964 im anatolischen Bolu, lebt seit seinem sechsten Lebensjahr in Deutschland. Er studierte Kunst und Humanmedizin in Kiel und schreibt bzw. schrieb f\u00fcr \u201eDie Welt\u201c, die \u201eFrankfurter Rundschau\u201c, \u201eDie ZEIT\u201c und die \u201eFAZ\u201c. 2002 erhielt er den Hebbel-Preis, 2003 den Preis der Jury beim Bachmann-Wettbewerb in Klagenfurt und 2005 den Adelbert-von-Chamisso-Preis. Im Jahr 2005 war er Stipendiat der Villa Massimo in Rom. Im selben Jahr erhielt er den Hugo-Ball-Preis und 2007 den Grimmelshausen-Preis, 2008 den Corine-Preis f\u00fcr seinen Roman <em>\u201eLiebesbrand\u201c<\/em>, 2010 den Jakob-Wassermann-Literaturpreis und 2012 den Preis der Literaturh\u00e4user. Im Jahr 2015 war er Stadtschreiber von Mainz, und 2016 bekam er den Berliner Literaturpreis. Nach seinen Bestsellern <em>\u201eLeyla\u201c<\/em> und <em>\u201eLiebesbrand\u201c<\/em> erschien zuletzt der erfolgreiche Roman <em>\u201eSiebent\u00fcrmeviertel\u201c<\/em>. 2016 erhielt Feridun Zaimoglu die Ehrenprofessur des Landes Schleswig-Holstein.<\/p>\n<p>Zuletzt war Zaimoglu am Literaturtelefon <a href=\"http:\/\/www.literaturtelefon-online.de\/?page_id=726\">im Mai 2013 mit mit seiner Novelle <em>\u201eDer Mietmaler\u201c<\/em><\/a> zu h\u00f6ren.<\/p>\n<p><a href=\"https:\/\/de.wikipedia.org\/wiki\/Feridun_Zaimoglu\" target=\"_blank\">Wikipedia \u00fcber den Autor<\/a><\/p>\n<p>Verlag: <a href=\"http:\/\/www.kiwi-verlag.de\/buch\/evangelio\/978-3-462-05010-3\/\" target=\"_blank\">Kiepenheuer &#038; Witsch<\/a><\/p>\n<p>Foto: \u00f6gyr<\/p>\n<p>literaturtelefon-online.de | Telefon: 0431\/901-8888<\/p>\n<\/div>\n","protected":false},"excerpt":{"rendered":"<p>Am Literaturtelefon unter der Rufnummer 0431\/901-8888 und auf www.literaturtelefon-online.de liest der Kieler Autor Feridun Zaimoglu aus seinem bei Kiepenheuer &#038; Witsch erschienenen \u201eLuther-Roman\u201c \u201eEvangelio\u201c. Die Aufnahme entstand am 26.7.2017 bei einem Besuch in seiner Kieler Schreibstube. 4. Mai 1521 bis 1. M\u00e4rz 1522: Martin Luther h\u00e4lt sich auf der Wartburg auf. G\u00e4nzlich unfreiwillig, denn er [&hellip;]<\/p>\n","protected":false},"author":6,"featured_media":0,"parent":2436,"menu_order":2,"comment_status":"closed","ping_status":"closed","template":"","meta":{"footnotes":""},"class_list":["post-2455","page","type-page","status-publish","hentry"],"_links":{"self":[{"href":"http:\/\/www.literaturtelefon-online.de\/index.php?rest_route=\/wp\/v2\/pages\/2455","targetHints":{"allow":["GET"]}}],"collection":[{"href":"http:\/\/www.literaturtelefon-online.de\/index.php?rest_route=\/wp\/v2\/pages"}],"about":[{"href":"http:\/\/www.literaturtelefon-online.de\/index.php?rest_route=\/wp\/v2\/types\/page"}],"author":[{"embeddable":true,"href":"http:\/\/www.literaturtelefon-online.de\/index.php?rest_route=\/wp\/v2\/users\/6"}],"replies":[{"embeddable":true,"href":"http:\/\/www.literaturtelefon-online.de\/index.php?rest_route=%2Fwp%2Fv2%2Fcomments&post=2455"}],"version-history":[{"count":8,"href":"http:\/\/www.literaturtelefon-online.de\/index.php?rest_route=\/wp\/v2\/pages\/2455\/revisions"}],"predecessor-version":[{"id":2465,"href":"http:\/\/www.literaturtelefon-online.de\/index.php?rest_route=\/wp\/v2\/pages\/2455\/revisions\/2465"}],"up":[{"embeddable":true,"href":"http:\/\/www.literaturtelefon-online.de\/index.php?rest_route=\/wp\/v2\/pages\/2436"}],"wp:attachment":[{"href":"http:\/\/www.literaturtelefon-online.de\/index.php?rest_route=%2Fwp%2Fv2%2Fmedia&parent=2455"}],"curies":[{"name":"wp","href":"https:\/\/api.w.org\/{rel}","templated":true}]}}