{"id":2426,"date":"2017-07-15T22:19:16","date_gmt":"2017-07-15T20:19:16","guid":{"rendered":"http:\/\/www.literaturtelefon-online.de\/?page_id=2426"},"modified":"2017-07-24T14:19:00","modified_gmt":"2017-07-24T12:19:00","slug":"olga-grjasnowa","status":"publish","type":"page","link":"http:\/\/www.literaturtelefon-online.de\/?page_id=2426","title":{"rendered":"Olga Grjasnowa"},"content":{"rendered":"<div style=\"text-align: justify;\">\n<p>Am Literaturtelefon unter der Rufnummer 0431\/901-8888 und auf www.literaturtelefon-online.de liest die Chamisso-F\u00f6rderpreistr\u00e4gerin 2015, Olga Grjasnowa, aus ihrem Roman <em>\u201eGott ist nicht sch\u00fcchtern\u201c<\/em> (erschienen im Aufbau Verlag). Die Aufnahme entstand bei einer Lesung im Literaturhaus Schleswig-Holstein am 24.4.2017.<\/p>\n<p><!--[if lt IE 9]><script>document.createElement('audio');<\/script><![endif]-->\n<audio class=\"wp-audio-shortcode\" id=\"audio-2426-1\" preload=\"none\" style=\"width: 100%;\" controls=\"controls\"><source type=\"audio\/mpeg\" src=\"http:\/\/www.literaturtelefon-online.de\/wp-content\/uploads\/2017\/07\/olga_grjasnowa_gott_ist_nicht_schuechtern.mp3?_=1\" \/><a href=\"http:\/\/www.literaturtelefon-online.de\/wp-content\/uploads\/2017\/07\/olga_grjasnowa_gott_ist_nicht_schuechtern.mp3\">http:\/\/www.literaturtelefon-online.de\/wp-content\/uploads\/2017\/07\/olga_grjasnowa_gott_ist_nicht_schuechtern.mp3<\/a><\/audio><br \/>\n<br \/>\nF\u00fcr ihren vielbeachteten Deb\u00fctroman <em>\u201eDer Russe ist einer, der Birken liebt\u201c<\/em> erhielt Olga Grjasnowa 2012 den Klaus-Michael-K\u00fchne-Preis und den Anna Seghers-Preis. Nun stellt die junge Autorin ihren dritten Roman <em>\u201eGott ist nicht sch\u00fcchtern\u201c<\/em> vor und erz\u00e4hlt darin die aufw\u00fchlende Geschichte von Amal und Hammoudi, die durch die Wirren der Revolution in Syrien pl\u00f6tzlich alles verlieren und sich \u2013 ums \u00dcberleben k\u00e4mpfend \u2013 ins Ungewisse nach Europa aufmachen m\u00fcssen.<\/p>\n<p><img loading=\"lazy\" decoding=\"async\" style=\"margin-left: 40px;\" src=\"http:\/\/www.literaturtelefon-online.de\/wp-content\/uploads\/2017\/07\/olga_grjasnowa.jpg\" alt=\"\" width=\"140\" height=\"208\" class=\"alignright size-full wp-image-2432\" \/><\/p>\n<p>Olga Grjasnowa, 1984 in Baku geboren, kam in ihrer Kindheit als j\u00fcdischer Kontingentfl\u00fcchtling nach Deutschland und lebte l\u00e4ngere Zeit auch in Polen, Russland, Israel und der T\u00fcrkei. Sie absolvierte ein Studium am Literaturinstitut in Leipzig.<\/p>\n<p><a href=\"https:\/\/de.wikipedia.org\/wiki\/Olga_Grjasnowa\" target=\"_blank\">Wikipedia \u00fcber die Autorin<\/a><\/p>\n<p>Verlag: <a href=\"http:\/\/www.aufbau-verlag.de\/index.php\/gott-ist-nicht-schuchtern.html\" target=\"_blank\">Aufbau Verlag<\/a><\/p>\n<p>Foto: Falk Tennstedt<\/p>\n<p>literaturtelefon-online.de | Telefon: 0431\/901-8888<\/p>\n<\/div>\n","protected":false},"excerpt":{"rendered":"<p>Am Literaturtelefon unter der Rufnummer 0431\/901-8888 und auf www.literaturtelefon-online.de liest die Chamisso-F\u00f6rderpreistr\u00e4gerin 2015, Olga Grjasnowa, aus ihrem Roman \u201eGott ist nicht sch\u00fcchtern\u201c (erschienen im Aufbau Verlag). Die Aufnahme entstand bei einer Lesung im Literaturhaus Schleswig-Holstein am 24.4.2017. F\u00fcr ihren vielbeachteten Deb\u00fctroman \u201eDer Russe ist einer, der Birken liebt\u201c erhielt Olga Grjasnowa 2012 den Klaus-Michael-K\u00fchne-Preis und [&hellip;]<\/p>\n","protected":false},"author":6,"featured_media":0,"parent":2373,"menu_order":3,"comment_status":"closed","ping_status":"closed","template":"","meta":{"footnotes":""},"class_list":["post-2426","page","type-page","status-publish","hentry"],"_links":{"self":[{"href":"http:\/\/www.literaturtelefon-online.de\/index.php?rest_route=\/wp\/v2\/pages\/2426","targetHints":{"allow":["GET"]}}],"collection":[{"href":"http:\/\/www.literaturtelefon-online.de\/index.php?rest_route=\/wp\/v2\/pages"}],"about":[{"href":"http:\/\/www.literaturtelefon-online.de\/index.php?rest_route=\/wp\/v2\/types\/page"}],"author":[{"embeddable":true,"href":"http:\/\/www.literaturtelefon-online.de\/index.php?rest_route=\/wp\/v2\/users\/6"}],"replies":[{"embeddable":true,"href":"http:\/\/www.literaturtelefon-online.de\/index.php?rest_route=%2Fwp%2Fv2%2Fcomments&post=2426"}],"version-history":[{"count":6,"href":"http:\/\/www.literaturtelefon-online.de\/index.php?rest_route=\/wp\/v2\/pages\/2426\/revisions"}],"predecessor-version":[{"id":2434,"href":"http:\/\/www.literaturtelefon-online.de\/index.php?rest_route=\/wp\/v2\/pages\/2426\/revisions\/2434"}],"up":[{"embeddable":true,"href":"http:\/\/www.literaturtelefon-online.de\/index.php?rest_route=\/wp\/v2\/pages\/2373"}],"wp:attachment":[{"href":"http:\/\/www.literaturtelefon-online.de\/index.php?rest_route=%2Fwp%2Fv2%2Fmedia&parent=2426"}],"curies":[{"name":"wp","href":"https:\/\/api.w.org\/{rel}","templated":true}]}}