{"id":2365,"date":"2017-05-20T02:04:13","date_gmt":"2017-05-20T00:04:13","guid":{"rendered":"http:\/\/www.literaturtelefon-online.de\/?page_id=2365"},"modified":"2021-07-01T19:49:01","modified_gmt":"2021-07-01T17:49:01","slug":"junger-literaturpreis-2017-pernille-leu","status":"publish","type":"page","link":"http:\/\/www.literaturtelefon-online.de\/?page_id=2365","title":{"rendered":"Junger Literaturpreis 2017: Pernille Leu"},"content":{"rendered":"<div style=\"text-align: justify;\">\n<p>Am Literaturtelefon unter der Rufnummer 0431\/901-8888 und auf www.literaturtelefon-online.de sind in den kommenden vier Wochen die zweit- und drittplatzierten Preistr\u00e4gerinnen des vom Freundeskreis des Literaturhauses Schleswig-Holstein e.V. ausgeschriebenen Jungen Literaturpreises S.-H. 2017 zu h\u00f6ren. Pernille Leu gewann mit ihrem Text \u201eAusblicke\u201c den 2. Preis. Die Aufnahme entstand im Rahmen der Lesung zur Preisverleihung im Literaturhaus S.-H. am 25.4.2017.<\/p>\n<p><!--[if lt IE 9]><script>document.createElement('audio');<\/script><![endif]-->\n<audio class=\"wp-audio-shortcode\" id=\"audio-2365-1\" preload=\"none\" style=\"width: 100%;\" controls=\"controls\"><source type=\"audio\/mpeg\" src=\"http:\/\/www.literaturtelefon-online.de\/wp-content\/uploads\/2017\/05\/pernille_leu_ausblicke.mp3?_=1\" \/><a href=\"http:\/\/www.literaturtelefon-online.de\/wp-content\/uploads\/2017\/05\/pernille_leu_ausblicke.mp3\">http:\/\/www.literaturtelefon-online.de\/wp-content\/uploads\/2017\/05\/pernille_leu_ausblicke.mp3<\/a><\/audio><br \/>\n<br \/>\n<img loading=\"lazy\" decoding=\"async\" style=\"margin-left: 40px;\" src=\"http:\/\/www.literaturtelefon-online.de\/wp-content\/uploads\/2021\/07\/pernille_leu_neu.jpg\" alt=\"\" width=\"300\" height=\"402\" class=\"alignright size-full wp-image-4097\" srcset=\"http:\/\/www.literaturtelefon-online.de\/wp-content\/uploads\/2021\/07\/pernille_leu_neu.jpg 300w, http:\/\/www.literaturtelefon-online.de\/wp-content\/uploads\/2021\/07\/pernille_leu_neu-224x300.jpg 224w\" sizes=\"auto, (max-width: 300px) 100vw, 300px\" \/>Juror Arne Cardel beschrieb den Text in seiner Laudatio wie folgt: \u201ePernille Leus Text hat die Jury geradezu \u201everhext\u201c. Nein, keine Harry-Potter-Adaption mit Zauberspr\u00fcchen und auch keine Grimmsche M\u00e4rchenatmosph\u00e4re und auch keine \u201eKleine Hexe\u201c Ottfried Preu\u00dflers. Die Autorin bietet uns Lesern an, dass wir ihrer Ich-Erz\u00e4hlerin folgen und ihr abnehmen, sie sei seit 1963 verheiratet, sie habe eine Tochter, eine Diplomatin in Bolivien, die mit einer Frau verheiratet sei. Sie bietet ferner an, dass ihr wohl Ehemann verstarb, und nun steht sie in einer Kieler Wohnung am Fenster und wartet auf ihren Tod, der sich ank\u00fcndigt, da der Tumor in ihrem Leib w\u00e4chst.<\/p>\n<p>Aber dass Frauen ihrer Familie nachts an Fenstern stehen und in die schlaflose Nacht schauen, das kennt unsere Erz\u00e4hlerin; sie hat es schon als Kind bei ihrer Gro\u00dfmutter beobachten k\u00f6nnen. Die Frauen dieser Familie sp\u00fcren den nahenden Tod, der sie wissentlich ereilt, der sie abholt, mal als Gruppe von hexengleichen Schemen, mal anders \u2013 das bleibt offen und das ist gut so.\u201c<\/p>\n<p>Die Texte der Preistr\u00e4gerinnen sind nachzulesen unter: <a href=\"http:\/\/flsh-kiel.de\/2017\/04\/26\/texte-junger-literaturpreis-201617\/\" target=\"_blank\" rel=\"noopener noreferrer\">www.flsh-kiel.de<\/a>. Ein Bericht \u00fcber die Preisverleihung findet sich <a href=\"http:\/\/www.hansen-munk.de\/2017\/04\/27\/wenn-sprache-waechst-wie-eine-rose\/\" target=\"_blank\" rel=\"noopener noreferrer\">hier<\/a>.<\/p>\n<p>Foto: privat<\/p>\n<p>literaturtelefon-online.de | Telefon: 0431\/901-8888<\/p>\n<\/div>\n","protected":false},"excerpt":{"rendered":"<p>Am Literaturtelefon unter der Rufnummer 0431\/901-8888 und auf www.literaturtelefon-online.de sind in den kommenden vier Wochen die zweit- und drittplatzierten Preistr\u00e4gerinnen des vom Freundeskreis des Literaturhauses Schleswig-Holstein e.V. ausgeschriebenen Jungen Literaturpreises S.-H. 2017 zu h\u00f6ren. Pernille Leu gewann mit ihrem Text \u201eAusblicke\u201c den 2. Preis. Die Aufnahme entstand im Rahmen der Lesung zur Preisverleihung im Literaturhaus [&hellip;]<\/p>\n","protected":false},"author":6,"featured_media":0,"parent":2352,"menu_order":2,"comment_status":"closed","ping_status":"closed","template":"","meta":{"footnotes":""},"class_list":["post-2365","page","type-page","status-publish","hentry"],"_links":{"self":[{"href":"http:\/\/www.literaturtelefon-online.de\/index.php?rest_route=\/wp\/v2\/pages\/2365","targetHints":{"allow":["GET"]}}],"collection":[{"href":"http:\/\/www.literaturtelefon-online.de\/index.php?rest_route=\/wp\/v2\/pages"}],"about":[{"href":"http:\/\/www.literaturtelefon-online.de\/index.php?rest_route=\/wp\/v2\/types\/page"}],"author":[{"embeddable":true,"href":"http:\/\/www.literaturtelefon-online.de\/index.php?rest_route=\/wp\/v2\/users\/6"}],"replies":[{"embeddable":true,"href":"http:\/\/www.literaturtelefon-online.de\/index.php?rest_route=%2Fwp%2Fv2%2Fcomments&post=2365"}],"version-history":[{"count":9,"href":"http:\/\/www.literaturtelefon-online.de\/index.php?rest_route=\/wp\/v2\/pages\/2365\/revisions"}],"predecessor-version":[{"id":4098,"href":"http:\/\/www.literaturtelefon-online.de\/index.php?rest_route=\/wp\/v2\/pages\/2365\/revisions\/4098"}],"up":[{"embeddable":true,"href":"http:\/\/www.literaturtelefon-online.de\/index.php?rest_route=\/wp\/v2\/pages\/2352"}],"wp:attachment":[{"href":"http:\/\/www.literaturtelefon-online.de\/index.php?rest_route=%2Fwp%2Fv2%2Fmedia&parent=2365"}],"curies":[{"name":"wp","href":"https:\/\/api.w.org\/{rel}","templated":true}]}}