{"id":2354,"date":"2017-05-20T01:19:34","date_gmt":"2017-05-19T23:19:34","guid":{"rendered":"http:\/\/www.literaturtelefon-online.de\/?page_id=2354"},"modified":"2017-05-29T13:03:43","modified_gmt":"2017-05-29T11:03:43","slug":"junger-literaturpreis-greta-weber","status":"publish","type":"page","link":"http:\/\/www.literaturtelefon-online.de\/?page_id=2354","title":{"rendered":"Junger Literaturpreis 2017: Greta Weber"},"content":{"rendered":"<div style=\"text-align: justify;\">\n<p>Am Literaturtelefon unter der Rufnummer 0431\/901-8888 und auf www.literaturtelefon-online.de sind in den kommenden sechs Wochen die ersten drei Preistr\u00e4gerinnen des vom Freundeskreis des Literaturhauses Schleswig-Holstein e.V. ausgeschriebenen Jungen Literaturpreises S.-H. 2017 zu h\u00f6ren. Greta Weber gewann mit ihrem Text \u201eAus ihrer Wange, das Leben\u201c den 1. Preis. Die Aufnahme entstand im Rahmen der Lesung zur Preisverleihung im Literaturhaus S.-H. am 25.4.2017.<\/p>\n<p><!--[if lt IE 9]><script>document.createElement('audio');<\/script><![endif]-->\n<audio class=\"wp-audio-shortcode\" id=\"audio-2354-1\" preload=\"none\" style=\"width: 100%;\" controls=\"controls\"><source type=\"audio\/mpeg\" src=\"http:\/\/www.literaturtelefon-online.de\/wp-content\/uploads\/2017\/05\/greta_weber_aus_ihrer_wange_das_leben.mp3?_=1\" \/><a href=\"http:\/\/www.literaturtelefon-online.de\/wp-content\/uploads\/2017\/05\/greta_weber_aus_ihrer_wange_das_leben.mp3\">http:\/\/www.literaturtelefon-online.de\/wp-content\/uploads\/2017\/05\/greta_weber_aus_ihrer_wange_das_leben.mp3<\/a><\/audio><br \/>\n<br \/>\nJuror J\u00f6rg Meyer beschrieb den Text in seiner Laudatio wie folgt: \u201eDa w\u00e4chst was im Mund, hinter der Wange, das zun\u00e4chst wie ein Fremdk\u00f6rper erscheint. Was ist das? Ein Krebsgeschw\u00fcr, ein fauler Zahn &#8230;? Man f\u00fchlt sich an Kafkas Gregor Samsa erinnert, der in \u201eDie Verwandlung\u201c zu einem K\u00e4fer mutiert erwacht.<\/p>\n<p><img loading=\"lazy\" decoding=\"async\" class=\"alignright size-full wp-image-2357\" style=\"margin-left: 40px;\" src=\"http:\/\/www.literaturtelefon-online.de\/wp-content\/uploads\/2017\/05\/greta_weber.jpg\" width=\"140\" height=\"134\" \/><\/p>\n<p>Aber dieser dornige, verst\u00f6rende Fremdk\u00f6rper wird im Verlauf der Geschichte mehr und mehr zum \u2013 man kann es treffend so sagen \u2013 bl\u00fchenden Leben. Fast surreal, symbolistisch erz\u00e4hlt Greta Weber einen Wachstums-, vielleicht auch Erwachsenwerdens-Prozess. Was ist Leben?, fragt ihre Kurzgeschichte und gibt die sehr reife, geradezu weise Antwort, dass es aus Schmerzen geboren wird, aus einem Defekt &#8230; Dass dieses neue Leben im Mund heranw\u00e4chst, darf man als Symbol lesen \u2013 f\u00fcr das Leben, das in Literatur aus der Sprache w\u00e4chst, als lebendiger Text. Und nicht nur als sch\u00f6ne Bl\u00fcte wie am Ende, sondern eben auch nicht ohne Dornen.\u201c<\/p>\n<p>Die Texte der Preistr\u00e4gerinnen sind nachzulesen unter: <a href=\"http:\/\/flsh-kiel.de\/2017\/04\/26\/texte-junger-literaturpreis-201617\/\" target=\"_blank\" rel=\"noopener noreferrer\">www.flsh-kiel.de<\/a>. Ein Bericht \u00fcber die Preisverleihung findet sich <a href=\"http:\/\/www.hansen-munk.de\/2017\/04\/27\/wenn-sprache-waechst-wie-eine-rose\/\" target=\"_blank\" rel=\"noopener noreferrer\">hier<\/a>.<\/p>\n<p>Foto: privat<\/p>\n<p>literaturtelefon-online.de | Telefon: 0431\/901-8888<\/p>\n<\/div>\n","protected":false},"excerpt":{"rendered":"<p>Am Literaturtelefon unter der Rufnummer 0431\/901-8888 und auf www.literaturtelefon-online.de sind in den kommenden sechs Wochen die ersten drei Preistr\u00e4gerinnen des vom Freundeskreis des Literaturhauses Schleswig-Holstein e.V. ausgeschriebenen Jungen Literaturpreises S.-H. 2017 zu h\u00f6ren. Greta Weber gewann mit ihrem Text \u201eAus ihrer Wange, das Leben\u201c den 1. Preis. Die Aufnahme entstand im Rahmen der Lesung zur [&hellip;]<\/p>\n","protected":false},"author":6,"featured_media":0,"parent":2352,"menu_order":1,"comment_status":"closed","ping_status":"closed","template":"","meta":{"footnotes":""},"class_list":["post-2354","page","type-page","status-publish","hentry"],"_links":{"self":[{"href":"http:\/\/www.literaturtelefon-online.de\/index.php?rest_route=\/wp\/v2\/pages\/2354","targetHints":{"allow":["GET"]}}],"collection":[{"href":"http:\/\/www.literaturtelefon-online.de\/index.php?rest_route=\/wp\/v2\/pages"}],"about":[{"href":"http:\/\/www.literaturtelefon-online.de\/index.php?rest_route=\/wp\/v2\/types\/page"}],"author":[{"embeddable":true,"href":"http:\/\/www.literaturtelefon-online.de\/index.php?rest_route=\/wp\/v2\/users\/6"}],"replies":[{"embeddable":true,"href":"http:\/\/www.literaturtelefon-online.de\/index.php?rest_route=%2Fwp%2Fv2%2Fcomments&post=2354"}],"version-history":[{"count":9,"href":"http:\/\/www.literaturtelefon-online.de\/index.php?rest_route=\/wp\/v2\/pages\/2354\/revisions"}],"predecessor-version":[{"id":2402,"href":"http:\/\/www.literaturtelefon-online.de\/index.php?rest_route=\/wp\/v2\/pages\/2354\/revisions\/2402"}],"up":[{"embeddable":true,"href":"http:\/\/www.literaturtelefon-online.de\/index.php?rest_route=\/wp\/v2\/pages\/2352"}],"wp:attachment":[{"href":"http:\/\/www.literaturtelefon-online.de\/index.php?rest_route=%2Fwp%2Fv2%2Fmedia&parent=2354"}],"curies":[{"name":"wp","href":"https:\/\/api.w.org\/{rel}","templated":true}]}}