{"id":2309,"date":"2017-04-09T02:05:17","date_gmt":"2017-04-09T00:05:17","guid":{"rendered":"http:\/\/www.literaturtelefon-online.de\/?page_id=2309"},"modified":"2017-05-02T16:25:35","modified_gmt":"2017-05-02T14:25:35","slug":"jonas-luescher","status":"publish","type":"page","link":"http:\/\/www.literaturtelefon-online.de\/?page_id=2309","title":{"rendered":"Jonas L\u00fcscher"},"content":{"rendered":"<div style=\"text-align: justify;\">\n<p>Am Literaturtelefon unter der Rufnummer 0431\/901-8888 und auf www.literaturtelefon-online.de liest der Schweizer Autor Jonas L\u00fcscher aus seinem bei C.H. Beck erschienenen Roman \u201eKraft\u201c. Die Aufnahme entstand bei einer Lesung im Literaturhaus Schleswig-Holstein am 16.3.2017.<\/p>\n<p><!--[if lt IE 9]><script>document.createElement('audio');<\/script><![endif]-->\n<audio class=\"wp-audio-shortcode\" id=\"audio-2309-1\" preload=\"none\" style=\"width: 100%;\" controls=\"controls\"><source type=\"audio\/mpeg\" src=\"http:\/\/www.literaturtelefon-online.de\/wp-content\/uploads\/2017\/04\/jonas_luescher_kraft.mp3?_=1\" \/><a href=\"http:\/\/www.literaturtelefon-online.de\/wp-content\/uploads\/2017\/04\/jonas_luescher_kraft.mp3\">http:\/\/www.literaturtelefon-online.de\/wp-content\/uploads\/2017\/04\/jonas_luescher_kraft.mp3<\/a><\/audio><br \/>\n<br \/>\nDer Rhetorikprofessor Richard Kraft, von Ehekrise und Finanzmisere gebeutelt, erh\u00e4lt von einem alten Studienfreund eine Einladung nach Standford: Ist das die rettende M\u00f6glichkeit aus seinem Ungl\u00fcck? F\u00fcr die Teilnahme an einer Preisfrage zum Theodizee-Problem winken dem Sieger eine Million Dollar \u2013 ausgelobt von einem verr\u00fcckten Silicon-Valley-Investor. Kraft fliegt also nach Amerika. Furios, komisch und hintergr\u00fcndig b\u00f6se erz\u00e4hlt L\u00fcscher von einem Mann, der vor den Tr\u00fcmmern seines Lebens steht, und von einer zu jedem Tabubruch bereiten Machtelite, die scheinbar nichts und niemand aufhalten kann.<\/p>\n<p><img loading=\"lazy\" decoding=\"async\" style=\"margin-left: 40px;\" src=\"http:\/\/www.literaturtelefon-online.de\/wp-content\/uploads\/2017\/04\/jonas_luescher.jpg\" width=\"140\" height=\"218\" class=\"alignright size-full wp-image-2325\" \/><\/p>\n<p>Jonas L\u00fcscher, geboren 1976 in der Schweiz, wuchs in Bern auf. Nach einigen Jahren als Stoffentwickler und Dramaturg in der M\u00fcnchner Filmwirtschaft studierte er an der Hochschule f\u00fcr Philosophie M\u00fcnchen. Anschlie\u00dfend folgten zwei Jahre als Wissenschaftlicher Mitarbeiter am Institut Technik-Theologie-Naturwissenschaften (TTN) der LMU M\u00fcnchen, gleichzeitig arbeitete er als Ethiklehrer an der Staatlichen Wirtschaftsschule M\u00fcnchen\/Pasing. 2011 wechselte L\u00fcscher an die ETH Z\u00fcrich. Er schrieb dort bei Michael Hampe an einer Dissertation \u00fcber die Bedeutung von Narrationen f\u00fcr die Beschreibung sozialer Komplexit\u00e4t vor dem Hintergrund von Richard Rortys Neo-Pragmatismus. 2012\/13 verbrachte er, mit einem Stipendium des Schweizerischen Nationalfonds, neun Monate als Visiting Researcher am Comparative Literature Department der Stanford University.<\/p>\n<p>Jonas L\u00fcscher las zuletzt im August 2014 am Literaturtelefon aus seinem Deb\u00fct-Roman <a href=\"http:\/\/www.literaturtelefon-online.de\/?page_id=1332\">\u201eFr\u00fchling der Barbaren\u201c<\/a>.<\/p>\n<p><a href=\"https:\/\/de.wikipedia.org\/wiki\/Jonas_L%C3%BCscher\" target=\"_blank\">Wikipedia \u00fcber den Autor<\/a><\/p>\n<p>Verlag: <a href=\"http:\/\/www.chbeck.de\/Luescher-Kraft\/productview.aspx?product=17627187\" target=\"_blank\">www.chbeck.de<\/a><\/p>\n<p>Foto: Jonas Rogowski \/ wikipedia<\/p>\n<p>literaturtelefon-online.de | Telefon: 0431\/901-8888<\/p>\n<\/div>\n","protected":false},"excerpt":{"rendered":"<p>Am Literaturtelefon unter der Rufnummer 0431\/901-8888 und auf www.literaturtelefon-online.de liest der Schweizer Autor Jonas L\u00fcscher aus seinem bei C.H. Beck erschienenen Roman \u201eKraft\u201c. Die Aufnahme entstand bei einer Lesung im Literaturhaus Schleswig-Holstein am 16.3.2017. Der Rhetorikprofessor Richard Kraft, von Ehekrise und Finanzmisere gebeutelt, erh\u00e4lt von einem alten Studienfreund eine Einladung nach Standford: Ist das die [&hellip;]<\/p>\n","protected":false},"author":6,"featured_media":0,"parent":2311,"menu_order":1,"comment_status":"closed","ping_status":"closed","template":"","meta":{"footnotes":""},"class_list":["post-2309","page","type-page","status-publish","hentry"],"_links":{"self":[{"href":"http:\/\/www.literaturtelefon-online.de\/index.php?rest_route=\/wp\/v2\/pages\/2309","targetHints":{"allow":["GET"]}}],"collection":[{"href":"http:\/\/www.literaturtelefon-online.de\/index.php?rest_route=\/wp\/v2\/pages"}],"about":[{"href":"http:\/\/www.literaturtelefon-online.de\/index.php?rest_route=\/wp\/v2\/types\/page"}],"author":[{"embeddable":true,"href":"http:\/\/www.literaturtelefon-online.de\/index.php?rest_route=\/wp\/v2\/users\/6"}],"replies":[{"embeddable":true,"href":"http:\/\/www.literaturtelefon-online.de\/index.php?rest_route=%2Fwp%2Fv2%2Fcomments&post=2309"}],"version-history":[{"count":11,"href":"http:\/\/www.literaturtelefon-online.de\/index.php?rest_route=\/wp\/v2\/pages\/2309\/revisions"}],"predecessor-version":[{"id":2328,"href":"http:\/\/www.literaturtelefon-online.de\/index.php?rest_route=\/wp\/v2\/pages\/2309\/revisions\/2328"}],"up":[{"embeddable":true,"href":"http:\/\/www.literaturtelefon-online.de\/index.php?rest_route=\/wp\/v2\/pages\/2311"}],"wp:attachment":[{"href":"http:\/\/www.literaturtelefon-online.de\/index.php?rest_route=%2Fwp%2Fv2%2Fmedia&parent=2309"}],"curies":[{"name":"wp","href":"https:\/\/api.w.org\/{rel}","templated":true}]}}