{"id":2296,"date":"2017-04-09T01:19:32","date_gmt":"2017-04-08T23:19:32","guid":{"rendered":"http:\/\/www.literaturtelefon-online.de\/?page_id=2296"},"modified":"2017-04-16T16:30:58","modified_gmt":"2017-04-16T14:30:58","slug":"bernhard-kegel","status":"publish","type":"page","link":"http:\/\/www.literaturtelefon-online.de\/?page_id=2296","title":{"rendered":"Bernhard Kegel"},"content":{"rendered":"<div style=\"text-align: justify;\">\nAm Literaturtelefon unter der Rufnummer 0431\/901-8888 und auf www.literaturtelefon-online.de liest der vielfach ausgezeichnete Roman- und Sachbuchautor Bernhard Kegel aus seinem bei \u201emare\u201c erschienenen Wissenschaftskrimi \u201eAbgrund\u201c. Die Aufnahme entstand bei einer Lesung im Literaturhaus Schleswig-Holstein am 14.3.2017.<\/p>\n<p><!--[if lt IE 9]><script>document.createElement('audio');<\/script><![endif]-->\n<audio class=\"wp-audio-shortcode\" id=\"audio-2296-1\" preload=\"none\" style=\"width: 100%;\" controls=\"controls\"><source type=\"audio\/mpeg\" src=\"http:\/\/www.literaturtelefon-online.de\/wp-content\/uploads\/2017\/04\/bernhard_kegel_abgrund.mp3?_=1\" \/><a href=\"http:\/\/www.literaturtelefon-online.de\/wp-content\/uploads\/2017\/04\/bernhard_kegel_abgrund.mp3\">http:\/\/www.literaturtelefon-online.de\/wp-content\/uploads\/2017\/04\/bernhard_kegel_abgrund.mp3<\/a><\/audio><br \/>\n<br \/>\nKegel gibt in seinem neuen Roman um den Kieler Geomar-Biologieprofessor Hermann Pauli gewohnt sachlich fundiert und in der Handlung fesselnd Einblicke in die Faszination und Abgr\u00fcnde der biologischen Forschung: Pauli reist zusammen mit seiner Partnerin, Kriminalhauptkommissarin Anne Detlefsen, auf die Galapagosinseln, als er sich pl\u00f6tzlich in die Recherchen \u00fcber einen mysteri\u00f6sen Hai verstrickt, der selbst den Experten der \u00f6rtlichen Forschungsstation R\u00e4tsel aufgibt.<\/p>\n<p><img loading=\"lazy\" decoding=\"async\" style=\"margin-left:40px;\" src=\"http:\/\/www.literaturtelefon-online.de\/wp-content\/uploads\/2017\/04\/bernhard_kegel.jpg\" width=\"140\" height=\"196\" class=\"alignright size-full wp-image-2300\" \/><\/p>\n<p>Bernhard Kegel (geb. 1953) ist promovierter Biologe, stand schon auf der Shortlist zum \u00f6sterreichischen Wissenschaftsbuch des Jahres und begeistert mit seinen Pauli-Krimis seit Jahren stets aufs Neue.<\/p>\n<p>Autor: <a href=\"http:\/\/www.bernhardkegel.de\" target=\"_blank\">www.bernhardkegel.de<\/a><\/p>\n<p>Verlag: <a href=\"http:\/\/www.mare.de\/index.php?article_id=4534&#038;setCookie=1\" target=\"_blank\">www.mare.de<\/a><\/p>\n<p>Foto: Falk Tennstedt<\/p>\n<p>literaturtelefon-online.de | Telefon: 0431\/901-8888\n<\/p><\/div>\n","protected":false},"excerpt":{"rendered":"<p>Am Literaturtelefon unter der Rufnummer 0431\/901-8888 und auf www.literaturtelefon-online.de liest der vielfach ausgezeichnete Roman- und Sachbuchautor Bernhard Kegel aus seinem bei \u201emare\u201c erschienenen Wissenschaftskrimi \u201eAbgrund\u201c. Die Aufnahme entstand bei einer Lesung im Literaturhaus Schleswig-Holstein am 14.3.2017. Kegel gibt in seinem neuen Roman um den Kieler Geomar-Biologieprofessor Hermann Pauli gewohnt sachlich fundiert und in der Handlung [&hellip;]<\/p>\n","protected":false},"author":6,"featured_media":0,"parent":2271,"menu_order":2,"comment_status":"closed","ping_status":"closed","template":"","meta":{"footnotes":""},"class_list":["post-2296","page","type-page","status-publish","hentry"],"_links":{"self":[{"href":"http:\/\/www.literaturtelefon-online.de\/index.php?rest_route=\/wp\/v2\/pages\/2296","targetHints":{"allow":["GET"]}}],"collection":[{"href":"http:\/\/www.literaturtelefon-online.de\/index.php?rest_route=\/wp\/v2\/pages"}],"about":[{"href":"http:\/\/www.literaturtelefon-online.de\/index.php?rest_route=\/wp\/v2\/types\/page"}],"author":[{"embeddable":true,"href":"http:\/\/www.literaturtelefon-online.de\/index.php?rest_route=\/wp\/v2\/users\/6"}],"replies":[{"embeddable":true,"href":"http:\/\/www.literaturtelefon-online.de\/index.php?rest_route=%2Fwp%2Fv2%2Fcomments&post=2296"}],"version-history":[{"count":6,"href":"http:\/\/www.literaturtelefon-online.de\/index.php?rest_route=\/wp\/v2\/pages\/2296\/revisions"}],"predecessor-version":[{"id":2304,"href":"http:\/\/www.literaturtelefon-online.de\/index.php?rest_route=\/wp\/v2\/pages\/2296\/revisions\/2304"}],"up":[{"embeddable":true,"href":"http:\/\/www.literaturtelefon-online.de\/index.php?rest_route=\/wp\/v2\/pages\/2271"}],"wp:attachment":[{"href":"http:\/\/www.literaturtelefon-online.de\/index.php?rest_route=%2Fwp%2Fv2%2Fmedia&parent=2296"}],"curies":[{"name":"wp","href":"https:\/\/api.w.org\/{rel}","templated":true}]}}