{"id":2273,"date":"2017-02-19T23:41:33","date_gmt":"2017-02-19T21:41:33","guid":{"rendered":"http:\/\/www.literaturtelefon-online.de\/?page_id=2273"},"modified":"2017-04-03T10:53:56","modified_gmt":"2017-04-03T08:53:56","slug":"teresa-praeauer","status":"publish","type":"page","link":"http:\/\/www.literaturtelefon-online.de\/?page_id=2273","title":{"rendered":"Teresa Pr\u00e4auer"},"content":{"rendered":"<div style=\"text-align: justify;\">\nAm Literaturtelefon unter der Rufnummer 0431\/901-8888 und auf www.literaturtelefon-online.de liest die \u00f6sterreichische Autorin Teresa Pr\u00e4auer aus ihrem 2016 im Wallstein Verlag erschienenen Roman \u201eOh Schimmi\u201c. Die Aufnahme entstand bei einer Lesung im Literaturhaus Schleswig-Holstein am 23.2.2017.<\/p>\n<p><!--[if lt IE 9]><script>document.createElement('audio');<\/script><![endif]-->\n<audio class=\"wp-audio-shortcode\" id=\"audio-2273-1\" preload=\"none\" style=\"width: 100%;\" controls=\"controls\"><source type=\"audio\/mpeg\" src=\"http:\/\/www.literaturtelefon-online.de\/wp-content\/uploads\/2017\/02\/teresa_pra\u0308auer_oh_schimmi.mp3?_=1\" \/><a href=\"http:\/\/www.literaturtelefon-online.de\/wp-content\/uploads\/2017\/02\/teresa_pra\u0308auer_oh_schimmi.mp3\">http:\/\/www.literaturtelefon-online.de\/wp-content\/uploads\/2017\/02\/teresa_pra\u0308auer_oh_schimmi.mp3<\/a><\/audio><br \/>\n<br \/>\nBeim Wettlesen um den Bachmann-Preis 2015 wurde Teresa Pr\u00e4auers Geschichte \u00fcber einen modernen Taugenichts, der sich im Gro\u00dfstadtdschungel zum Affen macht, bereits euphorisch gefeiert. In ihrem Roman \u201eOh Schimmi\u201c erz\u00e4hlt sie von einem absonderlichen Helden im Teenageralter mit dem K\u00fcnstlernamen \u201eSchimmi\u201c, der \u2013 k\u00f6rperlich fr\u00fchreif, geistig unterentwickelt \u2013 in seiner eigenen Fantasiewelt lebt. Darin finden Tier- und Sexvideos ihren Platz, eine Vorliebe f\u00fcr S\u00fc\u00dfigkeiten und die zuckers\u00fc\u00dfe Ninni, die auf der gegen\u00fcberliegenden Seite des Hochhaustowers in Sichtweite wohnt, und die er mit sexistischen Blicken durchs Fernrohr beobachtet.<\/p>\n<p>Teresa Pr\u00e4auer hat ein sprachgewaltiges und extrem komisches Buch geschrieben, das unbedingt laut gelesen werden sollte, weil hier Sprache zeigt, dass die Kunst des \u201eAnbaggerns\u201c oder \u201eAufrei\u00dfens\u201c eine sportliche Disziplin ist, die aus kopulierenden W\u00f6rtern besteht. Ein Liebesreigen, entstanden aus der Lust am Sprachspiel und dem Einsatz comichafter Elemente, Bilder und Codes des 21. Jahrhunderts.<\/p>\n<p><img loading=\"lazy\" decoding=\"async\" style=\"margin-left:40px;\" src=\"http:\/\/www.literaturtelefon-online.de\/wp-content\/uploads\/2017\/02\/teresa_praeauer.jpg\" width=\"140\" height=\"185\" class=\"alignright size-full wp-image-2281\" \/><\/p>\n<p>Teresa Pr\u00e4auer, geboren 1979 in Linz, ist Autorin und bildende K\u00fcnstlerin und lebt in Wien. Sie studierte Malerei und Germanistik in Salzburg, Berlin und Wien. Sie schreibt regelm\u00e4\u00dfig f\u00fcr Zeitungen und Magazine zu Theater, Kunst, Literatur, Mode und Pop.<\/p>\n<p>Ihr Roman \u201eF\u00fcr den Herrscher aus \u00dcbersee\u201c wurde zur Frankfurter Buchmesse 2012 mit dem aspekte-Literaturpreis f\u00fcr das beste deutschsprachige Prosadeb\u00fct ausgezeichnet. Im Herbst 2014 erschien der K\u00fcnstlerroman \u201eJohnny und Jean\u201c, ausgezeichnet mit dem Droste-Literaturf\u00f6rderpreis und dem F\u00f6rderpreis zum H\u00f6lderlinpreis 2015 und nominiert f\u00fcr den Preis der Leipziger Buchmesse 2015. 2015 war Pr\u00e4auer als \u201eHonorary Fellow in Writing\u201c im \u201eInternational Writing Program\u201c an der University of Iowa, 2016 lehrte sie als S.-Fischer-Gastprofessorin am Peter-Szondi-Institut der FU Berlin, 2017 als Writer in Residence am Grinnell College in den USA.<\/p>\n<p><a href=\"https:\/\/de.wikipedia.org\/wiki\/Teresa_Pr%C3%A4auer\" target=\"_blank\">Wikipedia \u00fcber die Autorin<\/a><\/p>\n<p>Verlag: <a href=\"http:\/\/www.wallstein-verlag.de\/9783835318731-teresa-praeauer-oh-schimmi.html\" target=\"_blank\">Wallstein Verlag<\/a><\/p>\n<p>Foto: Thomas Langdon<\/p>\n<p>literaturtelefon-online.de | Telefon: 0431\/901-8888\n<\/p><\/div>\n","protected":false},"excerpt":{"rendered":"<p>Am Literaturtelefon unter der Rufnummer 0431\/901-8888 und auf www.literaturtelefon-online.de liest die \u00f6sterreichische Autorin Teresa Pr\u00e4auer aus ihrem 2016 im Wallstein Verlag erschienenen Roman \u201eOh Schimmi\u201c. Die Aufnahme entstand bei einer Lesung im Literaturhaus Schleswig-Holstein am 23.2.2017. Beim Wettlesen um den Bachmann-Preis 2015 wurde Teresa Pr\u00e4auers Geschichte \u00fcber einen modernen Taugenichts, der sich im Gro\u00dfstadtdschungel zum [&hellip;]<\/p>\n","protected":false},"author":6,"featured_media":0,"parent":2271,"menu_order":1,"comment_status":"closed","ping_status":"closed","template":"","meta":{"footnotes":""},"class_list":["post-2273","page","type-page","status-publish","hentry"],"_links":{"self":[{"href":"http:\/\/www.literaturtelefon-online.de\/index.php?rest_route=\/wp\/v2\/pages\/2273","targetHints":{"allow":["GET"]}}],"collection":[{"href":"http:\/\/www.literaturtelefon-online.de\/index.php?rest_route=\/wp\/v2\/pages"}],"about":[{"href":"http:\/\/www.literaturtelefon-online.de\/index.php?rest_route=\/wp\/v2\/types\/page"}],"author":[{"embeddable":true,"href":"http:\/\/www.literaturtelefon-online.de\/index.php?rest_route=\/wp\/v2\/users\/6"}],"replies":[{"embeddable":true,"href":"http:\/\/www.literaturtelefon-online.de\/index.php?rest_route=%2Fwp%2Fv2%2Fcomments&post=2273"}],"version-history":[{"count":6,"href":"http:\/\/www.literaturtelefon-online.de\/index.php?rest_route=\/wp\/v2\/pages\/2273\/revisions"}],"predecessor-version":[{"id":2283,"href":"http:\/\/www.literaturtelefon-online.de\/index.php?rest_route=\/wp\/v2\/pages\/2273\/revisions\/2283"}],"up":[{"embeddable":true,"href":"http:\/\/www.literaturtelefon-online.de\/index.php?rest_route=\/wp\/v2\/pages\/2271"}],"wp:attachment":[{"href":"http:\/\/www.literaturtelefon-online.de\/index.php?rest_route=%2Fwp%2Fv2%2Fmedia&parent=2273"}],"curies":[{"name":"wp","href":"https:\/\/api.w.org\/{rel}","templated":true}]}}