{"id":2262,"date":"2017-02-19T22:56:22","date_gmt":"2017-02-19T20:56:22","guid":{"rendered":"http:\/\/www.literaturtelefon-online.de\/?page_id=2262"},"modified":"2017-03-05T23:09:26","modified_gmt":"2017-03-05T21:09:26","slug":"juliana-kalnay","status":"publish","type":"page","link":"http:\/\/www.literaturtelefon-online.de\/?page_id=2262","title":{"rendered":"Juliana K\u00e1lnay"},"content":{"rendered":"<div style=\"text-align: justify;\">\nAm Literaturtelefon unter der Rufnummer 0431\/901-8888 und auf www.literaturtelefon-online.de liest Juliana K\u00e1lnay aus ihrem k\u00fcrzlich im Verlag Klaus Wagenbach erschienenen Deb\u00fctroman \u201eEine kurze Chronik des allm\u00e4hlichen Verschwindens\u201c. Die Aufnahme entstand bei einer Lesung im Rahmen der LeseLounge im Literaturhaus Schleswig-Holstein am 8.2.2017.<\/p>\n<p><!--[if lt IE 9]><script>document.createElement('audio');<\/script><![endif]-->\n<audio class=\"wp-audio-shortcode\" id=\"audio-2262-1\" preload=\"none\" style=\"width: 100%;\" controls=\"controls\"><source type=\"audio\/mpeg\" src=\"http:\/\/www.literaturtelefon-online.de\/wp-content\/uploads\/2017\/02\/juliana_kalnay_eine_kurze_chronik.mp3?_=1\" \/><a href=\"http:\/\/www.literaturtelefon-online.de\/wp-content\/uploads\/2017\/02\/juliana_kalnay_eine_kurze_chronik.mp3\">http:\/\/www.literaturtelefon-online.de\/wp-content\/uploads\/2017\/02\/juliana_kalnay_eine_kurze_chronik.mp3<\/a><\/audio><br \/>\n<br \/>\nSpielerisch und aus vielen Perspektiven erz\u00e4hlt Juliana K\u00e1lnay surreale, allt\u00e4gliche und schr\u00e4ge Episoden um eine verschworene Hausgemeinschaft, in der so manches Geheimnis im Schatten verschwindet. In dem Haus mit der Nummer 29 gehen seltsame Dinge vor sich. Don verwandelt sich vor den Augen seiner Frau Lina in einen Baum. Sie gie\u00dft ihn t\u00e4glich und k\u00e4mmt ihm die \u00c4ste ins Gesicht. Ronda h\u00e4lt Goldfische in einem fensterlosen Raum, und ein unbemerkter Mitbewohner nistet sich im Aufzug ein, w\u00e4hrend eine Wohnung ihre Mieter f\u00f6rmlich verschluckt. Rita, fast so alt wie das Haus selbst, ist Beobachterin, Schlichterin und Richterin. Ein Knotenpunkt mit geheimnisvollen F\u00e4higkeiten und Absichten. Rita sieht, was keiner zeigt, und sie versteht, was keiner sagt. Doch bevor sie ihr Wissen weitergeben kann, ist die kleine Maia auf r\u00e4tselhafte Weise verschwunden.<\/p>\n<p><img loading=\"lazy\" decoding=\"async\" style=\"margin-left:40px;\" src=\"http:\/\/www.literaturtelefon-online.de\/wp-content\/uploads\/2017\/02\/juliana_kalnay_c_mathias_prinz.jpg\" width=\"140\" height=\"187\" class=\"alignright size-full wp-image-2265\" \/><\/p>\n<p>Juliana K\u00e1lnay, geboren 1988 in Hamburg, wuchs zun\u00e4chst in K\u00f6ln und dann in M\u00e1laga auf. Sie ver\u00f6ffentlichte in deutsch- und spanischsprachigen Anthologien und Zeitschriften und erhielt das Arbeitsstipendium Literatur der Kulturstiftung des Landes Schleswig-Holstein 2016. Sie lebt und schreibt in Kiel. \u201eEine kurze Chronik des allm\u00e4hlichen Verschwindens\u201c ist ihr erster Roman.<\/p>\n<p>Verlag: <a href=\"https:\/\/www.wagenbach.de\/buecher\/titel\/1083-eine-kurze-chronik-des-allmaehlichen-verschwindens.html\" target=\"_blank\">Verlag Klaus Wagenbach<\/a><\/p>\n<p>Foto: Mathias Prinz<\/p>\n<p>literaturtelefon-online.de | Telefon: 0431\/901-8888\n<\/p><\/div>\n","protected":false},"excerpt":{"rendered":"<p>Am Literaturtelefon unter der Rufnummer 0431\/901-8888 und auf www.literaturtelefon-online.de liest Juliana K\u00e1lnay aus ihrem k\u00fcrzlich im Verlag Klaus Wagenbach erschienenen Deb\u00fctroman \u201eEine kurze Chronik des allm\u00e4hlichen Verschwindens\u201c. Die Aufnahme entstand bei einer Lesung im Rahmen der LeseLounge im Literaturhaus Schleswig-Holstein am 8.2.2017. Spielerisch und aus vielen Perspektiven erz\u00e4hlt Juliana K\u00e1lnay surreale, allt\u00e4gliche und schr\u00e4ge Episoden [&hellip;]<\/p>\n","protected":false},"author":6,"featured_media":0,"parent":2260,"menu_order":1,"comment_status":"closed","ping_status":"closed","template":"","meta":{"footnotes":""},"class_list":["post-2262","page","type-page","status-publish","hentry"],"_links":{"self":[{"href":"http:\/\/www.literaturtelefon-online.de\/index.php?rest_route=\/wp\/v2\/pages\/2262","targetHints":{"allow":["GET"]}}],"collection":[{"href":"http:\/\/www.literaturtelefon-online.de\/index.php?rest_route=\/wp\/v2\/pages"}],"about":[{"href":"http:\/\/www.literaturtelefon-online.de\/index.php?rest_route=\/wp\/v2\/types\/page"}],"author":[{"embeddable":true,"href":"http:\/\/www.literaturtelefon-online.de\/index.php?rest_route=\/wp\/v2\/users\/6"}],"replies":[{"embeddable":true,"href":"http:\/\/www.literaturtelefon-online.de\/index.php?rest_route=%2Fwp%2Fv2%2Fcomments&post=2262"}],"version-history":[{"count":4,"href":"http:\/\/www.literaturtelefon-online.de\/index.php?rest_route=\/wp\/v2\/pages\/2262\/revisions"}],"predecessor-version":[{"id":2268,"href":"http:\/\/www.literaturtelefon-online.de\/index.php?rest_route=\/wp\/v2\/pages\/2262\/revisions\/2268"}],"up":[{"embeddable":true,"href":"http:\/\/www.literaturtelefon-online.de\/index.php?rest_route=\/wp\/v2\/pages\/2260"}],"wp:attachment":[{"href":"http:\/\/www.literaturtelefon-online.de\/index.php?rest_route=%2Fwp%2Fv2%2Fmedia&parent=2262"}],"curies":[{"name":"wp","href":"https:\/\/api.w.org\/{rel}","templated":true}]}}