{"id":2253,"date":"2017-02-19T19:19:35","date_gmt":"2017-02-19T17:19:35","guid":{"rendered":"http:\/\/www.literaturtelefon-online.de\/?page_id=2253"},"modified":"2017-03-24T16:25:59","modified_gmt":"2017-03-24T14:25:59","slug":"arne-rautenberg","status":"publish","type":"page","link":"http:\/\/www.literaturtelefon-online.de\/?page_id=2253","title":{"rendered":"Arne Rautenberg"},"content":{"rendered":"<div style=\"text-align: justify;\">Am Literaturtelefon unter der Rufnummer 0431\/901-8888 und auf www.literaturtelefon-online.de liest der Kieler Lyriker Arne Rautenberg aus seinem j\u00fcngst beim Horlemann Verlag in der Reihe \u201eLyrikpapyri\u201c erschienenen Gedichtband \u201enulluhrnull\u201c. Die Aufnahme entstand bei einer Lesung im Literaturhaus Schleswig-Holstein am 16.2.2017.<\/p>\n<p><!--[if lt IE 9]><script>document.createElement('audio');<\/script><![endif]-->\n<audio class=\"wp-audio-shortcode\" id=\"audio-2253-1\" preload=\"none\" style=\"width: 100%;\" controls=\"controls\"><source type=\"audio\/mpeg\" src=\"http:\/\/www.literaturtelefon-online.de\/wp-content\/uploads\/2017\/02\/arne_rautenberg_nulluhrnull.mp3?_=1\" \/><a href=\"http:\/\/www.literaturtelefon-online.de\/wp-content\/uploads\/2017\/02\/arne_rautenberg_nulluhrnull.mp3\">http:\/\/www.literaturtelefon-online.de\/wp-content\/uploads\/2017\/02\/arne_rautenberg_nulluhrnull.mp3<\/a><\/audio><br \/>\n<br \/>\nDunkelbunt und unberechenbar sind die Gedichte im neuen Band \u201enulluhrnull\u201c. Mit und ohne Humor experimentiert Rautenberg mit unterschiedlichen Rhythmen und Stilen, Intonationen und Sprachebenen. Zwischen Schnapsidee und dem lyrischen Spiel hauchen seine Texte hemmungslos pers\u00f6nlich und ganz nebenbei der vergessenen Form des Erz\u00e4hlgedichts neues Leben ein. Mal sp\u00fcren sie der M\u00e4rzw\u00e4rme nach, mal h\u00e4ngen sie an der Abschiedskotze von Bon Scott. Hier schreibt ein lyrischer Abenteurer, dessen Programm es ist, keines zu haben. Kann Sand sch\u00f6ner durch die Sanduhr laufen?Arne Rautenberg, geboren 1967 in Kiel, studierte Kunstgeschichte, Neuere Deutsche Literaturwissenschaft und Volkskunde an der Christian-Albrechts-Universit\u00e4t zu Kiel und ist seit 2000 als freier Schriftsteller, K\u00fcnstler und Kulturjournalist in seiner Geburtsstadt t\u00e4tig.<\/p>\n<p><img loading=\"lazy\" decoding=\"async\" class=\"alignright size-full wp-image-2288\" style=\"margin-left: 40px;\" src=\"http:\/\/www.literaturtelefon-online.de\/wp-content\/uploads\/2017\/02\/arne_rautenberg_2015.jpg\" width=\"140\" height=\"192\" \/><\/p>\n<p>Er schreibt Essays, Gedichte, H\u00f6rst\u00fccke, Kurzgeschichten, Romane und arbeitet f\u00fcr verschiedene Feuilletons; sein literarisches Hauptbet\u00e4tigungsfeld ist die Lyrik. Gedichte und Geschichten sind in mehreren Einzeltiteln sowie zahlreichen Anthologien und Zeitschriften erschienen. Zudem sind viele seiner Gedichte in Schulb\u00fccher aufgenommen worden.<\/p>\n<p>Zuletzt erschienen von ihm unter anderem \u201eseltene erden\u201c (Horlemann Verlag Leipzig &amp; Berlin, 2015), \u201emundfauler staub\u201c (Horlemann Verlag Leipzig &amp; Berlin, 2012), \u201eder wind l\u00e4sst tausend h\u00fctchen fliegen\u201c, Kindergedichte (Boje 2010), und \u201egebrochene naturen\u201c (luxbooks Wiesbaden, 2009). 2013 hatte Arne Rautenberg die 17. Liliencron-Dozentur inne, 2016 erhielt er den Josef Guggenmos Preis.<\/p>\n<p>Am Literaturtelefon Kiel war Arne Rautenberg zuletzt im November 2015 mit seinem Gedichtband <a href=\"http:\/\/www.literaturtelefon-online.de\/?page_id=1655\">\u201eseltene erden\u201c<\/a> zu h\u00f6ren.<\/p>\n<p>Autor: <a href=\"http:\/\/www.arnerautenberg.de\" target=\"_blank\">www.arnerautenberg.de<\/a><\/p>\n<p>Verlag: <a href=\"http:\/\/www.horlemann.info\/edition-voss\/lyrikpapyri\/buchtitel\/nulluhrnull-234.html\" target=\"_blank\">Horlemann Verlag<\/a><\/p>\n<p>Foto: Nike Rautenberg<\/p>\n<p>literaturtelefon-online.de | Telefon: 0431\/901-8888<\/p>\n<\/div>\n","protected":false},"excerpt":{"rendered":"<p>Am Literaturtelefon unter der Rufnummer 0431\/901-8888 und auf www.literaturtelefon-online.de liest der Kieler Lyriker Arne Rautenberg aus seinem j\u00fcngst beim Horlemann Verlag in der Reihe \u201eLyrikpapyri\u201c erschienenen Gedichtband \u201enulluhrnull\u201c. Die Aufnahme entstand bei einer Lesung im Literaturhaus Schleswig-Holstein am 16.2.2017. Dunkelbunt und unberechenbar sind die Gedichte im neuen Band \u201enulluhrnull\u201c. Mit und ohne Humor experimentiert Rautenberg [&hellip;]<\/p>\n","protected":false},"author":6,"featured_media":0,"parent":2260,"menu_order":2,"comment_status":"closed","ping_status":"closed","template":"","meta":{"footnotes":""},"class_list":["post-2253","page","type-page","status-publish","hentry"],"_links":{"self":[{"href":"http:\/\/www.literaturtelefon-online.de\/index.php?rest_route=\/wp\/v2\/pages\/2253","targetHints":{"allow":["GET"]}}],"collection":[{"href":"http:\/\/www.literaturtelefon-online.de\/index.php?rest_route=\/wp\/v2\/pages"}],"about":[{"href":"http:\/\/www.literaturtelefon-online.de\/index.php?rest_route=\/wp\/v2\/types\/page"}],"author":[{"embeddable":true,"href":"http:\/\/www.literaturtelefon-online.de\/index.php?rest_route=\/wp\/v2\/users\/6"}],"replies":[{"embeddable":true,"href":"http:\/\/www.literaturtelefon-online.de\/index.php?rest_route=%2Fwp%2Fv2%2Fcomments&post=2253"}],"version-history":[{"count":7,"href":"http:\/\/www.literaturtelefon-online.de\/index.php?rest_route=\/wp\/v2\/pages\/2253\/revisions"}],"predecessor-version":[{"id":2291,"href":"http:\/\/www.literaturtelefon-online.de\/index.php?rest_route=\/wp\/v2\/pages\/2253\/revisions\/2291"}],"up":[{"embeddable":true,"href":"http:\/\/www.literaturtelefon-online.de\/index.php?rest_route=\/wp\/v2\/pages\/2260"}],"wp:attachment":[{"href":"http:\/\/www.literaturtelefon-online.de\/index.php?rest_route=%2Fwp%2Fv2%2Fmedia&parent=2253"}],"curies":[{"name":"wp","href":"https:\/\/api.w.org\/{rel}","templated":true}]}}