{"id":2189,"date":"2016-12-25T18:55:56","date_gmt":"2016-12-25T16:55:56","guid":{"rendered":"http:\/\/www.literaturtelefon-online.de\/?page_id=2189"},"modified":"2017-01-08T18:21:56","modified_gmt":"2017-01-08T16:21:56","slug":"elke-erb","status":"publish","type":"page","link":"http:\/\/www.literaturtelefon-online.de\/?page_id=2189","title":{"rendered":"Elke Erb"},"content":{"rendered":"<div style=\"text-align: justify;\">\nAm Literaturtelefon unter der Rufnummer 0431\/901-8888 und auf www.literaturtelefon-online.de liest Elke Erb \u00e4ltere und zum Teil noch unver\u00f6ffentlichte Gedichte aus ihrem umfangreichen lyrischen Werk. Die Aufnahme entstand im Rahmen der 19. Kieler Liliencron-Dozentur am 30.11.2016.<\/p>\n<p><!--[if lt IE 9]><script>document.createElement('audio');<\/script><![endif]-->\n<audio class=\"wp-audio-shortcode\" id=\"audio-2189-1\" preload=\"none\" style=\"width: 100%;\" controls=\"controls\"><source type=\"audio\/mpeg\" src=\"http:\/\/www.literaturtelefon-online.de\/wp-content\/uploads\/2016\/12\/elke_erb_gedichte.mp3?_=1\" \/><a href=\"http:\/\/www.literaturtelefon-online.de\/wp-content\/uploads\/2016\/12\/elke_erb_gedichte.mp3\">http:\/\/www.literaturtelefon-online.de\/wp-content\/uploads\/2016\/12\/elke_erb_gedichte.mp3<\/a><\/audio><br \/>\n<br \/>\nLesung, Vorlesung und Gespr\u00e4ch \u2013 das ist das Programm der Kieler Liliencron-Dozentur, die das Institut f\u00fcr Neuere Deutsche Literatur und Medien der Christian-Albrechts-Universit\u00e4t zu Kiel und das Literaturhaus Schleswig-Holstein seit 1997 durchf\u00fchren. Mit der Wahl der 1938 geborenen Lyrikerin Elke Erb hat sich die Liliencron-Jury entschlossen, ein Lebenswerk zu ehren.<\/p>\n<p>Seit 1966 arbeitet Erb als freiberufliche Autorin und \u00dcbersetzerin, insbesondere russischsprachiger Lyrik. F\u00fcr ihre lyrischen Arbeiten wurde sie vielfach ausgezeichnet, zuletzt mit dem Ernst-Jandl-Preis und dem Anke Bennholdt-Thomsen-Lyrikpreis.<\/p>\n<p><img loading=\"lazy\" decoding=\"async\" style=\"margin-left:40px;\" src=\"http:\/\/www.literaturtelefon-online.de\/wp-content\/uploads\/2016\/12\/elke_erb.jpg\" width=\"140\" height=\"179\" class=\"alignright size-full wp-image-2194\" \/><\/p>\n<p>\u201eDie Gedichte schreiben sich gewisserma\u00dfen selbst\u201c, beschreibt Elke Erb ihre Arbeitsweise in einem Interview der \u201eKieler Nachrichten\u201c (30.11.2016) zur Liliencron-Dozentur. Am Dichten seien sowohl das sich h\u00e4ufig aus Erinnerungen und Natureindr\u00fccken speisende \u201eUnter-Ich\u201c, wie sie es nennt, beteiligt, als auch das kontrollierende \u201eOber-Ich\u201c, das die \u201esich selbst meldenden\u201c Sprachbilder behutsam in Form bringt: \u201eMir f\u00e4llt ein Wort ein, und das n\u00e4chste f\u00fcgt sich von selber daran, ich passe nur auf.\u201c Dieses Ph\u00e4nomen der \u201eSonanz\u201c spiegelt sich auch im Vortrag ihrer Gedichte, wo sie kleine Worterl\u00e4uterungen einf\u00fcgt und diese als Teil des sich beim Vorlesen neu f\u00fcgenden Gedichts begreift.<\/p>\n<p><a href=\"https:\/\/de.wikipedia.org\/wiki\/Elke_Erb\" target=\"_blank\">Wikipedia \u00fcber die Autorin<\/a><\/p>\n<p>Verlag: <a href=\"http:\/\/www.engeler.de\/erb.html\" target=\"_blank\">Verlag Urs Engeler<\/a><\/p>\n<p>Foto: \u00f6gyr<\/p>\n<p>literaturtelefon-online.de | Telefon: 0431\/901-8888\n<\/p><\/div>\n","protected":false},"excerpt":{"rendered":"<p>Am Literaturtelefon unter der Rufnummer 0431\/901-8888 und auf www.literaturtelefon-online.de liest Elke Erb \u00e4ltere und zum Teil noch unver\u00f6ffentlichte Gedichte aus ihrem umfangreichen lyrischen Werk. Die Aufnahme entstand im Rahmen der 19. Kieler Liliencron-Dozentur am 30.11.2016. Lesung, Vorlesung und Gespr\u00e4ch \u2013 das ist das Programm der Kieler Liliencron-Dozentur, die das Institut f\u00fcr Neuere Deutsche Literatur und [&hellip;]<\/p>\n","protected":false},"author":6,"featured_media":0,"parent":2175,"menu_order":2,"comment_status":"closed","ping_status":"closed","template":"","meta":{"footnotes":""},"class_list":["post-2189","page","type-page","status-publish","hentry"],"_links":{"self":[{"href":"http:\/\/www.literaturtelefon-online.de\/index.php?rest_route=\/wp\/v2\/pages\/2189","targetHints":{"allow":["GET"]}}],"collection":[{"href":"http:\/\/www.literaturtelefon-online.de\/index.php?rest_route=\/wp\/v2\/pages"}],"about":[{"href":"http:\/\/www.literaturtelefon-online.de\/index.php?rest_route=\/wp\/v2\/types\/page"}],"author":[{"embeddable":true,"href":"http:\/\/www.literaturtelefon-online.de\/index.php?rest_route=\/wp\/v2\/users\/6"}],"replies":[{"embeddable":true,"href":"http:\/\/www.literaturtelefon-online.de\/index.php?rest_route=%2Fwp%2Fv2%2Fcomments&post=2189"}],"version-history":[{"count":5,"href":"http:\/\/www.literaturtelefon-online.de\/index.php?rest_route=\/wp\/v2\/pages\/2189\/revisions"}],"predecessor-version":[{"id":2201,"href":"http:\/\/www.literaturtelefon-online.de\/index.php?rest_route=\/wp\/v2\/pages\/2189\/revisions\/2201"}],"up":[{"embeddable":true,"href":"http:\/\/www.literaturtelefon-online.de\/index.php?rest_route=\/wp\/v2\/pages\/2175"}],"wp:attachment":[{"href":"http:\/\/www.literaturtelefon-online.de\/index.php?rest_route=%2Fwp%2Fv2%2Fmedia&parent=2189"}],"curies":[{"name":"wp","href":"https:\/\/api.w.org\/{rel}","templated":true}]}}