{"id":2180,"date":"2016-12-25T18:21:53","date_gmt":"2016-12-25T16:21:53","guid":{"rendered":"http:\/\/www.literaturtelefon-online.de\/?page_id=2180"},"modified":"2016-12-25T19:34:30","modified_gmt":"2016-12-25T17:34:30","slug":"akos-doma","status":"publish","type":"page","link":"http:\/\/www.literaturtelefon-online.de\/?page_id=2180","title":{"rendered":"Akos Doma"},"content":{"rendered":"<div style=\"text-align: justify;\">\nAm Literaturtelefon unter der Rufnummer 0431\/901-8888 und auf www.literaturtelefon-online.de liest Akos Doma aus seinem bei Rowohlt erschienenen Roman \u201eDer Weg der W\u00fcnsche\u201c. Die Aufnahme entstand bei einer Lesung im Literaturhaus Schleswig-Holstein am 19.10.2016.<\/p>\n<p><!--[if lt IE 9]><script>document.createElement('audio');<\/script><![endif]-->\n<audio class=\"wp-audio-shortcode\" id=\"audio-2180-1\" preload=\"none\" style=\"width: 100%;\" controls=\"controls\"><source type=\"audio\/mpeg\" src=\"http:\/\/www.literaturtelefon-online.de\/wp-content\/uploads\/2016\/12\/akos_doma_der_weg_der_wuensche.mp3?_=1\" \/><a href=\"http:\/\/www.literaturtelefon-online.de\/wp-content\/uploads\/2016\/12\/akos_doma_der_weg_der_wuensche.mp3\">http:\/\/www.literaturtelefon-online.de\/wp-content\/uploads\/2016\/12\/akos_doma_der_weg_der_wuensche.mp3<\/a><\/audio><br \/>\n<br \/>\nUm ein neues Leben anzufangen, gibt es nur einen Weg: das alte aufgeben. So ergeht es den Eltern Ter\u00e9z und K\u00e1roly, die mit ihren zwei Kindern Misi und Borb\u00e1la aus dem sozialistischen Ungarn fliehen wollen. Von der Flucht nach Deutschland und dem Weg \u00fcber ein Auffanglager in Italien berichtet Akos Doma in \u201eDer Weg der W\u00fcnsche\u201c (Longlist Deutscher Buchpreis 2016). Doma, selbst als Jugendlicher mit seiner Familie nach Deutschland emigriert, erz\u00e4hlt in seinem dritten Roman die mitrei\u00dfende und leidvolle Geschichte einer Flucht im 20. Jahrhundert.<\/p>\n<p><img loading=\"lazy\" decoding=\"async\" style=\"margin-left:40px;\" src=\"http:\/\/www.literaturtelefon-online.de\/wp-content\/uploads\/2016\/12\/akos_doma.jpg\" width=\"140\" height=\"196\" class=\"alignright size-full wp-image-2186\" \/><\/p>\n<p>Akos Doma, geboren 1963 in Budapest, ist Autor und \u00dcbersetzer. Er hat unter anderem Werke von S\u00e1ndor M\u00e1rai, L\u00e1szl\u00f3 F. F\u00f6ld\u00e9nyi und P\u00e9ter N\u00e1das ins Deutsche \u00fcbertragen. 2001 erschien sein Deb\u00fctroman \u201eDer M\u00fc\u00dfigg\u00e4nger\u201c, 2011 \u201eDie allgemeine Tauglichkeit\u201c. Doma erhielt zahlreiche Preise und Stipendien, zuletzt etwa das Grenzg\u00e4ngerstipendium der Robert Bosch Stiftung, den Adelbert-von-Chamisso-F\u00f6rderpreis 2012 und das Prager Literaturstipendium 2014. Akos Doma lebt mit seiner Familie in Eichst\u00e4tt.<\/p>\n<p><a href=\"https:\/\/de.wikipedia.org\/wiki\/Akos_Doma\" target=\"_blank\">Wikipedia \u00fcber den Autor<\/a><\/p>\n<p>Verlag: <a href=\"http:\/\/www.rowohlt.de\/hardcover\/akos-doma-der-weg-der-wuensche.html\" target=\"_blank\">Rowohlt<\/a><\/p>\n<p>Foto: Falk Tennstedt<\/p>\n<p>literaturtelefon-online.de | Telefon: 0431\/901-8888\n<\/p><\/div>\n","protected":false},"excerpt":{"rendered":"<p>Am Literaturtelefon unter der Rufnummer 0431\/901-8888 und auf www.literaturtelefon-online.de liest Akos Doma aus seinem bei Rowohlt erschienenen Roman \u201eDer Weg der W\u00fcnsche\u201c. Die Aufnahme entstand bei einer Lesung im Literaturhaus Schleswig-Holstein am 19.10.2016. Um ein neues Leben anzufangen, gibt es nur einen Weg: das alte aufgeben. So ergeht es den Eltern Ter\u00e9z und K\u00e1roly, die [&hellip;]<\/p>\n","protected":false},"author":6,"featured_media":0,"parent":2175,"menu_order":1,"comment_status":"closed","ping_status":"closed","template":"","meta":{"footnotes":""},"class_list":["post-2180","page","type-page","status-publish","hentry"],"_links":{"self":[{"href":"http:\/\/www.literaturtelefon-online.de\/index.php?rest_route=\/wp\/v2\/pages\/2180","targetHints":{"allow":["GET"]}}],"collection":[{"href":"http:\/\/www.literaturtelefon-online.de\/index.php?rest_route=\/wp\/v2\/pages"}],"about":[{"href":"http:\/\/www.literaturtelefon-online.de\/index.php?rest_route=\/wp\/v2\/types\/page"}],"author":[{"embeddable":true,"href":"http:\/\/www.literaturtelefon-online.de\/index.php?rest_route=\/wp\/v2\/users\/6"}],"replies":[{"embeddable":true,"href":"http:\/\/www.literaturtelefon-online.de\/index.php?rest_route=%2Fwp%2Fv2%2Fcomments&post=2180"}],"version-history":[{"count":5,"href":"http:\/\/www.literaturtelefon-online.de\/index.php?rest_route=\/wp\/v2\/pages\/2180\/revisions"}],"predecessor-version":[{"id":2187,"href":"http:\/\/www.literaturtelefon-online.de\/index.php?rest_route=\/wp\/v2\/pages\/2180\/revisions\/2187"}],"up":[{"embeddable":true,"href":"http:\/\/www.literaturtelefon-online.de\/index.php?rest_route=\/wp\/v2\/pages\/2175"}],"wp:attachment":[{"href":"http:\/\/www.literaturtelefon-online.de\/index.php?rest_route=%2Fwp%2Fv2%2Fmedia&parent=2180"}],"curies":[{"name":"wp","href":"https:\/\/api.w.org\/{rel}","templated":true}]}}