{"id":2096,"date":"2016-10-02T22:08:38","date_gmt":"2016-10-02T20:08:38","guid":{"rendered":"http:\/\/www.literaturtelefon-online.de\/?page_id=2096"},"modified":"2016-10-17T14:27:07","modified_gmt":"2016-10-17T12:27:07","slug":"gerbrand-bakker","status":"publish","type":"page","link":"http:\/\/www.literaturtelefon-online.de\/?page_id=2096","title":{"rendered":"Gerbrand Bakker"},"content":{"rendered":"<div style=\"text-align: justify;\">\nAm Literaturtelefon unter der Rufnummer 0431\/901-8888 und auf www.literaturtelefon-online.de liest der niederl\u00e4ndische Autor Gerbrand Bakker aus seinem bei Suhrkamp (Deutsch von Andreas Ecke) erschienenen (Tage-) Buch \u201eJasper und sein Knecht\u201c. Die Aufnahme entstand bei einer Lesung im Literaturhaus Schleswig-Holstein am 22.9.2016.<\/p>\n<p><!--[if lt IE 9]><script>document.createElement('audio');<\/script><![endif]-->\n<audio class=\"wp-audio-shortcode\" id=\"audio-2096-1\" preload=\"none\" style=\"width: 100%;\" controls=\"controls\"><source type=\"audio\/mpeg\" src=\"http:\/\/www.literaturtelefon-online.de\/wp-content\/uploads\/2016\/10\/gerbrand_bakker_jasper_und_sein_knecht.mp3?_=1\" \/><a href=\"http:\/\/www.literaturtelefon-online.de\/wp-content\/uploads\/2016\/10\/gerbrand_bakker_jasper_und_sein_knecht.mp3\">http:\/\/www.literaturtelefon-online.de\/wp-content\/uploads\/2016\/10\/gerbrand_bakker_jasper_und_sein_knecht.mp3<\/a><\/audio><br \/>\n<br \/>\nEin erfolgreicher niederl\u00e4ndischer Romanautor kauft ein altes Haus in der Eifel und l\u00e4sst sich dort mit seinem Hund Jasper nieder. Die Holz\u00f6fen ziehen bei Nieselregen schlecht; den Pansen, den der jagende Nachbar f\u00fcr Jasper vorbeibringt, riecht man im ganzen Haus; der Hund ist von \u00e4hnlich schwierigem Charakter wie sein Herr, der sich als \u201evon Natur aus depressiv\u201c beschreibt.<\/p>\n<p>Der (autobiografische Erz\u00e4hler) verkn\u00fcpft seine Aufzeichnungen subtil mit den Erinnerungen an fr\u00fcher, an Opa Bakker und den Bauernhof der Eltern, den verungl\u00fcckten kleinen Bruder, berufliche Wege und Irrwege, schr\u00e4ge und erhebende Preisverleihungen.<\/p>\n<p><img loading=\"lazy\" decoding=\"async\" style=\"margin-left:40px;\" src=\"http:\/\/www.literaturtelefon-online.de\/wp-content\/uploads\/2016\/10\/gerbrand_bakker.jpg\" width=\"140\" height=\"206\" class=\"alignright\" \/><\/p>\n<p>Gerbrand Bakker, 1962 in Wieringerwaard geboren, studierte niederl\u00e4ndische Sprachwissenschaft in Amsterdam. Er ist Autor eines etymologischen W\u00f6rterbuchs der niederl\u00e4ndischen Sprache und des Jugendromans \u201eBirnb\u00e4ume bl\u00fchen wei\u00df\u201c (Patmos 2004). Sein Deb\u00fctroman \u201eOben ist es still\u201c wurde u.a. mit dem hochdotierten IMPAC Dublin Literary Award ausgezeichnet, mittlerweile in etwa 35 Sprachen \u00fcbersetzt und in fast 20 L\u00e4ndern ver\u00f6ffentlicht.<\/p>\n<p>Autor: <a href=\"https:\/\/gerbrandbakker.wordpress.com\/\" target=\"_blank\">Blog (in niederl\u00e4ndischer Sprache)<\/a><\/p>\n<p>Verlag: <a href=\"http:\/\/www.suhrkamp.de\/buecher\/jasper_und_sein_knecht-gerbrand_bakker_42550.html\" target=\"_blank\">Suhrkamp Verlag<\/a><\/p>\n<p>Foto: J\u00fcrgen Bauer<\/p>\n<p>literaturtelefon-online.de | Telefon: 0431\/901-8888\n<\/p><\/div>\n","protected":false},"excerpt":{"rendered":"<p>Am Literaturtelefon unter der Rufnummer 0431\/901-8888 und auf www.literaturtelefon-online.de liest der niederl\u00e4ndische Autor Gerbrand Bakker aus seinem bei Suhrkamp (Deutsch von Andreas Ecke) erschienenen (Tage-) Buch \u201eJasper und sein Knecht\u201c. Die Aufnahme entstand bei einer Lesung im Literaturhaus Schleswig-Holstein am 22.9.2016. Ein erfolgreicher niederl\u00e4ndischer Romanautor kauft ein altes Haus in der Eifel und l\u00e4sst sich [&hellip;]<\/p>\n","protected":false},"author":6,"featured_media":0,"parent":2073,"menu_order":2,"comment_status":"closed","ping_status":"closed","template":"","meta":{"footnotes":""},"class_list":["post-2096","page","type-page","status-publish","hentry"],"_links":{"self":[{"href":"http:\/\/www.literaturtelefon-online.de\/index.php?rest_route=\/wp\/v2\/pages\/2096","targetHints":{"allow":["GET"]}}],"collection":[{"href":"http:\/\/www.literaturtelefon-online.de\/index.php?rest_route=\/wp\/v2\/pages"}],"about":[{"href":"http:\/\/www.literaturtelefon-online.de\/index.php?rest_route=\/wp\/v2\/types\/page"}],"author":[{"embeddable":true,"href":"http:\/\/www.literaturtelefon-online.de\/index.php?rest_route=\/wp\/v2\/users\/6"}],"replies":[{"embeddable":true,"href":"http:\/\/www.literaturtelefon-online.de\/index.php?rest_route=%2Fwp%2Fv2%2Fcomments&post=2096"}],"version-history":[{"count":5,"href":"http:\/\/www.literaturtelefon-online.de\/index.php?rest_route=\/wp\/v2\/pages\/2096\/revisions"}],"predecessor-version":[{"id":2103,"href":"http:\/\/www.literaturtelefon-online.de\/index.php?rest_route=\/wp\/v2\/pages\/2096\/revisions\/2103"}],"up":[{"embeddable":true,"href":"http:\/\/www.literaturtelefon-online.de\/index.php?rest_route=\/wp\/v2\/pages\/2073"}],"wp:attachment":[{"href":"http:\/\/www.literaturtelefon-online.de\/index.php?rest_route=%2Fwp%2Fv2%2Fmedia&parent=2096"}],"curies":[{"name":"wp","href":"https:\/\/api.w.org\/{rel}","templated":true}]}}