{"id":2035,"date":"2016-08-02T02:39:52","date_gmt":"2016-08-02T00:39:52","guid":{"rendered":"http:\/\/www.literaturtelefon-online.de\/?page_id=2035"},"modified":"2016-09-05T13:02:16","modified_gmt":"2016-09-05T11:02:16","slug":"ursula-priess","status":"publish","type":"page","link":"http:\/\/www.literaturtelefon-online.de\/?page_id=2035","title":{"rendered":"Ursula Priess"},"content":{"rendered":"<div style=\"text-align: justify;\">\nAm Literaturtelefon unter der Rufnummer 0431\/901-8888 und auf www.literaturtelefon-online.de liest Urusla Priess aus ihrem bei \u201ebtb\u201c erschienenen Roman \u201eHund &#038; Hase \u2013 Liebesversuche\u201c. Die Aufnahme entstand beim Literatursommer Schweiz 2016 im Rahmen einer Lesung im Literaturhaus Schleswig-Holstein am 26.7.2016.<\/p>\n<p><!--[if lt IE 9]><script>document.createElement('audio');<\/script><![endif]-->\n<audio class=\"wp-audio-shortcode\" id=\"audio-2035-1\" preload=\"none\" style=\"width: 100%;\" controls=\"controls\"><source type=\"audio\/mpeg\" src=\"http:\/\/www.literaturtelefon-online.de\/wp-content\/uploads\/2016\/08\/ursula_priess_hund__hase.mp3?_=1\" \/><a href=\"http:\/\/www.literaturtelefon-online.de\/wp-content\/uploads\/2016\/08\/ursula_priess_hund__hase.mp3\">http:\/\/www.literaturtelefon-online.de\/wp-content\/uploads\/2016\/08\/ursula_priess_hund__hase.mp3<\/a><\/audio><br \/>\n<br \/>\nDer Roman \u201eHund &#038; Hase \u2013 Liebesversuche\u201c besteht aus verschiedenen Geschichten, die sich alle um das Paar Lino und Ursina drehen. Beide haben sich vor Urzeiten gekannt und geliebt, trennten sich und trafen sich im Alter zuf\u00e4llig wieder. An vier verschiedenen Orten, mit jeweils ganz anderen biografischen Vorgaben im Gep\u00e4ck, probieren sie, wohin ihre alt-neue Liebe sie tr\u00e4gt, und kommen zu vier sehr unterschiedlichen L\u00f6sungen. Zwischen den Liebesversuchen hindurch f\u00fchrt die Geschichte mit Assja, dem Hund, der fr\u00fch und genau ersp\u00fcrt, wie es um die Liebe von Lino und Ursina jeweils steht \u2013 oder eben: wohin der Hase l\u00e4uft.<\/p>\n<p><img loading=\"lazy\" decoding=\"async\" style=\"margin-left:40px;\" src=\"http:\/\/www.literaturtelefon-online.de\/beitrag-priess\/ursula_priess.jpg\" width=\"140\" height=\"191\" class=\"alignright\" \/><\/p>\n<p>Ursula Priess, 1943 in Z\u00fcrich geboren, hat nach ihrem Wegzug aus der Schweiz im Jahr 1966 zun\u00e4chst als Heilp\u00e4dagogin in Schweden, Schottland, S\u00fcd- und Norddeutschland gearbeitet. 2009 erschien das viel beachtete Prosadeb\u00fct \u201eSturz durch alle Spiegel\u201c, in dem sie sich mit ihrem Vater, dem gro\u00dfen Schweizer Schriftsteller Max Frisch, auseinandersetzte. Seitdem sind von ihr neben Kurzgeschichten in Anthologien noch das Buch \u201eMitte der Welt\u201c (2011) erschienen, in dem sie ihre Reisen in Istanbul verarbeitet. Heute lebt sie in Norddeutschland und in Berlin.<\/p>\n<p>Zuletzt las Ursula Priess am Literaturtelefon im August 2011 aus ihrem Roman <a href=\"http:\/\/www.literaturtelefon-online.de\/beitrag-priess\/beitrag-priess.php\">\u201eMitte der Welt\u201c<\/a>.<\/p>\n<p>Verlag: <a href=\"http:\/\/www.randomhouse.de\/Buch\/Hund-&#038;-Hase-Liebesversuche\/Ursula-Priess\/e466546.rhd\" target=\"_blank\">btb Verlag<\/a><\/p>\n<p>Foto: Michael Holz<\/p>\n<p>literaturtelefon-online.de | Telefon: 0431\/901-8888\n<\/p><\/div>\n","protected":false},"excerpt":{"rendered":"<p>Am Literaturtelefon unter der Rufnummer 0431\/901-8888 und auf www.literaturtelefon-online.de liest Urusla Priess aus ihrem bei \u201ebtb\u201c erschienenen Roman \u201eHund &#038; Hase \u2013 Liebesversuche\u201c. Die Aufnahme entstand beim Literatursommer Schweiz 2016 im Rahmen einer Lesung im Literaturhaus Schleswig-Holstein am 26.7.2016. Der Roman \u201eHund &#038; Hase \u2013 Liebesversuche\u201c besteht aus verschiedenen Geschichten, die sich alle um das [&hellip;]<\/p>\n","protected":false},"author":6,"featured_media":0,"parent":2033,"menu_order":1,"comment_status":"closed","ping_status":"open","template":"","meta":{"footnotes":""},"class_list":["post-2035","page","type-page","status-publish","hentry"],"_links":{"self":[{"href":"http:\/\/www.literaturtelefon-online.de\/index.php?rest_route=\/wp\/v2\/pages\/2035","targetHints":{"allow":["GET"]}}],"collection":[{"href":"http:\/\/www.literaturtelefon-online.de\/index.php?rest_route=\/wp\/v2\/pages"}],"about":[{"href":"http:\/\/www.literaturtelefon-online.de\/index.php?rest_route=\/wp\/v2\/types\/page"}],"author":[{"embeddable":true,"href":"http:\/\/www.literaturtelefon-online.de\/index.php?rest_route=\/wp\/v2\/users\/6"}],"replies":[{"embeddable":true,"href":"http:\/\/www.literaturtelefon-online.de\/index.php?rest_route=%2Fwp%2Fv2%2Fcomments&post=2035"}],"version-history":[{"count":8,"href":"http:\/\/www.literaturtelefon-online.de\/index.php?rest_route=\/wp\/v2\/pages\/2035\/revisions"}],"predecessor-version":[{"id":2044,"href":"http:\/\/www.literaturtelefon-online.de\/index.php?rest_route=\/wp\/v2\/pages\/2035\/revisions\/2044"}],"up":[{"embeddable":true,"href":"http:\/\/www.literaturtelefon-online.de\/index.php?rest_route=\/wp\/v2\/pages\/2033"}],"wp:attachment":[{"href":"http:\/\/www.literaturtelefon-online.de\/index.php?rest_route=%2Fwp%2Fv2%2Fmedia&parent=2035"}],"curies":[{"name":"wp","href":"https:\/\/api.w.org\/{rel}","templated":true}]}}