{"id":2010,"date":"2016-07-14T01:25:02","date_gmt":"2016-07-13T23:25:02","guid":{"rendered":"http:\/\/www.literaturtelefon-online.de\/?page_id=2010"},"modified":"2016-08-08T18:46:22","modified_gmt":"2016-08-08T16:46:22","slug":"birgit-vanderbeke","status":"publish","type":"page","link":"http:\/\/www.literaturtelefon-online.de\/?page_id=2010","title":{"rendered":"Birgit Vanderbeke"},"content":{"rendered":"<div style=\"text-align: justify;\">\nAm Literaturtelefon unter der Rufnummer 0431\/901-8888 und auf www.literaturtelefon-online.de liest Birgit Vanderbeke aus ihrem bei Piper erschienenen Roman \u201eIch freue mich, dass ich geboren bin\u201c. Die Aufnahme entstand im Rahmen einer Lesung im Literaturhaus Schleswig-Holstein am 11.4.2016.<\/p>\n<p><!--[if lt IE 9]><script>document.createElement('audio');<\/script><![endif]-->\n<audio class=\"wp-audio-shortcode\" id=\"audio-2010-1\" preload=\"none\" style=\"width: 100%;\" controls=\"controls\"><source type=\"audio\/mpeg\" src=\"http:\/\/www.literaturtelefon-online.de\/wp-content\/uploads\/2016\/07\/birgit_vanderbeke_ich_freue_mich.mp3?_=1\" \/><a href=\"http:\/\/www.literaturtelefon-online.de\/wp-content\/uploads\/2016\/07\/birgit_vanderbeke_ich_freue_mich.mp3\">http:\/\/www.literaturtelefon-online.de\/wp-content\/uploads\/2016\/07\/birgit_vanderbeke_ich_freue_mich.mp3<\/a><\/audio><br \/>\n<br \/>\nBirgit Vanderbekes Roman ist die kraftvoll und zornig erz\u00e4hlte Geschichte ihrer Familie und der Flucht eines M\u00e4dchens aus Ostdeutschland zu sich selbst. Alle aus der Familie hauten ab, die einen aus dem Osten, die anderen aus dem Westen Europas. Sie trafen sich zuf\u00e4llig irgendwo in Ostdeutschland und flohen auch von dort wieder. Nach diversen Fl\u00fcchtlingslagern landet die Familie in einer Dreizimmerwohnung in Westdeutschland, im Land der Verhei\u00dfung. F\u00fcr die Tochter ist es ein \u00fcbler Ort, eine drastische, gewaltt\u00e4tige Gegenwart. So sucht sich ihre Fantasie eine Verb\u00fcndete: sich selbst als Erwachsene.<\/p>\n<p><img loading=\"lazy\" decoding=\"async\" style=\"margin-left:40px;\" src=\"http:\/\/www.literaturtelefon-online.de\/wp-content\/uploads\/2016\/07\/birgit_vanderbeke.jpg\" alt=\"birgit_vanderbeke\" width=\"140\" height=\"191\" class=\"alignright size-full wp-image-2014\" \/><\/p>\n<p>Birgit Vanderbeke (geb. 1956) ist seit dem Gewinn des Ingeborg-Bachmann-Preises 1990 f\u00fcr \u201eDas Muschelessen\u201c eine feste und \u00fcberaus beliebte Gr\u00f6\u00dfe in der deutschsprachigen Prosa. Sie wurde u.a. mit dem Kranichsteiner Literaturpreis, dem Solothurner Literaturpreis und dem Neum\u00fcnsteraner Hans-Fallada-Preis ausgezeichnet. Ihre Erz\u00e4hlung \u201eFriedliche Zeiten\u201c wurde 2007 verfilmt.<\/p>\n<p><a href=\"https:\/\/de.wikipedia.org\/wiki\/Birgit_Vanderbeke\" target=\"_blank\">Wikipedia \u00fcber die Autorin<\/a><\/p>\n<p>Verlag: <a href=\"https:\/\/www.piper.de\/buecher\/ich-freue-mich-dass-ich-geboren-bin-isbn-978-3-492-05754-7\" target=\"_blank\">Piper Verlag<\/a><\/p>\n<p>Foto: Julian Vanderbeke<\/p>\n<p>literaturtelefon-online.de | Telefon: 0431\/901-8888\n<\/p><\/div>\n","protected":false},"excerpt":{"rendered":"<p>Am Literaturtelefon unter der Rufnummer 0431\/901-8888 und auf www.literaturtelefon-online.de liest Birgit Vanderbeke aus ihrem bei Piper erschienenen Roman \u201eIch freue mich, dass ich geboren bin\u201c. Die Aufnahme entstand im Rahmen einer Lesung im Literaturhaus Schleswig-Holstein am 11.4.2016. Birgit Vanderbekes Roman ist die kraftvoll und zornig erz\u00e4hlte Geschichte ihrer Familie und der Flucht eines M\u00e4dchens aus [&hellip;]<\/p>\n","protected":false},"author":6,"featured_media":0,"parent":1997,"menu_order":2,"comment_status":"closed","ping_status":"open","template":"","meta":{"footnotes":""},"class_list":["post-2010","page","type-page","status-publish","hentry"],"_links":{"self":[{"href":"http:\/\/www.literaturtelefon-online.de\/index.php?rest_route=\/wp\/v2\/pages\/2010","targetHints":{"allow":["GET"]}}],"collection":[{"href":"http:\/\/www.literaturtelefon-online.de\/index.php?rest_route=\/wp\/v2\/pages"}],"about":[{"href":"http:\/\/www.literaturtelefon-online.de\/index.php?rest_route=\/wp\/v2\/types\/page"}],"author":[{"embeddable":true,"href":"http:\/\/www.literaturtelefon-online.de\/index.php?rest_route=\/wp\/v2\/users\/6"}],"replies":[{"embeddable":true,"href":"http:\/\/www.literaturtelefon-online.de\/index.php?rest_route=%2Fwp%2Fv2%2Fcomments&post=2010"}],"version-history":[{"count":8,"href":"http:\/\/www.literaturtelefon-online.de\/index.php?rest_route=\/wp\/v2\/pages\/2010\/revisions"}],"predecessor-version":[{"id":2020,"href":"http:\/\/www.literaturtelefon-online.de\/index.php?rest_route=\/wp\/v2\/pages\/2010\/revisions\/2020"}],"up":[{"embeddable":true,"href":"http:\/\/www.literaturtelefon-online.de\/index.php?rest_route=\/wp\/v2\/pages\/1997"}],"wp:attachment":[{"href":"http:\/\/www.literaturtelefon-online.de\/index.php?rest_route=%2Fwp%2Fv2%2Fmedia&parent=2010"}],"curies":[{"name":"wp","href":"https:\/\/api.w.org\/{rel}","templated":true}]}}