{"id":1999,"date":"2016-07-14T00:55:42","date_gmt":"2016-07-13T22:55:42","guid":{"rendered":"http:\/\/www.literaturtelefon-online.de\/?page_id=1999"},"modified":"2016-07-25T15:22:46","modified_gmt":"2016-07-25T13:22:46","slug":"christopher-ecker","status":"publish","type":"page","link":"http:\/\/www.literaturtelefon-online.de\/?page_id=1999","title":{"rendered":"Christopher Ecker"},"content":{"rendered":"<div style=\"text-align: justify;\">\nAm Literaturtelefon unter der Rufnummer 0431\/901-8888 und auf www.literaturtelefon-online.de liest Christopher Ecker aus seinem im Mitteldeutschen verlag erschienenen Roman \u201eDer Bahnhof von Pl\u00f6n\u201c. Die Aufnahme entstand anl\u00e4sslich einer Lesung im Literaturhaus Schleswig-Holstein am 14.3.2016.<\/p>\n<p><!--[if lt IE 9]><script>document.createElement('audio');<\/script><![endif]-->\n<audio class=\"wp-audio-shortcode\" id=\"audio-1999-1\" preload=\"none\" style=\"width: 100%;\" controls=\"controls\"><source type=\"audio\/mpeg\" src=\"http:\/\/www.literaturtelefon-online.de\/wp-content\/uploads\/2016\/07\/christopher_ecker_der_bahnhof_von_ploen.mp3?_=1\" \/><a href=\"http:\/\/www.literaturtelefon-online.de\/wp-content\/uploads\/2016\/07\/christopher_ecker_der_bahnhof_von_ploen.mp3\">http:\/\/www.literaturtelefon-online.de\/wp-content\/uploads\/2016\/07\/christopher_ecker_der_bahnhof_von_ploen.mp3<\/a><\/audio><br \/>\n<br \/>\nZugleich Zeitanalyse und spannender Thriller, fantastische Erz\u00e4hlung und philosophischer Exkurs ist der neue Roman des Kieler Schriftstellers Christopher Ecker. Der in New York lebende Ich-Erz\u00e4hler f\u00fchrt im Auftrag des \u201eLotsen\u201c dubiose Auftr\u00e4ge aus. Der Transport einer h\u00f6chst befremdlichen Fracht erweist sich als so kraftraubend und sinnentleert, dass der Erz\u00e4hler beginnt, auch an sich selbst zu zweifeln. Wer ist er wirklich? Warum ist sein Leben eine L\u00fcge? Und wieso ist er in der Lage, mit der U-Bahn nach Paris, Amsterdam und Kiel zu fahren?<\/p>\n<p><img loading=\"lazy\" decoding=\"async\" style=\"margin-left:40px;\" src=\"http:\/\/www.literaturtelefon-online.de\/wp-content\/uploads\/2016\/07\/christopher_ecker.jpg\" alt=\"christopher_ecker\" width=\"140\" height=\"172\" class=\"alignright size-full wp-image-2003\" \/><\/p>\n<p>Christopher Ecker (geb. 1967 in Saarbr\u00fccken) studierte in Kiel Germanistik und Philosophie und ist heute neben seiner Arbeit als Schriftsteller, \u00dcbersetzer und Literaturkritiker Lehrer an der Heinrich-Heine-Schule Heikendorf. Sein bisher erfolgreichstes Buch ist der 2012 erschienene Tausend-Seiten-Roman \u201eFahlmann\u201c, den der Kritiker Denis Scheck als \u201eeines der gro\u00dfen Leseabenteuer der deutschen Gegenwartsliteratur\u201c bezeichnete.<\/p>\n<p>Zuletzt las Christopher Ecker am Literaturtelefon im M\u00e4rz 2014 aus seinem Roman <a href=\"http:\/\/www.literaturtelefon-online.de\/?page_id=1161\" target=\"_blank\">\u201eDie letzte Kr\u00e4nkung\u201c<\/a>.<\/p>\n<p><a href=\"https:\/\/de.wikipedia.org\/wiki\/Christopher_Ecker\" target=\"_blank\">Wikipedia \u00fcber den Autor<\/a><\/p>\n<p>Verlag: <a href=\"http:\/\/www.mitteldeutscherverlag.de\/index.php?product_id=1427&#038;page=shop.product_details&#038;category_id=63&#038;flypage=flypage-ask.tpl&#038;option=com_virtuemart&#038;Itemid=1&#038;vmcchk=1&#038;Itemid=1\" target=\"_blank\">Mitteldeutscher Verlag<\/a><\/p>\n<p>Foto: Arne Rautenberg<\/p>\n<p>literaturtelefon-online.de | Telefon: 0431\/901-8888\n<\/p><\/div>\n","protected":false},"excerpt":{"rendered":"<p>Am Literaturtelefon unter der Rufnummer 0431\/901-8888 und auf www.literaturtelefon-online.de liest Christopher Ecker aus seinem im Mitteldeutschen verlag erschienenen Roman \u201eDer Bahnhof von Pl\u00f6n\u201c. Die Aufnahme entstand anl\u00e4sslich einer Lesung im Literaturhaus Schleswig-Holstein am 14.3.2016. Zugleich Zeitanalyse und spannender Thriller, fantastische Erz\u00e4hlung und philosophischer Exkurs ist der neue Roman des Kieler Schriftstellers Christopher Ecker. Der in [&hellip;]<\/p>\n","protected":false},"author":6,"featured_media":0,"parent":1997,"menu_order":1,"comment_status":"closed","ping_status":"open","template":"","meta":{"footnotes":""},"class_list":["post-1999","page","type-page","status-publish","hentry"],"_links":{"self":[{"href":"http:\/\/www.literaturtelefon-online.de\/index.php?rest_route=\/wp\/v2\/pages\/1999","targetHints":{"allow":["GET"]}}],"collection":[{"href":"http:\/\/www.literaturtelefon-online.de\/index.php?rest_route=\/wp\/v2\/pages"}],"about":[{"href":"http:\/\/www.literaturtelefon-online.de\/index.php?rest_route=\/wp\/v2\/types\/page"}],"author":[{"embeddable":true,"href":"http:\/\/www.literaturtelefon-online.de\/index.php?rest_route=\/wp\/v2\/users\/6"}],"replies":[{"embeddable":true,"href":"http:\/\/www.literaturtelefon-online.de\/index.php?rest_route=%2Fwp%2Fv2%2Fcomments&post=1999"}],"version-history":[{"count":5,"href":"http:\/\/www.literaturtelefon-online.de\/index.php?rest_route=\/wp\/v2\/pages\/1999\/revisions"}],"predecessor-version":[{"id":2006,"href":"http:\/\/www.literaturtelefon-online.de\/index.php?rest_route=\/wp\/v2\/pages\/1999\/revisions\/2006"}],"up":[{"embeddable":true,"href":"http:\/\/www.literaturtelefon-online.de\/index.php?rest_route=\/wp\/v2\/pages\/1997"}],"wp:attachment":[{"href":"http:\/\/www.literaturtelefon-online.de\/index.php?rest_route=%2Fwp%2Fv2%2Fmedia&parent=1999"}],"curies":[{"name":"wp","href":"https:\/\/api.w.org\/{rel}","templated":true}]}}