{"id":1951,"date":"2016-02-26T23:15:33","date_gmt":"2016-02-26T21:15:33","guid":{"rendered":"http:\/\/www.literaturtelefon-online.de\/?page_id=1951"},"modified":"2016-06-27T11:27:07","modified_gmt":"2016-06-27T09:27:07","slug":"jenny-erpenbeck","status":"publish","type":"page","link":"http:\/\/www.literaturtelefon-online.de\/?page_id=1951","title":{"rendered":"Jenny Erpenbeck"},"content":{"rendered":"<div style=\"text-align: justify;\">\nAm Literaturtelefon unter der Rufnummer 0431\/901-8888 und auf www.literaturtelefon-online.de liest Jenny Erpenbeck aus ihrem im Knaus Verlag erschienenen Roman \u201eGehen, ging, gegangen\u201c. Die Aufnahme entstand im Rahmen einer Lesung im Literaturhaus Schleswig-Holstein am 25.2.2016.<\/p>\n<p><!--[if lt IE 9]><script>document.createElement('audio');<\/script><![endif]-->\n<audio class=\"wp-audio-shortcode\" id=\"audio-1951-1\" preload=\"none\" style=\"width: 100%;\" controls=\"controls\"><source type=\"audio\/mpeg\" src=\"http:\/\/www.literaturtelefon-online.de\/wp-content\/uploads\/2016\/02\/jenny_erpenbeck_gehen_ging_gegangen.mp3?_=1\" \/><a href=\"http:\/\/www.literaturtelefon-online.de\/wp-content\/uploads\/2016\/02\/jenny_erpenbeck_gehen_ging_gegangen.mp3\">http:\/\/www.literaturtelefon-online.de\/wp-content\/uploads\/2016\/02\/jenny_erpenbeck_gehen_ging_gegangen.mp3<\/a><\/audio><br \/>\n<br \/>\nHochpolitisch und von bezwingender Aktualit\u00e4t ist der Roman \u201eGehen, ging, gegangen\u201c von Jenny Erpenbeck, der auf der Shortlist f\u00fcr den Deutschen Buchpreis 2015 stand. Wie ertr\u00e4gt man das Vergehen der Zeit, wenn man zur Unt\u00e4tigkeit gezwungen ist? Und wie geht man mit dem Verlust derer um, die man geliebt hat? Der emeritierte Professor Richard kommt durch die zuf\u00e4llige Begegnung mit den Asylsuchenden auf dem Oranienplatz auf die Idee, die Antworten auf seine Fragen bei jenen jungen Fl\u00fcchtlingen aus Afrika zu suchen, die in Berlin gestrandet und seit Jahren zum Warten verurteilt sind. Jenny Erpenbeck erz\u00e4hlt vom Wegsehen und Hinsehen, von Tod und Krieg, vom ewigen Warten und von all dem, was unter der Oberfl\u00e4che verborgen liegt.<\/p>\n<p><img loading=\"lazy\" decoding=\"async\" style=\"margin-left:40px;\" src=\"http:\/\/www.literaturtelefon-online.de\/wp-content\/uploads\/2016\/02\/jenny_erpenbeck.jpg\" alt=\"jenny_erpenbeck\" width=\"140\" height=\"197\" class=\"alignright size-full wp-image-1955\" \/><\/p>\n<p>Jenny Erpenbeck wurde 1967 in Berlin geboren. 1999 deb\u00fctierte sie mit der Novelle \u201eGeschichte vom alten Kind\u201c, der weitere literarische Ver\u00f6ffentlichungen folgten, darunter Romane, Erz\u00e4hlungen und Theaterst\u00fccke. Ihr zuletzt erschienener Roman \u201eAller Tage Abend\u201c wurde von Lesern und Kritik gleichsam gefeiert und vielfach ausgezeichnet, unter anderem 2013 mit dem Joseph-Breitbach-Preis und 2015 mit dem Independent Foreign Fiction Prize.<\/p>\n<p><a href=\"https:\/\/de.wikipedia.org\/wiki\/Jenny_Erpenbeck\" target=\"_blank\">Wikipedia \u00fcber die Autorin<\/a><\/p>\n<p>Verlag: <a href=\"http:\/\/www.randomhouse.de\/Buch\/Gehen,-ging,-gegangen\/Jenny-Erpenbeck\/e336327.rhd\" target=\"_blank\">Knaus Verlag<\/a><\/p>\n<p>Foto: Katharina Behling<\/p>\n<p>literaturtelefon-online.de | Telefon: 0431\/901-8888\n<\/p><\/div>\n","protected":false},"excerpt":{"rendered":"<p>Am Literaturtelefon unter der Rufnummer 0431\/901-8888 und auf www.literaturtelefon-online.de liest Jenny Erpenbeck aus ihrem im Knaus Verlag erschienenen Roman \u201eGehen, ging, gegangen\u201c. Die Aufnahme entstand im Rahmen einer Lesung im Literaturhaus Schleswig-Holstein am 25.2.2016. Hochpolitisch und von bezwingender Aktualit\u00e4t ist der Roman \u201eGehen, ging, gegangen\u201c von Jenny Erpenbeck, der auf der Shortlist f\u00fcr den Deutschen [&hellip;]<\/p>\n","protected":false},"author":6,"featured_media":0,"parent":1949,"menu_order":1,"comment_status":"closed","ping_status":"open","template":"","meta":{"footnotes":""},"class_list":["post-1951","page","type-page","status-publish","hentry"],"_links":{"self":[{"href":"http:\/\/www.literaturtelefon-online.de\/index.php?rest_route=\/wp\/v2\/pages\/1951","targetHints":{"allow":["GET"]}}],"collection":[{"href":"http:\/\/www.literaturtelefon-online.de\/index.php?rest_route=\/wp\/v2\/pages"}],"about":[{"href":"http:\/\/www.literaturtelefon-online.de\/index.php?rest_route=\/wp\/v2\/types\/page"}],"author":[{"embeddable":true,"href":"http:\/\/www.literaturtelefon-online.de\/index.php?rest_route=\/wp\/v2\/users\/6"}],"replies":[{"embeddable":true,"href":"http:\/\/www.literaturtelefon-online.de\/index.php?rest_route=%2Fwp%2Fv2%2Fcomments&post=1951"}],"version-history":[{"count":5,"href":"http:\/\/www.literaturtelefon-online.de\/index.php?rest_route=\/wp\/v2\/pages\/1951\/revisions"}],"predecessor-version":[{"id":1958,"href":"http:\/\/www.literaturtelefon-online.de\/index.php?rest_route=\/wp\/v2\/pages\/1951\/revisions\/1958"}],"up":[{"embeddable":true,"href":"http:\/\/www.literaturtelefon-online.de\/index.php?rest_route=\/wp\/v2\/pages\/1949"}],"wp:attachment":[{"href":"http:\/\/www.literaturtelefon-online.de\/index.php?rest_route=%2Fwp%2Fv2%2Fmedia&parent=1951"}],"curies":[{"name":"wp","href":"https:\/\/api.w.org\/{rel}","templated":true}]}}