{"id":1933,"date":"2016-02-23T06:30:48","date_gmt":"2016-02-23T04:30:48","guid":{"rendered":"http:\/\/www.literaturtelefon-online.de\/?page_id=1933"},"modified":"2016-06-15T12:52:06","modified_gmt":"2016-06-15T10:52:06","slug":"vera-kaiser","status":"publish","type":"page","link":"http:\/\/www.literaturtelefon-online.de\/?page_id=1933","title":{"rendered":"Vea Kaiser"},"content":{"rendered":"<div style=\"text-align: justify;\">\nAm Literaturtelefon unter der Rufnummer 0431\/901-8888 und auf www.literaturtelefon-online.de liest Vea Kaiser aus ihrem bei Kiepenheuer &#038; Witsch erschienenen Roman \u201eMakarionissi oder Die Insel der Seligen\u201c. Die Aufnahme entstand im Rahmen einer Lesung im Literaturhaus Schleswig-Holstein am 17.2.2016.<\/p>\n<p><!--[if lt IE 9]><script>document.createElement('audio');<\/script><![endif]-->\n<audio class=\"wp-audio-shortcode\" id=\"audio-1933-1\" preload=\"none\" style=\"width: 100%;\" controls=\"controls\"><source type=\"audio\/mpeg\" src=\"http:\/\/www.literaturtelefon-online.de\/wp-content\/uploads\/2016\/02\/vea_kaiser_makarionissi.mp3?_=1\" \/><a href=\"http:\/\/www.literaturtelefon-online.de\/wp-content\/uploads\/2016\/02\/vea_kaiser_makarionissi.mp3\">http:\/\/www.literaturtelefon-online.de\/wp-content\/uploads\/2016\/02\/vea_kaiser_makarionissi.mp3<\/a><\/audio><br \/>\n<br \/>\nNachdem ihr Deb\u00fct \u201eBlasmusikpop oder Wie die Wissenschaft in die Berge kam\u201c Leser wie Presse gleicherma\u00dfen begeisterte, ist Vea Kaiser nun mit ihrem neuen Roman \u201eMakarionissi oder Die Insel der Seligen\u201c auf den Leseb\u00fchnen. Die Fabulierlust der jungen Wiener Autorin kennt auch in ihrem zweiten Buch keine Grenzen: Von Griechenland bis Niedersachsen, von den 50er Jahren bis in die Gegenwart erz\u00e4hlt Vea Kaiser von der Gl\u00fcckssuche einer griechischen Familie und deren folgenreichen Katastrophen, von M\u00f6chtegern-Helden und Herzensbrechern. Und von der gro\u00dfen Liebe, die man mehrmals trifft. Die Geschichte um die kluge, sture und streitlustige Eleni und ihren friedliebenden Cousin Lefti ist ein beeindruckend leichtf\u00fc\u00dfig, witzig und feinf\u00fchlig erz\u00e4hltes Familienepos.<\/p>\n<p><img loading=\"lazy\" decoding=\"async\" style=\"margin-left:40px;\" src=\"http:\/\/www.literaturtelefon-online.de\/wp-content\/uploads\/2016\/02\/vea_kaiser.jpg\" alt=\"vea_kaiser\" width=\"140\" height=\"187\" class=\"alignright size-full wp-image-1941\" \/><\/p>\n<p>Vea Kaiser, geb. 1988 in St. P\u00f6lten, ver\u00f6ffentlichte 2012 ihren Deb\u00fctroman \u201eBlasmusikpop oder Wie die Wissenschaft in die Berge kam\u201c, der Platz 1 der ORF-Bestenliste erreichte. \u00dcbersetzungen ins Tschechische, Niederl\u00e4ndische, Franz\u00f6sische sowie eine Verfilmung sind in Arbeit. Nach ihrer Lesereise in \u00fcber 100 St\u00e4dte und 10 L\u00e4nder studiert sie nun in Wien Altgriechisch. Vea Kaisers zweiter Roman \u201eMakarionissi oder Die Insel der Seligen\u201c ist im Mai 2015 erschienen.<\/p>\n<p><a href=\"https:\/\/de.wikipedia.org\/wiki\/Vea_Kaiser\" target=\"_blank\">Wikipedia \u00fcber die Autorin<\/a><\/p>\n<p>Verlag: <a href=\"http:\/\/www.kiwi-verlag.de\/buch\/makarionissi-oder-die-insel-der-seligen\/978-3-462-04742-4\/\" target=\"_blank\">Kiepenheuer &#038; Witsch<\/a><\/p>\n<p>Foto: Ingo Pertramer<\/p>\n<p>literaturtelefon-online.de | Telefon: 0431\/901-8888\n<\/p><\/div>\n","protected":false},"excerpt":{"rendered":"<p>Am Literaturtelefon unter der Rufnummer 0431\/901-8888 und auf www.literaturtelefon-online.de liest Vea Kaiser aus ihrem bei Kiepenheuer &#038; Witsch erschienenen Roman \u201eMakarionissi oder Die Insel der Seligen\u201c. Die Aufnahme entstand im Rahmen einer Lesung im Literaturhaus Schleswig-Holstein am 17.2.2016. Nachdem ihr Deb\u00fct \u201eBlasmusikpop oder Wie die Wissenschaft in die Berge kam\u201c Leser wie Presse gleicherma\u00dfen begeisterte, [&hellip;]<\/p>\n","protected":false},"author":6,"featured_media":0,"parent":1931,"menu_order":2,"comment_status":"closed","ping_status":"open","template":"","meta":{"footnotes":""},"class_list":["post-1933","page","type-page","status-publish","hentry"],"_links":{"self":[{"href":"http:\/\/www.literaturtelefon-online.de\/index.php?rest_route=\/wp\/v2\/pages\/1933","targetHints":{"allow":["GET"]}}],"collection":[{"href":"http:\/\/www.literaturtelefon-online.de\/index.php?rest_route=\/wp\/v2\/pages"}],"about":[{"href":"http:\/\/www.literaturtelefon-online.de\/index.php?rest_route=\/wp\/v2\/types\/page"}],"author":[{"embeddable":true,"href":"http:\/\/www.literaturtelefon-online.de\/index.php?rest_route=\/wp\/v2\/users\/6"}],"replies":[{"embeddable":true,"href":"http:\/\/www.literaturtelefon-online.de\/index.php?rest_route=%2Fwp%2Fv2%2Fcomments&post=1933"}],"version-history":[{"count":7,"href":"http:\/\/www.literaturtelefon-online.de\/index.php?rest_route=\/wp\/v2\/pages\/1933\/revisions"}],"predecessor-version":[{"id":1948,"href":"http:\/\/www.literaturtelefon-online.de\/index.php?rest_route=\/wp\/v2\/pages\/1933\/revisions\/1948"}],"up":[{"embeddable":true,"href":"http:\/\/www.literaturtelefon-online.de\/index.php?rest_route=\/wp\/v2\/pages\/1931"}],"wp:attachment":[{"href":"http:\/\/www.literaturtelefon-online.de\/index.php?rest_route=%2Fwp%2Fv2%2Fmedia&parent=1933"}],"curies":[{"name":"wp","href":"https:\/\/api.w.org\/{rel}","templated":true}]}}