{"id":1929,"date":"2016-02-23T06:28:13","date_gmt":"2016-02-23T04:28:13","guid":{"rendered":"http:\/\/www.literaturtelefon-online.de\/?page_id=1929"},"modified":"2016-05-31T13:46:48","modified_gmt":"2016-05-31T11:46:48","slug":"frank-witzel","status":"publish","type":"page","link":"http:\/\/www.literaturtelefon-online.de\/?page_id=1929","title":{"rendered":"Frank Witzel"},"content":{"rendered":"<div style=\"text-align: justify;\">\nAm Literaturtelefon unter der Rufnummer 0431\/901-8888 und auf www.literaturtelefon-online.de liest Frank Witzel aus seinem bei Matthes &#038; Seitz, Berlin erschienenen Roman \u201eDie Erfindung der Roten Armee Fraktion durch einen manisch-depressiven Teenager im Sommer 1969\u201c. Die Aufnahme entstand im Rahmen einer Lesung im Literaturhaus Schleswig-Holstein am 12.2.2016.<\/p>\n<p><!--[if lt IE 9]><script>document.createElement('audio');<\/script><![endif]-->\n<audio class=\"wp-audio-shortcode\" id=\"audio-1929-1\" preload=\"none\" style=\"width: 100%;\" controls=\"controls\"><source type=\"audio\/mpeg\" src=\"http:\/\/www.literaturtelefon-online.de\/wp-content\/uploads\/2016\/02\/frank_witzel_die_erfindung_der_raf.mp3?_=1\" \/><a href=\"http:\/\/www.literaturtelefon-online.de\/wp-content\/uploads\/2016\/02\/frank_witzel_die_erfindung_der_raf.mp3\">http:\/\/www.literaturtelefon-online.de\/wp-content\/uploads\/2016\/02\/frank_witzel_die_erfindung_der_raf.mp3<\/a><\/audio><br \/>\n<br \/>\nIn diesem mitrei\u00dfenden Roman l\u00e4sst Witzel den Kosmos der alten BRD wiederauferstehen. Dabei ist die Welt des kindlichen Erz\u00e4hlers nicht minder real als die politischen Ereignisse, die jene Jahre in Atem halten und auf die sich der 13-J\u00e4hrige seinen ganz eigenen Reim macht. Frank Witzel ist es gelungen, ein Spiegelkabinett der Geschichte im Kopf eines Heranwachsenden zu errichten. Das dichte Erz\u00e4hlgewebe ist eine explosive Mischung aus Geschichten und Geschichte, Welterkl\u00e4rung, Reflexion und Fantasie: ein Kaleidoskop aus Stimmungen eines Landes, das ebenso wie die DDR 1989 Geschichte wurde. <\/p>\n<p><img loading=\"lazy\" decoding=\"async\" style=\"margin-left:40px;\" src=\"http:\/\/www.literaturtelefon-online.de\/wp-content\/uploads\/2016\/02\/frank_witzel.jpg\" alt=\"frank_witzel\" width=\"140\" height=\"203\" class=\"alignright size-full wp-image-1936\" \/><\/p>\n<p>Frank Witzel wurde 1955 in Wiesbaden geboren und lebt in Offenbach. Er ist Autor, Essayist, Zeichner und Musiker. Sein Roman \u201eDie Erfindung der Roten Armee Fraktion durch einen manisch-depressiven Teenager im Sommer 1969\u201c wurde mit dem Deutschen Buchpreis 2015 ausgezeichnet.<\/p>\n<p>Autor: <a href=\"http:\/\/www.frankwitzel.de\" target=\"_blank\">www.frankwitzel.de<\/a><\/p>\n<p><a href=\"https:\/\/de.wikipedia.org\/wiki\/Frank_Witzel\" target=\"_blank\">Wikipedia \u00fcber den Autor<\/a><\/p>\n<p>Verlag: <a href=\"http:\/\/www.matthes-seitz-berlin.de\/buch\/die-erfindung-der-roten-armee-fraktion-durch-einen-manisch-depressiven-teenager-im-sommer-1969.html\" target=\"_blank\">Matthes &#038; Seitz, Berlin<\/a><\/p>\n<p>Foto: Gianni Plescia<\/p>\n<p>literaturtelefon-online.de | Telefon: 0431\/901-8888\n<\/p><\/div>\n","protected":false},"excerpt":{"rendered":"<p>Am Literaturtelefon unter der Rufnummer 0431\/901-8888 und auf www.literaturtelefon-online.de liest Frank Witzel aus seinem bei Matthes &#038; Seitz, Berlin erschienenen Roman \u201eDie Erfindung der Roten Armee Fraktion durch einen manisch-depressiven Teenager im Sommer 1969\u201c. Die Aufnahme entstand im Rahmen einer Lesung im Literaturhaus Schleswig-Holstein am 12.2.2016. In diesem mitrei\u00dfenden Roman l\u00e4sst Witzel den Kosmos der [&hellip;]<\/p>\n","protected":false},"author":6,"featured_media":0,"parent":1931,"menu_order":1,"comment_status":"closed","ping_status":"open","template":"","meta":{"footnotes":""},"class_list":["post-1929","page","type-page","status-publish","hentry"],"_links":{"self":[{"href":"http:\/\/www.literaturtelefon-online.de\/index.php?rest_route=\/wp\/v2\/pages\/1929","targetHints":{"allow":["GET"]}}],"collection":[{"href":"http:\/\/www.literaturtelefon-online.de\/index.php?rest_route=\/wp\/v2\/pages"}],"about":[{"href":"http:\/\/www.literaturtelefon-online.de\/index.php?rest_route=\/wp\/v2\/types\/page"}],"author":[{"embeddable":true,"href":"http:\/\/www.literaturtelefon-online.de\/index.php?rest_route=\/wp\/v2\/users\/6"}],"replies":[{"embeddable":true,"href":"http:\/\/www.literaturtelefon-online.de\/index.php?rest_route=%2Fwp%2Fv2%2Fcomments&post=1929"}],"version-history":[{"count":5,"href":"http:\/\/www.literaturtelefon-online.de\/index.php?rest_route=\/wp\/v2\/pages\/1929\/revisions"}],"predecessor-version":[{"id":1946,"href":"http:\/\/www.literaturtelefon-online.de\/index.php?rest_route=\/wp\/v2\/pages\/1929\/revisions\/1946"}],"up":[{"embeddable":true,"href":"http:\/\/www.literaturtelefon-online.de\/index.php?rest_route=\/wp\/v2\/pages\/1931"}],"wp:attachment":[{"href":"http:\/\/www.literaturtelefon-online.de\/index.php?rest_route=%2Fwp%2Fv2%2Fmedia&parent=1929"}],"curies":[{"name":"wp","href":"https:\/\/api.w.org\/{rel}","templated":true}]}}