{"id":1911,"date":"2016-02-23T04:16:24","date_gmt":"2016-02-23T02:16:24","guid":{"rendered":"http:\/\/www.literaturtelefon-online.de\/?page_id=1911"},"modified":"2016-05-02T15:27:39","modified_gmt":"2016-05-02T13:27:39","slug":"judith-kuckart","status":"publish","type":"page","link":"http:\/\/www.literaturtelefon-online.de\/?page_id=1911","title":{"rendered":"Judith Kuckart"},"content":{"rendered":"<div style=\"text-align: justify;\">\nAm Literaturtelefon unter der Rufnummer 0431\/901-8888 und auf www.literaturtelefon-online.de liest Judith Kuckart aus ihrem im Dumont-Buchverlag erschienenen Roman \u201eDass man durch Belgien muss auf dem Weg zum Gl\u00fcck\u201c. Die Aufnahme entstand im Rahmen einer Lesung im Literaturhaus Schleswig-Holstein am 14.1.2016.<\/p>\n<p><!--[if lt IE 9]><script>document.createElement('audio');<\/script><![endif]-->\n<audio class=\"wp-audio-shortcode\" id=\"audio-1911-1\" preload=\"none\" style=\"width: 100%;\" controls=\"controls\"><source type=\"audio\/mpeg\" src=\"http:\/\/www.literaturtelefon-online.de\/wp-content\/uploads\/2016\/02\/judith_kuckart_dass_mann_durch_belgien_muss.mp3?_=1\" \/><a href=\"http:\/\/www.literaturtelefon-online.de\/wp-content\/uploads\/2016\/02\/judith_kuckart_dass_mann_durch_belgien_muss.mp3\">http:\/\/www.literaturtelefon-online.de\/wp-content\/uploads\/2016\/02\/judith_kuckart_dass_mann_durch_belgien_muss.mp3<\/a><\/audio><br \/>\n<br \/>\nGab es das, dass man sesshaft wurde in einer Sehnsucht?, fragt Judith Kuckart in ihrem wunderbaren Erz\u00e4hlreigen, mit dem sie das Lesejahr 2016 im Literaturhaus er\u00f6ffnete. Ihre Figuren sollten es sich nicht allzu bequem einrichten. Sie m\u00fcssen auf der Hut sein, denn hinter jeder unscheinbaren Alltagsecke kann das Ungeheuerliche, das alles Ver\u00e4ndernde lauern. Denn das Leben kann ab und an und vor allem jetzt verlangen, ungest\u00fcm gelebt zu werden. In einer Sprache, die auf erhellende Weise klar ist, f\u00fchrt Kuckart vor, dass alles zusammengeh\u00f6rt: Lust und Schrecken, Liebe und Tod, Schuld und Gl\u00fcck, und sie versammelt ein Ensemble von Figuren, die hier zu Helden ihres Wegs zum Gl\u00fcck und dort zu Nebenfiguren in der Geschichte anderer werden. <\/p>\n<p><img loading=\"lazy\" decoding=\"async\" style=\"margin-left:40px;\" src=\"http:\/\/www.literaturtelefon-online.de\/wp-content\/uploads\/2016\/02\/judith_kuckart.jpg\" alt=\"judith_kuckart\" width=\"140\" height=\"205\" class=\"alignright size-full wp-image-1915\" \/><\/p>\n<p>Judith Kuckart, geboren in Schwelm, lebt als Schriftstellerin und Regisseurin in Berlin und Z\u00fcrich. Nach Studium und Tanzausbildung leitete sie von 1986 bis 1998 das Tanztheater Skoronel. Seit 1998 arbeitet sie als freie Regisseurin. Mit ihrem ersten Roman \u201eWahl der Waffen\u201c wurde Kuckart 1990 als Schriftstellerin bekannt. Es folgten \u201eDie sch\u00f6ne Frau\u201c, \u201eDer Bibliothekar\u201c, \u201eLenas Liebe\u201c und die Erz\u00e4hlungen \u201eDie Autorenwitwe\u201c. 2006 erschien \u201eKaiserstra\u00dfe\u201c, 2008 \u201eDie Verd\u00e4chtige\u201c und 2013 \u201eW\u00fcnsche\u201c. Daneben schrieb Judith Kuckart<br \/>\nTheaterst\u00fccke und H\u00f6rspiele.<\/p>\n<p>Judith Kuckart war zuletzt im <a href=\"http:\/\/www.literaturtelefon-online.de\/?page_id=1073\">Dezember 2013 mit ihrem Roman \u201eW\u00fcnsche\u201c<\/a> am Literaturtelefon zu h\u00f6ren.<\/p>\n<p>Autorin: <a href=\"http:\/\/www.judithkuckart.de\" target=\"_blank\">www.judithkuckart.de<\/a><\/p>\n<p><a href=\"https:\/\/de.wikipedia.org\/wiki\/Judith_Kuckart\" target=\"_blank\">Wikipedia \u00fcber die Autorin<\/a><\/p>\n<p>Verlag: <a href=\"http:\/\/www.dumont-buchverlag.de\/buch\/kuckart-dass-man-durch-belgien-muss-9783832198077\/\" target=\"_blank\">Dumont-Buchverlag<\/a><\/p>\n<p>Foto: Laima Chenkeli<\/p>\n<p>literaturtelefon-online.de | Telefon: 0431\/901-8888\n<\/p><\/div>\n","protected":false},"excerpt":{"rendered":"<p>Am Literaturtelefon unter der Rufnummer 0431\/901-8888 und auf www.literaturtelefon-online.de liest Judith Kuckart aus ihrem im Dumont-Buchverlag erschienenen Roman \u201eDass man durch Belgien muss auf dem Weg zum Gl\u00fcck\u201c. Die Aufnahme entstand im Rahmen einer Lesung im Literaturhaus Schleswig-Holstein am 14.1.2016. Gab es das, dass man sesshaft wurde in einer Sehnsucht?, fragt Judith Kuckart in ihrem [&hellip;]<\/p>\n","protected":false},"author":6,"featured_media":0,"parent":1906,"menu_order":1,"comment_status":"closed","ping_status":"open","template":"","meta":{"footnotes":""},"class_list":["post-1911","page","type-page","status-publish","hentry"],"_links":{"self":[{"href":"http:\/\/www.literaturtelefon-online.de\/index.php?rest_route=\/wp\/v2\/pages\/1911","targetHints":{"allow":["GET"]}}],"collection":[{"href":"http:\/\/www.literaturtelefon-online.de\/index.php?rest_route=\/wp\/v2\/pages"}],"about":[{"href":"http:\/\/www.literaturtelefon-online.de\/index.php?rest_route=\/wp\/v2\/types\/page"}],"author":[{"embeddable":true,"href":"http:\/\/www.literaturtelefon-online.de\/index.php?rest_route=\/wp\/v2\/users\/6"}],"replies":[{"embeddable":true,"href":"http:\/\/www.literaturtelefon-online.de\/index.php?rest_route=%2Fwp%2Fv2%2Fcomments&post=1911"}],"version-history":[{"count":5,"href":"http:\/\/www.literaturtelefon-online.de\/index.php?rest_route=\/wp\/v2\/pages\/1911\/revisions"}],"predecessor-version":[{"id":1918,"href":"http:\/\/www.literaturtelefon-online.de\/index.php?rest_route=\/wp\/v2\/pages\/1911\/revisions\/1918"}],"up":[{"embeddable":true,"href":"http:\/\/www.literaturtelefon-online.de\/index.php?rest_route=\/wp\/v2\/pages\/1906"}],"wp:attachment":[{"href":"http:\/\/www.literaturtelefon-online.de\/index.php?rest_route=%2Fwp%2Fv2%2Fmedia&parent=1911"}],"curies":[{"name":"wp","href":"https:\/\/api.w.org\/{rel}","templated":true}]}}