{"id":1897,"date":"2016-02-23T02:37:26","date_gmt":"2016-02-23T00:37:26","guid":{"rendered":"http:\/\/www.literaturtelefon-online.de\/?page_id=1897"},"modified":"2016-04-03T20:45:26","modified_gmt":"2016-04-03T18:45:26","slug":"lilian-loke","status":"publish","type":"page","link":"http:\/\/www.literaturtelefon-online.de\/?page_id=1897","title":{"rendered":"Juan S. Guse"},"content":{"rendered":"<div style=\"text-align: justify;\">\nAm Literaturtelefon unter der Rufnummer 0431\/901-8888 und auf www.literaturtelefon-online.de liest Juan S. Guse aus seinem bei S. Fischer erschienenen Roman \u201eL\u00e4rm und W\u00e4lder\u201c. Die Aufnahme entstand im Rahmen der LeseLounge im Literaturhaus Schleswig-Holstein am 2.12.2015.<\/p>\n<p><!--[if lt IE 9]><script>document.createElement('audio');<\/script><![endif]-->\n<audio class=\"wp-audio-shortcode\" id=\"audio-1897-1\" preload=\"none\" style=\"width: 100%;\" controls=\"controls\"><source type=\"audio\/mpeg\" src=\"http:\/\/www.literaturtelefon-online.de\/wp-content\/uploads\/2016\/02\/juan_guse_laerm_und_waelder.mp3?_=1\" \/><a href=\"http:\/\/www.literaturtelefon-online.de\/wp-content\/uploads\/2016\/02\/juan_guse_laerm_und_waelder.mp3\">http:\/\/www.literaturtelefon-online.de\/wp-content\/uploads\/2016\/02\/juan_guse_laerm_und_waelder.mp3<\/a><\/audio><br \/>\n<br \/>\n<img loading=\"lazy\" decoding=\"async\" style=\"margin-left:40px;\" src=\"http:\/\/www.literaturtelefon-online.de\/wp-content\/uploads\/2016\/02\/juan_guse.jpg\" alt=\"juan_guse\" width=\"140\" height=\"217\" class=\"alignright size-full wp-image-1892\" \/><\/p>\n<p>Juan S. Guse erz\u00e4hlt in \u201eL\u00e4rm und W\u00e4lder\u201c von einer Gesellschaft, die sich in Aufl\u00f6sung befindet. Atmosph\u00e4risch dicht und mit einpr\u00e4gsamen Bildern schildert er die beunruhigende Transformation unserer Gegenwart in eine Dystopie, die immer alptraumhaftere Z\u00fcge annimmt. <\/p>\n<p>Juan S. Guse, geboren 1989, studiert derzeit Literaturwissenschaft an der Leibniz Universit\u00e4t Hannover. Er erhielt u.a. das Aufenthaltsstipendium der Walter Kempowski Stiftung und das Arbeitsstipendium des Landes Niedersachsen.<\/p>\n<p><a href=\"https:\/\/de.wikipedia.org\/wiki\/Juan_S._Guse\" target=\"_blank\">Wikipedia \u00fcber den Autor<\/a><\/p>\n<p>Verlag: <a href=\"http:\/\/www.fischerverlage.de\/buch\/laerm_und_waelder\/9783100024343\" target=\"_blank\">Fischer Verlage<\/a><\/p>\n<p>Foto: J\u00f6rg Steinmetz<\/p>\n<p>literaturtelefon-online.de | Telefon: 0431\/901-8888\n<\/p><\/div>\n","protected":false},"excerpt":{"rendered":"<p>Am Literaturtelefon unter der Rufnummer 0431\/901-8888 und auf www.literaturtelefon-online.de liest Juan S. Guse aus seinem bei S. Fischer erschienenen Roman \u201eL\u00e4rm und W\u00e4lder\u201c. Die Aufnahme entstand im Rahmen der LeseLounge im Literaturhaus Schleswig-Holstein am 2.12.2015. Juan S. Guse erz\u00e4hlt in \u201eL\u00e4rm und W\u00e4lder\u201c von einer Gesellschaft, die sich in Aufl\u00f6sung befindet. Atmosph\u00e4risch dicht und mit [&hellip;]<\/p>\n","protected":false},"author":6,"featured_media":0,"parent":1849,"menu_order":1,"comment_status":"closed","ping_status":"open","template":"","meta":{"footnotes":""},"class_list":["post-1897","page","type-page","status-publish","hentry"],"_links":{"self":[{"href":"http:\/\/www.literaturtelefon-online.de\/index.php?rest_route=\/wp\/v2\/pages\/1897","targetHints":{"allow":["GET"]}}],"collection":[{"href":"http:\/\/www.literaturtelefon-online.de\/index.php?rest_route=\/wp\/v2\/pages"}],"about":[{"href":"http:\/\/www.literaturtelefon-online.de\/index.php?rest_route=\/wp\/v2\/types\/page"}],"author":[{"embeddable":true,"href":"http:\/\/www.literaturtelefon-online.de\/index.php?rest_route=\/wp\/v2\/users\/6"}],"replies":[{"embeddable":true,"href":"http:\/\/www.literaturtelefon-online.de\/index.php?rest_route=%2Fwp%2Fv2%2Fcomments&post=1897"}],"version-history":[{"count":2,"href":"http:\/\/www.literaturtelefon-online.de\/index.php?rest_route=\/wp\/v2\/pages\/1897\/revisions"}],"predecessor-version":[{"id":1900,"href":"http:\/\/www.literaturtelefon-online.de\/index.php?rest_route=\/wp\/v2\/pages\/1897\/revisions\/1900"}],"up":[{"embeddable":true,"href":"http:\/\/www.literaturtelefon-online.de\/index.php?rest_route=\/wp\/v2\/pages\/1849"}],"wp:attachment":[{"href":"http:\/\/www.literaturtelefon-online.de\/index.php?rest_route=%2Fwp%2Fv2%2Fmedia&parent=1897"}],"curies":[{"name":"wp","href":"https:\/\/api.w.org\/{rel}","templated":true}]}}