{"id":1851,"date":"2016-01-09T01:59:08","date_gmt":"2016-01-08T23:59:08","guid":{"rendered":"http:\/\/www.literaturtelefon-online.de\/?page_id=1851"},"modified":"2016-02-23T03:52:22","modified_gmt":"2016-02-23T01:52:22","slug":"alban-nikolai-herbst","status":"publish","type":"page","link":"http:\/\/www.literaturtelefon-online.de\/?page_id=1851","title":{"rendered":"Alban Nikolai Herbst"},"content":{"rendered":"<div style=\"text-align: justify;\">\nAm Literaturtelefon unter 0431\/901-8888 und www.literaturtelefon-online.de liest Alban Nikolai Herbst aus seinem 2015 im Hamburger mare Verlag erschienenen Roman \u201eTraumschiff\u201c. Bereits zum vierten Mal ist Herbst am Mittwoch, den 20. Januar 2016 im Literaturhaus Schleswig-Holstein zu Gast. Ab 20 Uhr liest er dort aus \u201eTraumschiff\u201c (ebenso am 21.1., 19 Uhr, im Nordkolleg Rendsburg und am 25.1., 20 Uhr, im L\u00fcbecker Buddenbrookhaus).<\/p>\n<p><!--[if lt IE 9]><script>document.createElement('audio');<\/script><![endif]-->\n<audio class=\"wp-audio-shortcode\" id=\"audio-1851-1\" preload=\"none\" style=\"width: 100%;\" controls=\"controls\"><source type=\"audio\/mpeg\" src=\"http:\/\/www.literaturtelefon-online.de\/wp-content\/uploads\/2016\/01\/alban_nikolai_herbst_traumschiff.mp3?_=1\" \/><a href=\"http:\/\/www.literaturtelefon-online.de\/wp-content\/uploads\/2016\/01\/alban_nikolai_herbst_traumschiff.mp3\">http:\/\/www.literaturtelefon-online.de\/wp-content\/uploads\/2016\/01\/alban_nikolai_herbst_traumschiff.mp3<\/a><\/audio><br \/>\n<br \/>\nIn seinem neuem Roman \u201eTraumschiff\u201c schickt Herbst den erfolgreichen, wenn auch zweifelhaften Gesch\u00e4ftsmann Gregor Lanmeister auf Weltreise an Bord eines Kreuzfahrtschiffes. Mit ihm reisen 144 eigenwillige Pers\u00f6nlichkeiten, darunter eine junge russische Pianistin, ein schrulliger Clochard zur See und die stolze Lady Porto. Eins haben alle Reisenden gemeinsam: Sie werden das Schiff nicht mehr verlassen. Sie sind unterwegs, um Abschied zu nehmen. An Bord er\u00f6ffnen sich f\u00fcr Lanmeister Momente von m\u00e4rchenhafter Sch\u00f6nheit, bis Zeit und Meer, Verg\u00e4nglichkeit und Traum zu einem r\u00e4tselhaft entr\u00fcckten Kosmos verschmelzen. Geistreich und z\u00e4rtlich, unmittelbar und humorvoll erz\u00e4hlt Alban Nikolai Herbst vom Sterben als einem letzten gro\u00dfen Gesang auf das Leben.<\/p>\n<p><img loading=\"lazy\" decoding=\"async\" style=\"margin-left:40px;\" src=\"http:\/\/www.literaturtelefon-online.de\/wp-content\/uploads\/2016\/01\/alban_nikolai_herbst_2016.jpg\" alt=\"alban_nikolai_herbst_2016\" width=\"140\" height=\"210\" class=\"alignright size-full wp-image-1853\" \/><\/a><\/p>\n<p>Als \u201eeine der F\u00fchrungsfiguren der \u00e4sthetischen Postmoderne\u201c bezeichnete der Literaturwissenschaftler und Kritiker Wilhelm K\u00fchlmann den 1955 geborenen Schriftsteller Alban Nikolai Herbst, der mit bislang rund 30 Romanen, Erz\u00e4hl- und Gedichtb\u00e4nden, sowie poetischen H\u00f6rst\u00fccken, die er f\u00fcr den Rundfunk meist selbst inszeniert, zu den bedeutendsten deutschen Gegenwartsschriftstellern z\u00e4hlt. In seinem Weblog <a href=\"http:\/\/albannikolaiherbst.twoday.net\/\" target=\"_blank\">\u201eDie Dschungel. Anderswelt\u201c<\/a> gibt Herbst seit nunmehr 13 Jahren nahezu t\u00e4glichen Einblick in seine Arbeitsprozesse. Zuletzt schloss er 2013 mit \u201eArgo\u201c seine monumentale Anderswelt-Trilogie ab. Bei mare erschien zehn Jahre zuvor sein umstrittener Roman \u201eMeere\u201c.<\/p>\n<p>Am Literaturtelefon war Herbst zuletzt <a href=\"http:\/\/www.literaturtelefon-online.de\/?page_id=990\">im September 2013 mit seinem Roman \u201eArgo. Anderswelt\u201c<\/a> zu h\u00f6ren.<\/p>\n<p>Siehe auch <a href=\"http:\/\/www.hansen-munk.de\/2016\/01\/21\/mitten-im-tod-sind-mit-dem-leben-wir-umfangen\/\" target=\"_blank\">Besprechung der Lesung auf www.hansen-munk.de<\/a>.<\/p>\n<p>Autor: <a href=\"http:\/\/albannikolaiherbst.twoday.net\/\" target=\"_blank\">\u201eDie Dschungel. Anderswelt\u201c<\/a>. Eine Video-Montage mit einem Text aus \u201eTraumschiff\u201c findet sich bei <a href=\"https:\/\/www.youtube.com\/watch?v=nxP9chaDn_M\" target=\"_blank\">Youtube<\/a>.<\/p>\n<p>Verlag: <a href=\"http:\/\/www.mare.de\/index.php?article_id=4182\" target=\"_blank\">mare Verlag, Hamburg<\/a><\/p>\n<p>Foto: Mathias Bothor, Photoselection<\/p>\n<p>literaturtelefon-online.de | Telefon: 0431\/901-8888\n<\/p><\/div>\n","protected":false},"excerpt":{"rendered":"<p>Am Literaturtelefon unter 0431\/901-8888 und www.literaturtelefon-online.de liest Alban Nikolai Herbst aus seinem 2015 im Hamburger mare Verlag erschienenen Roman \u201eTraumschiff\u201c. Bereits zum vierten Mal ist Herbst am Mittwoch, den 20. Januar 2016 im Literaturhaus Schleswig-Holstein zu Gast. Ab 20 Uhr liest er dort aus \u201eTraumschiff\u201c (ebenso am 21.1., 19 Uhr, im Nordkolleg Rendsburg und am [&hellip;]<\/p>\n","protected":false},"author":6,"featured_media":0,"parent":1785,"menu_order":2,"comment_status":"closed","ping_status":"open","template":"","meta":{"footnotes":""},"class_list":["post-1851","page","type-page","status-publish","hentry"],"_links":{"self":[{"href":"http:\/\/www.literaturtelefon-online.de\/index.php?rest_route=\/wp\/v2\/pages\/1851","targetHints":{"allow":["GET"]}}],"collection":[{"href":"http:\/\/www.literaturtelefon-online.de\/index.php?rest_route=\/wp\/v2\/pages"}],"about":[{"href":"http:\/\/www.literaturtelefon-online.de\/index.php?rest_route=\/wp\/v2\/types\/page"}],"author":[{"embeddable":true,"href":"http:\/\/www.literaturtelefon-online.de\/index.php?rest_route=\/wp\/v2\/users\/6"}],"replies":[{"embeddable":true,"href":"http:\/\/www.literaturtelefon-online.de\/index.php?rest_route=%2Fwp%2Fv2%2Fcomments&post=1851"}],"version-history":[{"count":6,"href":"http:\/\/www.literaturtelefon-online.de\/index.php?rest_route=\/wp\/v2\/pages\/1851\/revisions"}],"predecessor-version":[{"id":1910,"href":"http:\/\/www.literaturtelefon-online.de\/index.php?rest_route=\/wp\/v2\/pages\/1851\/revisions\/1910"}],"up":[{"embeddable":true,"href":"http:\/\/www.literaturtelefon-online.de\/index.php?rest_route=\/wp\/v2\/pages\/1785"}],"wp:attachment":[{"href":"http:\/\/www.literaturtelefon-online.de\/index.php?rest_route=%2Fwp%2Fv2%2Fmedia&parent=1851"}],"curies":[{"name":"wp","href":"https:\/\/api.w.org\/{rel}","templated":true}]}}