{"id":1789,"date":"2015-11-10T06:45:36","date_gmt":"2015-11-10T04:45:36","guid":{"rendered":"http:\/\/www.literaturtelefon-online.de\/?page_id=1789"},"modified":"2016-01-25T07:01:59","modified_gmt":"2016-01-25T05:01:59","slug":"monika-rinck","status":"publish","type":"page","link":"http:\/\/www.literaturtelefon-online.de\/?page_id=1789","title":{"rendered":"Monika Rinck"},"content":{"rendered":"<div style=\"text-align: justify;\">\nAm Literaturtelefon unter der Rufnummer 0431\/901-8888 und auf www.literaturtelefon-online.de liest Monika Rinck aus ihrem bei KOOKbooks erschienenen Lyrikband \u201eHelle Verwirrung\u201c. Die Aufnahme entstand im Rahmen ihrer Lesung im Literaturhaus Schleswig-Holstein aus Anlass der Liliencron-Dozentur am 2.11.2015.<\/p>\n<p><!--[if lt IE 9]><script>document.createElement('audio');<\/script><![endif]-->\n<audio class=\"wp-audio-shortcode\" id=\"audio-1789-1\" preload=\"none\" style=\"width: 100%;\" controls=\"controls\"><source type=\"audio\/mpeg\" src=\"http:\/\/www.literaturtelefon-online.de\/wp-content\/uploads\/2015\/11\/monika_rinck_helle_verwirrung.mp3?_=1\" \/><a href=\"http:\/\/www.literaturtelefon-online.de\/wp-content\/uploads\/2015\/11\/monika_rinck_helle_verwirrung.mp3\">http:\/\/www.literaturtelefon-online.de\/wp-content\/uploads\/2015\/11\/monika_rinck_helle_verwirrung.mp3<\/a><\/audio><br \/>\n<br \/>\nMit der 18. Kieler Liliencron-Dozentur wurde 2015 eine Dichterin ausgezeichnet, deren Lyrik Gelehrsamkeit und Witz vereint und virtuos zwischen den Registern springt. Bei Monika Rinck (geb. 1969 in Zweibr\u00fccken) kippt die geistreiche Pointe schon mal in zarte Melancholie und zur\u00fcck zum s\u00fc\u00dfen Hohn. Neben zahlreichen Gedichtb\u00e4nden ver\u00f6ffentlichte sie auch Essays, Prosa- und H\u00f6rst\u00fccke. In ihrem Online-W\u00f6rterbuch \u201ebegriffsstudio\u201c sammelt und archiviert sie kuriose Begriffe und verungl\u00fcckte Formulierungen.<\/p>\n<p><img loading=\"lazy\" decoding=\"async\" style=\"margin-left:40px;\" src=\"http:\/\/www.literaturtelefon-online.de\/wp-content\/uploads\/2015\/11\/monika_rinck.jpg\" width=\"140\" height=\"185\" class=\"alignright size-full wp-image-1793\" \/><\/p>\n<p>Rincks Werke wurden mit zahlreichen Preisen ausgezeichnet. Auf der Frankfurter Buchmesse wurde ihr Essay-Band \u201eRisiko und Idiotie\u201c k\u00fcrzlich mit dem Hauptpreis der Hotlist 2015 der besten B\u00fccher aus unabh\u00e4ngigen Verlagen im deutschsprachigen Raum pr\u00e4miert. Im Herbst 2015 wurde ihr der Kleist-Preis verliehen.<\/p>\n<p><a href=\"https:\/\/de.wikipedia.org\/wiki\/Monika_Rinck\" target=\"_blank\">Wikipedia \u00fcber Monika Rinck<\/a><\/p>\n<p>Autorin: <a href=\"http:\/\/www.begriffsstudio.de\" target=\"_blank\">www.begriffsstudio.de<\/a><\/p>\n<p>Verlag: <a href=\"http:\/\/www.kookbooks.de\/buecher.php#a-9783937445373\" target=\"_blank\">KOOKbooks<\/a><\/p>\n<p>Foto: Franka Bruns<\/p>\n<p>literaturtelefon-online.de | Telefon: 0431\/901-8888\n<\/p><\/div>\n","protected":false},"excerpt":{"rendered":"<p>Am Literaturtelefon unter der Rufnummer 0431\/901-8888 und auf www.literaturtelefon-online.de liest Monika Rinck aus ihrem bei KOOKbooks erschienenen Lyrikband \u201eHelle Verwirrung\u201c. Die Aufnahme entstand im Rahmen ihrer Lesung im Literaturhaus Schleswig-Holstein aus Anlass der Liliencron-Dozentur am 2.11.2015. Mit der 18. Kieler Liliencron-Dozentur wurde 2015 eine Dichterin ausgezeichnet, deren Lyrik Gelehrsamkeit und Witz vereint und virtuos zwischen [&hellip;]<\/p>\n","protected":false},"author":6,"featured_media":0,"parent":1787,"menu_order":1,"comment_status":"closed","ping_status":"open","template":"","meta":{"footnotes":""},"class_list":["post-1789","page","type-page","status-publish","hentry"],"_links":{"self":[{"href":"http:\/\/www.literaturtelefon-online.de\/index.php?rest_route=\/wp\/v2\/pages\/1789","targetHints":{"allow":["GET"]}}],"collection":[{"href":"http:\/\/www.literaturtelefon-online.de\/index.php?rest_route=\/wp\/v2\/pages"}],"about":[{"href":"http:\/\/www.literaturtelefon-online.de\/index.php?rest_route=\/wp\/v2\/types\/page"}],"author":[{"embeddable":true,"href":"http:\/\/www.literaturtelefon-online.de\/index.php?rest_route=\/wp\/v2\/users\/6"}],"replies":[{"embeddable":true,"href":"http:\/\/www.literaturtelefon-online.de\/index.php?rest_route=%2Fwp%2Fv2%2Fcomments&post=1789"}],"version-history":[{"count":8,"href":"http:\/\/www.literaturtelefon-online.de\/index.php?rest_route=\/wp\/v2\/pages\/1789\/revisions"}],"predecessor-version":[{"id":1804,"href":"http:\/\/www.literaturtelefon-online.de\/index.php?rest_route=\/wp\/v2\/pages\/1789\/revisions\/1804"}],"up":[{"embeddable":true,"href":"http:\/\/www.literaturtelefon-online.de\/index.php?rest_route=\/wp\/v2\/pages\/1787"}],"wp:attachment":[{"href":"http:\/\/www.literaturtelefon-online.de\/index.php?rest_route=%2Fwp%2Fv2%2Fmedia&parent=1789"}],"curies":[{"name":"wp","href":"https:\/\/api.w.org\/{rel}","templated":true}]}}