{"id":1762,"date":"2015-10-13T01:41:58","date_gmt":"2015-10-12T23:41:58","guid":{"rendered":"http:\/\/www.literaturtelefon-online.de\/?page_id=1762"},"modified":"2015-12-28T14:40:06","modified_gmt":"2015-12-28T12:40:06","slug":"david-wagner","status":"publish","type":"page","link":"http:\/\/www.literaturtelefon-online.de\/?page_id=1762","title":{"rendered":"David Wagner"},"content":{"rendered":"<div style=\"text-align: justify;\">\nAm Literaturtelefon unter der Rufnummer 0431\/901-8888 und auf www.literaturtelefon-online.de liest David Wagner aus seinem 2013 bei Rowohlt erschienenen Roman \u201eLeben\u201c. Die Aufnahme entstand im Rahmen einer Lesung im Literaturhaus Schleswig-Holstein am 7.10.2015.<\/p>\n<p>[David Wagner hat seinen Audio-Beitrag nur f\u00fcr 14 Tage zur Verf\u00fcgung gestellt, daher hier nicht mehr h\u00f6rbar.]<\/p>\n<p><a href=\"https:\/\/de.wikipedia.org\/wiki\/David_Wagner_(Schriftsteller)\" target=\"_blank\">David Wagner<\/a>, 1971 geboren, lebend in Berlin, deb\u00fctierte im Jahr 2000 mit dem Roman \u201eMeine nachtblaue Hose\u201c und ver\u00f6ffentlichte in der Folge den Erz\u00e4hlungsband \u201eWas alles fehlt\u201c, das Prosabuch \u201eSpricht das Kind\u201c, die Essaysammlung \u201eWelche Farbe hat Berlin\u201c sowie den Roman \u201eVier \u00c4pfel\u201c, der auf der Longlist des Deutschen Buchpreises stand. F\u00fcr seinen j\u00fcngsten Roman \u201eLeben\u201c wurde ihm 2013 der Preis der Leipziger Buchmesse verliehen.<\/p>\n<p><img style=\"margin-left:40px;\"src=\"http:\/\/www.literaturtelefon-online.de\/wp-content\/uploads\/2015\/10\/david_wagner.jpg\" alt=\"david_wagner\" width=\"140\" height=\"178\" class=\"alignright size-full wp-image-1766\" \/><\/p>\n<p>\u201eLeben\u201c handelt von der Geschichte und Vorgeschichte einer Lebertransplantation, von den langen Tagen und N\u00e4chten im Kosmos Krankenhaus, neben den wechselnden Bettnachbarn mit ihren Schicksalen und Beichten. Der Roman ist ein ber\u00fchrendes, nachdenklich stimmendes, lebenskluges Buch \u00fcber einen existentiellen Drahtseilakt. Ohne Pathos und mit stilistischer Brillanz erz\u00e4hlt Wagner vom Lieben und Sterben, von Verantwortung und Gl\u00fcck \u2013 vom Leben, das ein Derwisch ist.<\/p>\n<p>Autor: <a href=\"http:\/\/www.david-wagner-in-berlin.de\/\" target=\"_blank\">www.david-wagner-in-berlin.de<\/a><\/p>\n<p>Verlag: <a href=\"http:\/\/www.rowohlt.de\/taschenbuch\/david-wagner-leben.html\" target=\"_blank\">www.rowohlt.de<\/a><\/p>\n<p>Foto: Susanne Schleyer<\/p>\n<p>Copyright der Aufnahme: \u00a9 2013 Rowohlt Verlag GmbH, Reinbek bei Hamburg<\/p>\n<p>literaturtelefon-online.de | Telefon: 0431\/901-8888\n<\/p><\/div>\n","protected":false},"excerpt":{"rendered":"<p>Am Literaturtelefon unter der Rufnummer 0431\/901-8888 und auf www.literaturtelefon-online.de liest David Wagner aus seinem 2013 bei Rowohlt erschienenen Roman \u201eLeben\u201c. Die Aufnahme entstand im Rahmen einer Lesung im Literaturhaus Schleswig-Holstein am 7.10.2015. [David Wagner hat seinen Audio-Beitrag nur f\u00fcr 14 Tage zur Verf\u00fcgung gestellt, daher hier nicht mehr h\u00f6rbar.] David Wagner, 1971 geboren, lebend in [&hellip;]<\/p>\n","protected":false},"author":6,"featured_media":0,"parent":1739,"menu_order":2,"comment_status":"closed","ping_status":"open","template":"","meta":{"footnotes":""},"class_list":["post-1762","page","type-page","status-publish","hentry"],"_links":{"self":[{"href":"http:\/\/www.literaturtelefon-online.de\/index.php?rest_route=\/wp\/v2\/pages\/1762","targetHints":{"allow":["GET"]}}],"collection":[{"href":"http:\/\/www.literaturtelefon-online.de\/index.php?rest_route=\/wp\/v2\/pages"}],"about":[{"href":"http:\/\/www.literaturtelefon-online.de\/index.php?rest_route=\/wp\/v2\/types\/page"}],"author":[{"embeddable":true,"href":"http:\/\/www.literaturtelefon-online.de\/index.php?rest_route=\/wp\/v2\/users\/6"}],"replies":[{"embeddable":true,"href":"http:\/\/www.literaturtelefon-online.de\/index.php?rest_route=%2Fwp%2Fv2%2Fcomments&post=1762"}],"version-history":[{"count":10,"href":"http:\/\/www.literaturtelefon-online.de\/index.php?rest_route=\/wp\/v2\/pages\/1762\/revisions"}],"predecessor-version":[{"id":1844,"href":"http:\/\/www.literaturtelefon-online.de\/index.php?rest_route=\/wp\/v2\/pages\/1762\/revisions\/1844"}],"up":[{"embeddable":true,"href":"http:\/\/www.literaturtelefon-online.de\/index.php?rest_route=\/wp\/v2\/pages\/1739"}],"wp:attachment":[{"href":"http:\/\/www.literaturtelefon-online.de\/index.php?rest_route=%2Fwp%2Fv2%2Fmedia&parent=1762"}],"curies":[{"name":"wp","href":"https:\/\/api.w.org\/{rel}","templated":true}]}}