{"id":1749,"date":"2015-09-26T17:52:21","date_gmt":"2015-09-26T15:52:21","guid":{"rendered":"http:\/\/www.literaturtelefon-online.de\/?page_id=1749"},"modified":"2015-11-30T15:59:12","modified_gmt":"2015-11-30T13:59:12","slug":"guenter-ernst","status":"publish","type":"page","link":"http:\/\/www.literaturtelefon-online.de\/?page_id=1749","title":{"rendered":"G\u00fcnter Ernst"},"content":{"rendered":"<div style=\"text-align: justify;\">\nAm Literaturtelefon unter 0431\/901-8888 und www.literaturtelefon-online.de liest G\u00fcnter Ernst Gedichte aus seinen Lyrikb\u00e4nden \u201eBorkenbruch\u201c (2012, Edition Medua, Kiel) und \u201eRabenruf\u201c (in K\u00fcrze ebenfalls in der Edition Medusa erscheinend). Die Aufnahme entstand im Rahmen der Herbstlesung des VS (Verband deutscher Schriftsteller) Schleswig-Holstein am 25.9.2015 im Literaturhaus Schleswig-Holstein.<\/p>\n<p><!--[if lt IE 9]><script>document.createElement('audio');<\/script><![endif]-->\n<audio class=\"wp-audio-shortcode\" id=\"audio-1749-1\" preload=\"none\" style=\"width: 100%;\" controls=\"controls\"><source type=\"audio\/mpeg\" src=\"http:\/\/www.literaturtelefon-online.de\/wp-content\/uploads\/2015\/09\/guenter_ernst_borkenbruch_rabenruf.mp3?_=1\" \/><a href=\"http:\/\/www.literaturtelefon-online.de\/wp-content\/uploads\/2015\/09\/guenter_ernst_borkenbruch_rabenruf.mp3\">http:\/\/www.literaturtelefon-online.de\/wp-content\/uploads\/2015\/09\/guenter_ernst_borkenbruch_rabenruf.mp3<\/a><\/audio><br \/>\n<br \/>\nDer Schriftsteller G\u00fcnter Ernst, Jahrgang 1947, lebt und schreibt in Kiel. Haupts\u00e4chlich verfasst er Lyrik. Sein Interesse daf\u00fcr entstand in seiner fr\u00fchen Jugend. Die Begegnung mit der Kieler Buchh\u00e4ndlerin Annemarie Wolf f\u00fchrte dazu, dass er sich mit seiner Lyrik verst\u00e4rkt der \u00d6ffentlichkeit zuwandte.<\/p>\n<p>Ernst war in den 70er Jahren Mitbegr\u00fcnder der Kieler Literaturzeitschriften \u201eAm\u00f6be\u201c und \u201eBahnhofsgesang\u201c. Zur selben Zeit gr\u00fcndete er mit gleich gesinnten Autoren die Literarische Werkstatt Kiel, die bis Ende der 80er Jahre existierte. Er ist Mitglied des Verbandes Deutscher Schriftsteller und geh\u00f6rt dem Landesverband Schleswig-Holstein als Vorstandsmitglied an.<\/p>\n<p><img loading=\"lazy\" decoding=\"async\" style=\"margin-left:40px;\" src=\"http:\/\/www.literaturtelefon-online.de\/wp-content\/uploads\/2015\/09\/g\u00fcnter_ernst.jpg\" alt=\"g\u00fcnter_ernst\" width=\"140\" height=\"188\" class=\"alignright size-full wp-image-1753\" \/><\/p>\n<p>G\u00fcnter Ernst ver\u00f6ffentlichte seine Lyrik in den Gedichtb\u00e4nden \u201eErdgeschoss\u201c, \u201eAlleen und Anl\u00e4sse\u201c sowie \u201eZwischen Gleisen\u201c. Nach Jahren mit wenigen \u00f6ffentlichen Lesungen erschien im November 2012 sein Band \u201eBorkenbruch\u201c in der Edition Medusa.<\/p>\n<p>Seine Lyrik ist ein lebendiges Gegen\u00fcberstellen von gef\u00fchltem und verordnetem Leben, wie es der individuelle Mensch zwischen eigenen Zielen und gesellschaftlichen Zw\u00e4ngen empfindet. Dabei geht es nur scheinbar um eine Weltanschauung, sondern darum, mit Hilfe der Imagination diese in uns streitenden Gegens\u00e4tze darzustellen.<\/p>\n<p>Verlag: <a href=\"http:\/\/www.medusa-literatur.de\" target=\"_blank\">www.medusa-literatur.de<\/a><\/p>\n<p>Foto: Medusa Literatur, Kiel<\/p>\n<p>literaturtelefon-online.de | Telefon: 0431\/901-8888\n<\/p><\/div>\n","protected":false},"excerpt":{"rendered":"<p>Am Literaturtelefon unter 0431\/901-8888 und www.literaturtelefon-online.de liest G\u00fcnter Ernst Gedichte aus seinen Lyrikb\u00e4nden \u201eBorkenbruch\u201c (2012, Edition Medua, Kiel) und \u201eRabenruf\u201c (in K\u00fcrze ebenfalls in der Edition Medusa erscheinend). Die Aufnahme entstand im Rahmen der Herbstlesung des VS (Verband deutscher Schriftsteller) Schleswig-Holstein am 25.9.2015 im Literaturhaus Schleswig-Holstein. Der Schriftsteller G\u00fcnter Ernst, Jahrgang 1947, lebt und schreibt [&hellip;]<\/p>\n","protected":false},"author":6,"featured_media":0,"parent":1739,"menu_order":1,"comment_status":"closed","ping_status":"open","template":"","meta":{"footnotes":""},"class_list":["post-1749","page","type-page","status-publish","hentry"],"_links":{"self":[{"href":"http:\/\/www.literaturtelefon-online.de\/index.php?rest_route=\/wp\/v2\/pages\/1749","targetHints":{"allow":["GET"]}}],"collection":[{"href":"http:\/\/www.literaturtelefon-online.de\/index.php?rest_route=\/wp\/v2\/pages"}],"about":[{"href":"http:\/\/www.literaturtelefon-online.de\/index.php?rest_route=\/wp\/v2\/types\/page"}],"author":[{"embeddable":true,"href":"http:\/\/www.literaturtelefon-online.de\/index.php?rest_route=\/wp\/v2\/users\/6"}],"replies":[{"embeddable":true,"href":"http:\/\/www.literaturtelefon-online.de\/index.php?rest_route=%2Fwp%2Fv2%2Fcomments&post=1749"}],"version-history":[{"count":5,"href":"http:\/\/www.literaturtelefon-online.de\/index.php?rest_route=\/wp\/v2\/pages\/1749\/revisions"}],"predecessor-version":[{"id":1756,"href":"http:\/\/www.literaturtelefon-online.de\/index.php?rest_route=\/wp\/v2\/pages\/1749\/revisions\/1756"}],"up":[{"embeddable":true,"href":"http:\/\/www.literaturtelefon-online.de\/index.php?rest_route=\/wp\/v2\/pages\/1739"}],"wp:attachment":[{"href":"http:\/\/www.literaturtelefon-online.de\/index.php?rest_route=%2Fwp%2Fv2%2Fmedia&parent=1749"}],"curies":[{"name":"wp","href":"https:\/\/api.w.org\/{rel}","templated":true}]}}