{"id":1741,"date":"2015-09-26T17:44:39","date_gmt":"2015-09-26T15:44:39","guid":{"rendered":"http:\/\/www.literaturtelefon-online.de\/?page_id=1741"},"modified":"2015-11-15T23:12:47","modified_gmt":"2015-11-15T21:12:47","slug":"wolfgang-beutin","status":"publish","type":"page","link":"http:\/\/www.literaturtelefon-online.de\/?page_id=1741","title":{"rendered":"Wolfgang Beutin"},"content":{"rendered":"<div style=\"text-align: justify;\">\nAm Literaturtelefon unter 0431\/901-8888 und www.literaturtelefon-online.de liest Wolfgang Beutin aus seinem 2010 im von Bockel Verlag, Neum\u00fcnster erschienenen Kurzprosaband \u201eDon Juan kommt wieder\u201c. Die Aufnahme entstand im Rahmen der Herbstlesung des VS (Verband deutscher Schriftsteller) Schleswig-Holstein am 25.9.2015 im Literaturhaus Schleswig-Holstein.<\/p>\n<p><!--[if lt IE 9]><script>document.createElement('audio');<\/script><![endif]-->\n<audio class=\"wp-audio-shortcode\" id=\"audio-1741-1\" preload=\"none\" style=\"width: 100%;\" controls=\"controls\"><source type=\"audio\/mpeg\" src=\"http:\/\/www.literaturtelefon-online.de\/wp-content\/uploads\/2015\/09\/wolfgang_beutin_don_juan_kommt_wieder.mp3?_=1\" \/><a href=\"http:\/\/www.literaturtelefon-online.de\/wp-content\/uploads\/2015\/09\/wolfgang_beutin_don_juan_kommt_wieder.mp3\">http:\/\/www.literaturtelefon-online.de\/wp-content\/uploads\/2015\/09\/wolfgang_beutin_don_juan_kommt_wieder.mp3<\/a><\/audio><br \/>\n<br \/>\n<a href=\"http:\/\/www.wolfgang-beutin.de\/Texte3-DonJuan.html\" target=\"_blank\">\u201eDon Juan kommt wieder\u201c<\/a> ist ein Buch der Aphorismen, Sentenzen, Einf\u00e4lle, Ausf\u00e4lle, schneidenden Satiren und Mini-Polemiken. Weshalb unter der Flagge des ber\u00fcchtigtsten Freibeuters der Erotik? Jeder der kleinen Texte bietet ein pr\u00e4zises, komprimiertes, kurzes Lese-Abenteuer \u2013 ebenso kurz sind auch die Liebesabenteuer des spanischen Verf\u00fchrers (sein k\u00fcrzestes, wie er versichert, habe drei Minuten gedauert). Also eine strukturelle \u00c4hnlichkeit nach dem Motto, die W\u00fcrze liegt in der K\u00fcrze. Aber zweitens auch: Im Zentrum seines Buchs versammelt Wolfgang Beutin eine F\u00fclle Erotica, das sind Ausspr\u00fcche \u00fcber Sexuelles, sogar auch Obsz\u00f6nes. Verbale Abenteuer, donjuaneske Kapriolen &#8230; Mit Motiven gleich diesen, au\u00dferdem mit dem Namen im Titel greift der Autor auf sein bereits seit 1974 vorliegendes Buch: \u201eKomm wieder, Don Juan!\u201c zur\u00fcck.<\/p>\n<p><img loading=\"lazy\" decoding=\"async\" style=\"margin-left:40px;\" src=\"http:\/\/www.literaturtelefon-online.de\/wp-content\/uploads\/2015\/09\/wolfgang_beutin.jpg\" alt=\"wolfgang_beutin\" width=\"140\" height=\"201\" class=\"alignright size-full wp-image-1743\" \/><\/p>\n<p>Der Germanist und Schriftsteller Wolfgang Beutin, geb. 1934 in Bremen, war seit 1971 als Dozent im Hochschuldienst in Hamburg. Er lebt heute im holsteinischen Landkreis Stormarn sowie im bayrischen Landkreis Freyung-Grafenau. Beutin ist u.a. Mitautor der \u201eDeutschen Literaturgeschichte\u201c aus dem Metzler-Verlag (inzwischen in 7. Auflage und in diversen Sprachen \u2013 bis ins Koreanische \u2013 \u00fcbersetzt). Er ist Autor von B\u00fcchern \u00fcber Literatur im Mittelalter und der Moderne, darunter Standardwerke zur mittelalterlichen Frauenmystik und zur Geschichte der erotischen Literatur. Au\u00dferdem ver\u00f6ffentlichte er seit den 50er Jahren Belletristik, zuletzt 2013 (ebenfalls im von Bockel Verlag) den dritten Band seiner Beelzow-Saga \u201eDer Nebler\u201c.<\/p>\n<p>Autor: <a href=\"http:\/\/www.wolfgang-beutin.de\" target=\"_blank\">www.wolfgang-beutin.de<\/a><\/p>\n<p>Verlag: <a href=\"http:\/\/www.bockelverlag.de\" target=\"_blank\">www.bockelverlag.de<\/a><\/p>\n<p>Foto: von Bockel Verlag, Neum\u00fcnster<\/p>\n<p>literaturtelefon-online.de | Telefon: 0431\/901-8888\n<\/p><\/div>\n","protected":false},"excerpt":{"rendered":"<p>Am Literaturtelefon unter 0431\/901-8888 und www.literaturtelefon-online.de liest Wolfgang Beutin aus seinem 2010 im von Bockel Verlag, Neum\u00fcnster erschienenen Kurzprosaband \u201eDon Juan kommt wieder\u201c. Die Aufnahme entstand im Rahmen der Herbstlesung des VS (Verband deutscher Schriftsteller) Schleswig-Holstein am 25.9.2015 im Literaturhaus Schleswig-Holstein. \u201eDon Juan kommt wieder\u201c ist ein Buch der Aphorismen, Sentenzen, Einf\u00e4lle, Ausf\u00e4lle, schneidenden Satiren [&hellip;]<\/p>\n","protected":false},"author":6,"featured_media":0,"parent":1731,"menu_order":2,"comment_status":"closed","ping_status":"open","template":"","meta":{"footnotes":""},"class_list":["post-1741","page","type-page","status-publish","hentry"],"_links":{"self":[{"href":"http:\/\/www.literaturtelefon-online.de\/index.php?rest_route=\/wp\/v2\/pages\/1741","targetHints":{"allow":["GET"]}}],"collection":[{"href":"http:\/\/www.literaturtelefon-online.de\/index.php?rest_route=\/wp\/v2\/pages"}],"about":[{"href":"http:\/\/www.literaturtelefon-online.de\/index.php?rest_route=\/wp\/v2\/types\/page"}],"author":[{"embeddable":true,"href":"http:\/\/www.literaturtelefon-online.de\/index.php?rest_route=\/wp\/v2\/users\/6"}],"replies":[{"embeddable":true,"href":"http:\/\/www.literaturtelefon-online.de\/index.php?rest_route=%2Fwp%2Fv2%2Fcomments&post=1741"}],"version-history":[{"count":5,"href":"http:\/\/www.literaturtelefon-online.de\/index.php?rest_route=\/wp\/v2\/pages\/1741\/revisions"}],"predecessor-version":[{"id":1748,"href":"http:\/\/www.literaturtelefon-online.de\/index.php?rest_route=\/wp\/v2\/pages\/1741\/revisions\/1748"}],"up":[{"embeddable":true,"href":"http:\/\/www.literaturtelefon-online.de\/index.php?rest_route=\/wp\/v2\/pages\/1731"}],"wp:attachment":[{"href":"http:\/\/www.literaturtelefon-online.de\/index.php?rest_route=%2Fwp%2Fv2%2Fmedia&parent=1741"}],"curies":[{"name":"wp","href":"https:\/\/api.w.org\/{rel}","templated":true}]}}