{"id":1712,"date":"2015-09-21T01:31:12","date_gmt":"2015-09-20T23:31:12","guid":{"rendered":"http:\/\/www.literaturtelefon-online.de\/?page_id=1712"},"modified":"2015-10-04T21:28:04","modified_gmt":"2015-10-04T19:28:04","slug":"sarah-elise-bischof","status":"publish","type":"page","link":"http:\/\/www.literaturtelefon-online.de\/?page_id=1712","title":{"rendered":"Sarah Elise Bischof"},"content":{"rendered":"<div style=\"text-align: justify;\">\nAm Literaturtelefon unter 0431\/901-8888 und www.literaturtelefon-online.de liest Sarah Elise Bischof aus ihrem im M\u00e4rz 2015 bei Eden Books erschienenen Deb\u00fct-Roman \u201ePanthertage\u201c.<\/p>\n<p><!--[if lt IE 9]><script>document.createElement('audio');<\/script><![endif]-->\n<audio class=\"wp-audio-shortcode\" id=\"audio-1712-1\" preload=\"none\" style=\"width: 100%;\" controls=\"controls\"><source type=\"audio\/mpeg\" src=\"http:\/\/www.literaturtelefon-online.de\/wp-content\/uploads\/2015\/09\/sarah_elise_bischof_panthertage.mp3?_=1\" \/><a href=\"http:\/\/www.literaturtelefon-online.de\/wp-content\/uploads\/2015\/09\/sarah_elise_bischof_panthertage.mp3\">http:\/\/www.literaturtelefon-online.de\/wp-content\/uploads\/2015\/09\/sarah_elise_bischof_panthertage.mp3<\/a><\/audio><br \/>\n<br \/>\nSarah Elise Bischof wurde 1984 in einem kleinen Dorf in Schleswig-Holstein geboren. Sie studierte Kulturmanagement und Literaturwissenschaften in Kiel, G\u00f6teborg und M\u00fcnchen. 2004 wurde bei der inzwischen in M\u00fcnchen lebenden Autorin eine Grand-Mal-Epilepsie diagnostiziert. In ihrem autobiografischen Deb\u00fct-Roman \u201ePanthertage. Mein Leben mit Epilepsie\u201c, erschienen im Fr\u00fchjahr 2015, erz\u00e4hlt sie ihre ganz pers\u00f6nliche Krankheitsgeschichte und beschreibt ihren Alltag voller Vorurteile und unangenehmer Momente, aber auch voller Lebensfreude, Einh\u00f6rnern, Seifenblasen und Luftballons.<\/p>\n<p><img loading=\"lazy\" decoding=\"async\" style=\"margin-left:40px;\" src=\"http:\/\/www.literaturtelefon-online.de\/wp-content\/uploads\/2015\/09\/sarah_elise_bischof.jpg\" alt=\"Sarah Elise Bischof\" width=\"140\" height=\"172\" class=\"alignright size-full wp-image-1721\" \/>Sarah ist 20, hat gerade die Schule hinter sich und will mit Vollgas ins Leben starten \u2013 doch dann erleidet sie einen epileptischen Anfall. Und noch einen und noch einen. Pl\u00f6tzlich sieht die lebenslustige Sarah sich mit einer Krankheit konfrontiert, die ihr Leben mit einem Schlag komplett ver\u00e4ndert. Was folgt, sind eine Zeit voller Anf\u00e4lle und Medikamente, viele Momente der Einsamkeit, Wut und Scham und die Konfrontation mit zahllosen Vorurteilen. Aber Sarah gibt sich und ihre Tr\u00e4ume nicht auf. Heute, zehn Jahre, sieben Antiepileptika und unz\u00e4hlige Arztbesuche und Klinikaufenthalte sp\u00e4ter, ist Sarah eine junge, selbstbewusste Frau und steht mit beiden Beinen im Leben. In \u201ePanthertage\u201c blickt sie auf ihre Geschichte zur\u00fcck: eine Geschichte \u00fcber das Leben mit Epilepsie, das nicht immer einfach, daf\u00fcr aber jederzeit lebenswert ist.<\/p>\n<p>Die B\u00fccherstube Flintbek l\u00e4dt am Freitag, 9. Oktober 2015, 19.30 Uhr zur Lesung mit der Autorin Sarah Elise Bischof ins Gemeindezentrum der evangelischen Kirche in Flintbek (Dorfstr. 5).<\/p>\n<p>Autorin: <a href=\"http:\/\/www.facebook.com\/sarahelisebischof\" target=\"_blank\">@ Facebook<\/a><\/p>\n<p>Verlag: <a href=\"http:\/\/www.edel.com\/de\/buch\/release\/sarah-elise-bischof\/panthertage\/\" target=\"_blank\">Eden Books<\/a><\/p>\n<p>Foto: Moritz Thau \/ Eden Books<\/p>\n<p>literaturtelefon-online.de | Telefon: 0431\/901-8888\n<\/p><\/div>\n","protected":false},"excerpt":{"rendered":"<p>Am Literaturtelefon unter 0431\/901-8888 und www.literaturtelefon-online.de liest Sarah Elise Bischof aus ihrem im M\u00e4rz 2015 bei Eden Books erschienenen Deb\u00fct-Roman \u201ePanthertage\u201c. Sarah Elise Bischof wurde 1984 in einem kleinen Dorf in Schleswig-Holstein geboren. Sie studierte Kulturmanagement und Literaturwissenschaften in Kiel, G\u00f6teborg und M\u00fcnchen. 2004 wurde bei der inzwischen in M\u00fcnchen lebenden Autorin eine Grand-Mal-Epilepsie diagnostiziert. [&hellip;]<\/p>\n","protected":false},"author":6,"featured_media":0,"parent":1687,"menu_order":1,"comment_status":"closed","ping_status":"open","template":"","meta":{"footnotes":""},"class_list":["post-1712","page","type-page","status-publish","hentry"],"_links":{"self":[{"href":"http:\/\/www.literaturtelefon-online.de\/index.php?rest_route=\/wp\/v2\/pages\/1712","targetHints":{"allow":["GET"]}}],"collection":[{"href":"http:\/\/www.literaturtelefon-online.de\/index.php?rest_route=\/wp\/v2\/pages"}],"about":[{"href":"http:\/\/www.literaturtelefon-online.de\/index.php?rest_route=\/wp\/v2\/types\/page"}],"author":[{"embeddable":true,"href":"http:\/\/www.literaturtelefon-online.de\/index.php?rest_route=\/wp\/v2\/users\/6"}],"replies":[{"embeddable":true,"href":"http:\/\/www.literaturtelefon-online.de\/index.php?rest_route=%2Fwp%2Fv2%2Fcomments&post=1712"}],"version-history":[{"count":7,"href":"http:\/\/www.literaturtelefon-online.de\/index.php?rest_route=\/wp\/v2\/pages\/1712\/revisions"}],"predecessor-version":[{"id":1727,"href":"http:\/\/www.literaturtelefon-online.de\/index.php?rest_route=\/wp\/v2\/pages\/1712\/revisions\/1727"}],"up":[{"embeddable":true,"href":"http:\/\/www.literaturtelefon-online.de\/index.php?rest_route=\/wp\/v2\/pages\/1687"}],"wp:attachment":[{"href":"http:\/\/www.literaturtelefon-online.de\/index.php?rest_route=%2Fwp%2Fv2%2Fmedia&parent=1712"}],"curies":[{"name":"wp","href":"https:\/\/api.w.org\/{rel}","templated":true}]}}