{"id":1689,"date":"2015-08-13T02:10:27","date_gmt":"2015-08-13T00:10:27","guid":{"rendered":"http:\/\/www.literaturtelefon-online.de\/?page_id=1689"},"modified":"2015-08-24T00:45:38","modified_gmt":"2015-08-23T22:45:38","slug":"henning-schoettke","status":"publish","type":"page","link":"http:\/\/www.literaturtelefon-online.de\/?page_id=1689","title":{"rendered":"Henning Sch\u00f6ttke"},"content":{"rendered":"<div style=\"text-align: justify;\">\nAm Literaturtelefon unter 0431\/901-8888 und www.literaturtelefon-online.de liest Henning Sch\u00f6ttke aus seinem Ende August 2015 bei Stories &#038; Friends erscheinenden Roman \u201eLuxurias Gl\u00fcck\u201c.<\/p>\n<p><!--[if lt IE 9]><script>document.createElement('audio');<\/script><![endif]-->\n<audio class=\"wp-audio-shortcode\" id=\"audio-1689-1\" preload=\"none\" style=\"width: 100%;\" controls=\"controls\"><source type=\"audio\/mpeg\" src=\"http:\/\/www.literaturtelefon-online.de\/wp-content\/uploads\/2015\/08\/henning_schoettke_luxurias_glueck.mp3?_=1\" \/><a href=\"http:\/\/www.literaturtelefon-online.de\/wp-content\/uploads\/2015\/08\/henning_schoettke_luxurias_glueck.mp3\">http:\/\/www.literaturtelefon-online.de\/wp-content\/uploads\/2015\/08\/henning_schoettke_luxurias_glueck.mp3<\/a><\/audio><br \/>\n\u201eLuxurias Gl\u00fcck\u201c ist \u2013 nach \u201eGulas Men\u00fc\u201c (2011) und \u201eAcedias Traum\u201c (2013) \u2013 der dritte Teil einer auf eine Heptalogie angelegten Roman-Reihe \u00fcber die sieben Tods\u00fcnden, wobei letztere weniger religi\u00f6s, denn \u201eals Metaphern f\u00fcr das Leben\u201c (Henning Sch\u00f6ttke) zu lesen sind. Jedes Buch steht symbolhaft f\u00fcr eine der sieben Tods\u00fcnden, \u00fcbertr\u00e4gt deren Bedeutung in die heutige Zeit und thematisiert existentielle Grundlagen des Lebens \u2013 das Essen (Gula), den Schlaf (Acedia), die Liebe (Luxuria), das Feuer (Ira), das Recht (Invidia), die Arbeit (Avaritia) und die Kunst (Superbia).<\/p>\n<p>Luxuria w\u00e4chst in den 70er Jahren als \u00e4ltestes von sechs Kindern in Hamburg auf. Fr\u00fch muss sie Verantwortung f\u00fcr ihre Geschwister \u00fcbernehmen, Liebe erf\u00e4hrt sie wenig. Die Eltern streiten viel, das Geld ist knapp. Marion, eine Nachbarin, wird zur Vertrauten. Sie r\u00e4t ihr, Hebamme zu werden. Doch weder anderen zu helfen noch Sex stillen Luxurias Sehnsucht nach Liebe. Erst als ein traumatisches Ereignis all ihre \u00dcberzeugungen ersch\u00fcttert, lernt sie, Liebe anzunehmen und sich selbst zu lieben.<\/p>\n<p>Die \u201eKieler Nachrichten\u201c schrieben \u00fcber \u201eLuxurias Gl\u00fcck\u201c: \u201eAuch im dritten Teil seiner Roman-Reihe begleitet Henning Sch\u00f6ttke eine junge Frau auf dem Weg zu sich selbst. Lebendig und einf\u00fchlsam erz\u00e4hlt er von ihrer Suche nach dem pers\u00f6nlichen Gl\u00fcck und zeichnet zugleich ein treffendes Bild der in den 70er und 80er Jahren erwachsen werdenden Generation. Das atmet Zeitgeist pur.\u201c<\/p>\n<p><img loading=\"lazy\" decoding=\"async\" style=\"margin-left:40px;\" src=\"http:\/\/www.literaturtelefon-online.de\/wp-content\/uploads\/2015\/08\/henning_schoettke_2015-140x150.jpg\" width=\"140\" height=\"150\" class=\"alignright wp-image-1694\" \/><\/p>\n<p>Henning Sch\u00f6ttke, geboren 1952 in Hamburg, studierte zun\u00e4chst Mathematik und Musik auf Lehramt. Seit 1978 ist er freiberuflicher Comiczeichner, hat zahlreiche Comicserien ver\u00f6ffentlicht und \u00fcber hundert Schulb\u00fccher illustriert. Vor zw\u00f6lf Jahren fand er zum Schreiben. Er lebt in Kronshagen bei Kiel, ist verheiratet und hat zwei erwachsene Kinder.<\/p>\n<p>Schon mit den ersten beiden Teilen seiner Roman-Heptalogie war Hennig Sch\u00f6ttke am Literaturtelefon zu h\u00f6ren, mit <a href=\"http:\/\/www.literaturtelefon-online.de\/beitrag-schoettke\/beitrag-schoettke.php\">\u201eGulas Men\u00fc\u201c<\/a> im Oktober 2011 und mit <a href=\"http:\/\/www.literaturtelefon-online.de\/?page_id=963\">\u201eAcedias Traum\u201c<\/a> im August 2013.<\/p>\n<p>Aus \u201eLuxurias Gl\u00fcck\u201c liest Hennig Sch\u00f6ttke am Freitag, 4.9.2015, 19 Uhr, im <a href=\"http:\/\/literaturhaus-sh.de\/programm\/literaturkalender_sh.event.2560.html\" target=\"_blank\">Literaturhaus Schleswig-Holstein<\/a>.<\/p>\n<p>Autor: <a href=\"http:\/\/www.henning-schoettke.de\" target=\"_blank\">www.henning-schoettke.de<\/a><\/p>\n<p>Verlag: <a href=\"http:\/\/www.stories-and-friends.com\/shop_detail.php?product_id=231\" target=\"_blank\">Stories &#038; Friends<\/a><\/p>\n<p>Foto: privat<\/p>\n<p>literaturtelefon-online.de | Telefon: 0431\/901-8888\n<\/p><\/div>\n","protected":false},"excerpt":{"rendered":"<p>Am Literaturtelefon unter 0431\/901-8888 und www.literaturtelefon-online.de liest Henning Sch\u00f6ttke aus seinem Ende August 2015 bei Stories &#038; Friends erscheinenden Roman \u201eLuxurias Gl\u00fcck\u201c. \u201eLuxurias Gl\u00fcck\u201c ist \u2013 nach \u201eGulas Men\u00fc\u201c (2011) und \u201eAcedias Traum\u201c (2013) \u2013 der dritte Teil einer auf eine Heptalogie angelegten Roman-Reihe \u00fcber die sieben Tods\u00fcnden, wobei letztere weniger religi\u00f6s, denn \u201eals Metaphern [&hellip;]<\/p>\n","protected":false},"author":6,"featured_media":0,"parent":1646,"menu_order":3,"comment_status":"closed","ping_status":"open","template":"","meta":{"footnotes":""},"class_list":["post-1689","page","type-page","status-publish","hentry"],"_links":{"self":[{"href":"http:\/\/www.literaturtelefon-online.de\/index.php?rest_route=\/wp\/v2\/pages\/1689","targetHints":{"allow":["GET"]}}],"collection":[{"href":"http:\/\/www.literaturtelefon-online.de\/index.php?rest_route=\/wp\/v2\/pages"}],"about":[{"href":"http:\/\/www.literaturtelefon-online.de\/index.php?rest_route=\/wp\/v2\/types\/page"}],"author":[{"embeddable":true,"href":"http:\/\/www.literaturtelefon-online.de\/index.php?rest_route=\/wp\/v2\/users\/6"}],"replies":[{"embeddable":true,"href":"http:\/\/www.literaturtelefon-online.de\/index.php?rest_route=%2Fwp%2Fv2%2Fcomments&post=1689"}],"version-history":[{"count":9,"href":"http:\/\/www.literaturtelefon-online.de\/index.php?rest_route=\/wp\/v2\/pages\/1689\/revisions"}],"predecessor-version":[{"id":1700,"href":"http:\/\/www.literaturtelefon-online.de\/index.php?rest_route=\/wp\/v2\/pages\/1689\/revisions\/1700"}],"up":[{"embeddable":true,"href":"http:\/\/www.literaturtelefon-online.de\/index.php?rest_route=\/wp\/v2\/pages\/1646"}],"wp:attachment":[{"href":"http:\/\/www.literaturtelefon-online.de\/index.php?rest_route=%2Fwp%2Fv2%2Fmedia&parent=1689"}],"curies":[{"name":"wp","href":"https:\/\/api.w.org\/{rel}","templated":true}]}}