{"id":1655,"date":"2015-07-01T03:37:23","date_gmt":"2015-07-01T01:37:23","guid":{"rendered":"http:\/\/www.literaturtelefon-online.de\/?page_id=1655"},"modified":"2015-11-15T23:16:36","modified_gmt":"2015-11-15T21:16:36","slug":"arne-rautenberg","status":"publish","type":"page","link":"http:\/\/www.literaturtelefon-online.de\/?page_id=1655","title":{"rendered":"Arne Rautenberg"},"content":{"rendered":"<div style=\"text-align: justify;\">\nAm Literaturtelefon unter der Rufnummer 0431\/901-8888 und auf www.literaturtelefon-online.de liest Arne Rautenberg aus seinem beim Horlemann Verlag in der Reihe \u201eLyrikpapyri\u201c erschienenen Gedichtband \u201eseltene erden\u201c. Die Aufnahme entstand im Rahmen einer Lesung im Literaturhaus Schleswig-Holstein am 28.4.2015.<\/p>\n<p>[Arne Rautenberg hat seinen Audio-Beitrag nur f\u00fcr 14 Tage zur Verf\u00fcgung gestellt, daher hier nicht mehr h\u00f6rbar.]<\/p>\n<p>Man gehe mit dem \u201eApokalyptiker aus dem Norden\u201c (FAZ) durch das Jahr. Bl\u00fche auf: als junges Buchenblatt \u2013 und falle nieder: als einzelne Schneeflocke. Arne Rautenberg \u00fcberrascht, schert sich nicht um die \u00fcbliche Dichter-Botanik. Er l\u00e4sst Formen wie Wildkraut gedeihen und m\u00e4ht sie auf der n\u00e4chsten Seite nieder. Ohnmachtsanf\u00e4lle, dunkle Windz\u00fcge, Spazierg\u00e4nge nahe am Abgrund \u2013 Rautenberg wandelt dahin. Jeder Schritt ein romantisches Echo, jeder Vers ein rollender Stein. Am Ende die Einsicht: Je d\u00fcsterer die Gedichte, desto heller ihr Schein!<\/p>\n<p>Arne Rautenberg, geboren 1967 in Kiel, studierte Kunstgeschichte, Neuere Deutsche Literaturwissenschaft und Volkskunde an der Christian-Albrechts-Universit\u00e4t zu Kiel und ist seit 2000 als freier Schriftsteller, K\u00fcnstler und Kulturjournalist in seiner Geburtsstadt t\u00e4tig.<\/p>\n<p><img loading=\"lazy\" decoding=\"async\" style=\"margin-left:40px;\" src=\"http:\/\/www.schwungkunst.de\/literaturtelefon\/arne_rautenberg_2015.jpg\" width=\"140\" height=\"192\" class=\"alignright\" \/><\/p>\n<p>Er schreibt Essays, Gedichte, H\u00f6rst\u00fccke, Kurzgeschichten, Romane und arbeitet f\u00fcr verschiedene Feuilletons; sein literarisches Hauptbet\u00e4tigungsfeld ist die Lyrik. Gedichte und Geschichten sind in mehreren Einzeltiteln sowie zahlreichen Anthologien und Zeitschriften erschienen. Zudem sind viele seiner Gedichte in Schulb\u00fccher aufgenommen worden.<\/p>\n<p>Zuletzt erschienen von ihm unter anderem \u201emundfauler staub\u201c (Horlemann Verlag Leipzig &#038; Berlin, 2012), \u201eder wind l\u00e4sst tausend h\u00fctchen fliegen\u201c, Kindergedichte (Boje 2010), \u201egebrochene naturen\u201c (luxbooks Wiesbaden, 2009), \u201eneunmalneun blutsbr\u00fcder betreun \u2013 kindergedichte f\u00fcr erwachsene\u201c (Umtriebpresse Kiel, 2008), \u201evermeeren\u201c, Gedichte und Collagen (Katalogbuch, Darling Publications, K\u00f6ln, 2007) und 2002 bei Hoffmann und Campe der Roman \u201eDer Sperrm\u00fcllk\u00f6nig\u201c.<\/p>\n<p>Am Literaturtelefon Kiel war Arne Rautenberg zuletzt im September 2014 mit seinem Gedichtband <a href=\"http:\/\/www.literaturtelefon-online.de\/?page_id=1367\">\u201emontag ist m\u00fctzenfalschrumtag\u201c<\/a> zu h\u00f6ren.<\/p>\n<p>Autor: <a href=\"http:\/\/www.arnerautenberg.de\" target=\"_blank\">www.arnerautenberg.de<\/a><\/p>\n<p>Verlag: <a href=\"http:\/\/www.horlemann.info\/edition-voss\/lyrikpapyri\/buchtitel\/seltene-erden-210.html\" target=\"_blank\">Horlemann Verlag<\/a><\/p>\n<p>Foto: Nike Rautenberg<\/p>\n<p>literaturtelefon-online.de | Telefon: 0431\/901-8888\n<\/p><\/div>\n","protected":false},"excerpt":{"rendered":"<p>Am Literaturtelefon unter der Rufnummer 0431\/901-8888 und auf www.literaturtelefon-online.de liest Arne Rautenberg aus seinem beim Horlemann Verlag in der Reihe \u201eLyrikpapyri\u201c erschienenen Gedichtband \u201eseltene erden\u201c. Die Aufnahme entstand im Rahmen einer Lesung im Literaturhaus Schleswig-Holstein am 28.4.2015. [Arne Rautenberg hat seinen Audio-Beitrag nur f\u00fcr 14 Tage zur Verf\u00fcgung gestellt, daher hier nicht mehr h\u00f6rbar.] Man [&hellip;]<\/p>\n","protected":false},"author":6,"featured_media":0,"parent":1731,"menu_order":1,"comment_status":"open","ping_status":"open","template":"","meta":{"footnotes":""},"class_list":["post-1655","page","type-page","status-publish","hentry"],"_links":{"self":[{"href":"http:\/\/www.literaturtelefon-online.de\/index.php?rest_route=\/wp\/v2\/pages\/1655","targetHints":{"allow":["GET"]}}],"collection":[{"href":"http:\/\/www.literaturtelefon-online.de\/index.php?rest_route=\/wp\/v2\/pages"}],"about":[{"href":"http:\/\/www.literaturtelefon-online.de\/index.php?rest_route=\/wp\/v2\/types\/page"}],"author":[{"embeddable":true,"href":"http:\/\/www.literaturtelefon-online.de\/index.php?rest_route=\/wp\/v2\/users\/6"}],"replies":[{"embeddable":true,"href":"http:\/\/www.literaturtelefon-online.de\/index.php?rest_route=%2Fwp%2Fv2%2Fcomments&post=1655"}],"version-history":[{"count":4,"href":"http:\/\/www.literaturtelefon-online.de\/index.php?rest_route=\/wp\/v2\/pages\/1655\/revisions"}],"predecessor-version":[{"id":1823,"href":"http:\/\/www.literaturtelefon-online.de\/index.php?rest_route=\/wp\/v2\/pages\/1655\/revisions\/1823"}],"up":[{"embeddable":true,"href":"http:\/\/www.literaturtelefon-online.de\/index.php?rest_route=\/wp\/v2\/pages\/1731"}],"wp:attachment":[{"href":"http:\/\/www.literaturtelefon-online.de\/index.php?rest_route=%2Fwp%2Fv2%2Fmedia&parent=1655"}],"curies":[{"name":"wp","href":"https:\/\/api.w.org\/{rel}","templated":true}]}}