{"id":1605,"date":"2015-04-13T23:34:31","date_gmt":"2015-04-13T21:34:31","guid":{"rendered":"http:\/\/www.literaturtelefon-online.de\/?page_id=1605"},"modified":"2015-06-15T16:54:13","modified_gmt":"2015-06-15T14:54:13","slug":"xifan-yang","status":"publish","type":"page","link":"http:\/\/www.literaturtelefon-online.de\/?page_id=1605","title":{"rendered":"Xifan Yang"},"content":{"rendered":"<div style=\"text-align: justify;\">\nAm Literaturtelefon unter der Rufnummer 0431\/901-8888 und auf www.literaturtelefon-online.de liest Xifan Yang aus ihrem in den Hanser Literaturverlagen erschienenen Roman-Deb\u00fct \u201eAls die Karpfen fliegen lernten\u201c. Die Aufnahme entstand im Rahmen einer Lesung, veranstaltet vom Literaturhaus Schleswig-Holstein, am 13.4.2015.<\/p>\n<p><!--[if lt IE 9]><script>document.createElement('audio');<\/script><![endif]-->\n<audio class=\"wp-audio-shortcode\" id=\"audio-1605-1\" preload=\"none\" style=\"width: 100%;\" controls=\"controls\"><source type=\"audio\/mpeg\" src=\"http:\/\/www.schwungkunst.de\/literaturtelefon\/xifan_yang_als_die_karpfen_fliegen_lernten.mp3?_=1\" \/><a href=\"http:\/\/www.schwungkunst.de\/literaturtelefon\/xifan_yang_als_die_karpfen_fliegen_lernten.mp3\">http:\/\/www.schwungkunst.de\/literaturtelefon\/xifan_yang_als_die_karpfen_fliegen_lernten.mp3<\/a><\/audio><br \/>\n<br \/>\nXifan Yang, in Deutschland aufgewachsene und in Shanghai lebende Chinakorrespondentin f\u00fcr deutsche Zeitungen, erz\u00e4hlt in ihrem Buch von \u201eChina am Beispiel meiner Familie\u201c. Ihr doppelter Blick von innen und von au\u00dfen l\u00e4sst Chinas j\u00fcngere Vergangenheit und Gegenwart lebendig werden.<\/p>\n<p><img loading=\"lazy\" decoding=\"async\" style=\"margin-left:40px;\" src=\"http:\/\/www.schwungkunst.de\/literaturtelefon\/xifan_yang.jpg\" width=\"140\" height=\"180\" class=\"alignright\" \/><\/p>\n<p>Herr Peng besa\u00df schon immer seinen eigenen Kopf, und am liebsten singt er selbstkomponierte Lieder. Als junger Mann wurde er wegen eines unvorsichtigen Tagebucheintrags zur Zwangsarbeit auf einen Berg verbannt. Damals half ihm seine Musik, am Leben zu bleiben. Viele Jahrzehnte sp\u00e4ter w\u00e4re er dann fast in Chinas gr\u00f6\u00dfter Castingshow gelandet \u2013 mit stolzen 80 Jahren. F\u00fcr Xifan Yang ist die Geschichte ihres Gro\u00dfvaters eine Zeitreise in Chinas wechselvolle Vergangenheit. Eindr\u00fccklich erz\u00e4hlt sie, wie eine chinesische Familie \u00fcber drei Generationen den Zeitenwandel erlebt hat, von Maos Herrschaft \u00fcber die \u00d6ffnung unter Deng Xiaoping bis hinein in die turbulente Gegenwart.<\/p>\n<p>1988 in China geboren, kam Xifan Yang mit vier Jahren nach Deutschland, besuchte die Deutschen Journalistenschule in M\u00fcnchen und arbeitet seit 2011 als freie Korrespondentin f\u00fcr zahlreiche deutsche Magazine in Shanghai. \u201eAls die Karpfen fliegen lernten\u201c ist ihr erstes Buch.<\/p>\n<p>Autorin: <a href=\"http:\/\/www.xifanyang.com\" target=\"_blank\">www.xifanyang.com<\/a><\/p>\n<p>Verlag: <a href=\"http:\/\/www.hanser-literaturverlage.de\/autor\/xifan-yang\/\" target=\"_blank\">Hanser Literaturverlage<\/a><\/p>\n<p>Foto: David H\u00f8gsholt<\/p>\n<p>literaturtelefon-online.de | Telefon: 0431\/901-8888\n<\/p><\/div>\n","protected":false},"excerpt":{"rendered":"<p>Am Literaturtelefon unter der Rufnummer 0431\/901-8888 und auf www.literaturtelefon-online.de liest Xifan Yang aus ihrem in den Hanser Literaturverlagen erschienenen Roman-Deb\u00fct \u201eAls die Karpfen fliegen lernten\u201c. Die Aufnahme entstand im Rahmen einer Lesung, veranstaltet vom Literaturhaus Schleswig-Holstein, am 13.4.2015. Xifan Yang, in Deutschland aufgewachsene und in Shanghai lebende Chinakorrespondentin f\u00fcr deutsche Zeitungen, erz\u00e4hlt in ihrem Buch [&hellip;]<\/p>\n","protected":false},"author":6,"featured_media":0,"parent":1597,"menu_order":2,"comment_status":"open","ping_status":"open","template":"","meta":{"footnotes":""},"class_list":["post-1605","page","type-page","status-publish","hentry"],"_links":{"self":[{"href":"http:\/\/www.literaturtelefon-online.de\/index.php?rest_route=\/wp\/v2\/pages\/1605","targetHints":{"allow":["GET"]}}],"collection":[{"href":"http:\/\/www.literaturtelefon-online.de\/index.php?rest_route=\/wp\/v2\/pages"}],"about":[{"href":"http:\/\/www.literaturtelefon-online.de\/index.php?rest_route=\/wp\/v2\/types\/page"}],"author":[{"embeddable":true,"href":"http:\/\/www.literaturtelefon-online.de\/index.php?rest_route=\/wp\/v2\/users\/6"}],"replies":[{"embeddable":true,"href":"http:\/\/www.literaturtelefon-online.de\/index.php?rest_route=%2Fwp%2Fv2%2Fcomments&post=1605"}],"version-history":[{"count":3,"href":"http:\/\/www.literaturtelefon-online.de\/index.php?rest_route=\/wp\/v2\/pages\/1605\/revisions"}],"predecessor-version":[{"id":1609,"href":"http:\/\/www.literaturtelefon-online.de\/index.php?rest_route=\/wp\/v2\/pages\/1605\/revisions\/1609"}],"up":[{"embeddable":true,"href":"http:\/\/www.literaturtelefon-online.de\/index.php?rest_route=\/wp\/v2\/pages\/1597"}],"wp:attachment":[{"href":"http:\/\/www.literaturtelefon-online.de\/index.php?rest_route=%2Fwp%2Fv2%2Fmedia&parent=1605"}],"curies":[{"name":"wp","href":"https:\/\/api.w.org\/{rel}","templated":true}]}}