{"id":1546,"date":"2015-02-17T03:28:52","date_gmt":"2015-02-17T01:28:52","guid":{"rendered":"http:\/\/www.literaturtelefon-online.de\/?page_id=1546"},"modified":"2015-03-23T20:40:52","modified_gmt":"2015-03-23T18:40:52","slug":"silvia-luise-woehlk","status":"publish","type":"page","link":"http:\/\/www.literaturtelefon-online.de\/?page_id=1546","title":{"rendered":"Silvia Luise W\u00f6hlk"},"content":{"rendered":"<div style=\"text-align: justify;\">\nAm Literaturtelefon unter der Rufnummer 0431\/901-8888 und auf www.literaturtelefon-online.de liest Silvia Luise W\u00f6hlk ihren autobiografischen Text \u201eProf. Dr. Carl Clauberg\u201c.<\/p>\n<p><!--[if lt IE 9]><script>document.createElement('audio');<\/script><![endif]-->\n<audio class=\"wp-audio-shortcode\" id=\"audio-1546-1\" preload=\"none\" style=\"width: 100%;\" controls=\"controls\"><source type=\"audio\/mpeg\" src=\"http:\/\/www.schwungkunst.de\/literaturtelefon\/silvia_luise_woehlk_carl_clauberg.mp3?_=1\" \/><a href=\"http:\/\/www.schwungkunst.de\/literaturtelefon\/silvia_luise_woehlk_carl_clauberg.mp3\">http:\/\/www.schwungkunst.de\/literaturtelefon\/silvia_luise_woehlk_carl_clauberg.mp3<\/a><\/audio><br \/>\n<br \/>\nEine brisante Begegnung: 1956 wurde die damals 18-j\u00e4hrige Autorin zu einem Vorstellungsgespr\u00e4ch bei <a href=\"http:\/\/de.wikipedia.org\/wiki\/Carl_Clauberg\" target=\"_blank\">Prof. Dr. Carl Clauberg<\/a> eingeladen, einem ihr damals unbekannten Mediziner. Clauberg, der als Koryph\u00e4e der Gyn\u00e4kologie galt, war seinerzeit noch in Untersuchungshaft, hoffte aber auf baldige Rehabilitierung und Fortsetzung seiner \u201eForschungsarbeiten\u201c, obwohl er als SS-Arzt in KZs Experimente an weiblichen H\u00e4ftlingen vorgenommen hatte. \u201eNat\u00fcrlich nur im Dienste der Wissenschaft &#8230;\u201c Die Begegnung mit dem T\u00e4ter, der zudringliche Avancen macht, ger\u00e4t f\u00fcr die junge Frau zum nach wie vor traumatischen Erlebnis \u2013 in einer Zeit, als die T\u00e4ter ihre Taten deshalb so erfolgreich verschweigen konnten, weil kaum jemand davon h\u00f6ren wollte. Erst 50 Jahre sp\u00e4ter, 2005, hat W\u00f6hlk in der Anthologie \u201ePOETISCHE PORTR\u00c4TS\u201c der Literaturgruppe EUTERPE \u00fcber ihre Begegnung mit Clauberg geschrieben.<\/p>\n<p><img loading=\"lazy\" decoding=\"async\" style=\"margin-left:40px;\" src=\"http:\/\/www.schwungkunst.de\/literaturtelefon\/silvia_luise_woehlk.jpg\" width=\"140\" height=\"181\" class=\"alignright\" \/><\/p>\n<p>Silvia Luise W\u00f6hlk (geb. 1937) verbrachte ihre Kindheit in Berlin und fl\u00fcchtete nach der Kapitulation mit der Mutter und zwei j\u00fcngeren Geschwistern zuerst nach Sachsen-Anhalt zum Gro\u00dfvater und von dort illegal nach Kiel zur Familie des Vaters. Sie lebt jetzt (verwitwet, 3 T\u00f6chter, 8 Enkelkinder) in Felm im D\u00e4nischen Wohld. Nach Gr\u00fcndung einer eigenen Firma unterst\u00fctzte sie ihren Ehemann. Ihre Liebe zum Schreiben, Singen und Malen hat sie nie aufgegeben und hat als Gaststudentin mehrere Semester Niederdeutsch studiert. Sie schreibt und ver\u00f6ffentlicht (Anthologien, H\u00f6rfunk, Literarische Zeitschriften, Lesungen) Prosaerz\u00e4hlungen, Lyrik und Kindergeschichten. Aus ihren autobiografischen Erz\u00e4hlungen entstand \u201eZwischen Muttermilch und Rentnerpasss\u201c (womit sie <a href=\"http:\/\/www.literaturtelefon-online.de\/beitrag-woehlk\/beitrag-woehlk.php\">im November 2009 am Literaturtelefon zu h\u00f6ren<\/a> war. Da sie die Kommunikation mit Literaturfreunden sehr anregt, besucht sie mehrere Schreibwerkst\u00e4tten, gr\u00fcndete 1989 an der VHS Eckernf\u00f6rde die Schreibwerkstatt \u201eGedankenfilter\u201c, die sie dort 13 Jahre lang leitete und jetzt seit zwei Jahren auch in Gettorf gegr\u00fcndet hat. Am Kieler Literaturtelefon las sie seit 1987 mehrfach und m\u00f6chte heute mit einer brisanten autobiografischen Aufzeichnung einen Beitrag zum \u201eNichtvergessen von Gr\u00e4ueltaten\u201c leisten.<\/p>\n<p>Foto: \u00f6gyr<\/p>\n<p>literaturtelefon-online.de | Telefon: 0431\/901-8888\n<\/p><\/div>\n","protected":false},"excerpt":{"rendered":"<p>Am Literaturtelefon unter der Rufnummer 0431\/901-8888 und auf www.literaturtelefon-online.de liest Silvia Luise W\u00f6hlk ihren autobiografischen Text \u201eProf. Dr. Carl Clauberg\u201c. Eine brisante Begegnung: 1956 wurde die damals 18-j\u00e4hrige Autorin zu einem Vorstellungsgespr\u00e4ch bei Prof. Dr. Carl Clauberg eingeladen, einem ihr damals unbekannten Mediziner. Clauberg, der als Koryph\u00e4e der Gyn\u00e4kologie galt, war seinerzeit noch in Untersuchungshaft, [&hellip;]<\/p>\n","protected":false},"author":6,"featured_media":0,"parent":1525,"menu_order":3,"comment_status":"open","ping_status":"open","template":"","meta":{"footnotes":""},"class_list":["post-1546","page","type-page","status-publish","hentry"],"_links":{"self":[{"href":"http:\/\/www.literaturtelefon-online.de\/index.php?rest_route=\/wp\/v2\/pages\/1546","targetHints":{"allow":["GET"]}}],"collection":[{"href":"http:\/\/www.literaturtelefon-online.de\/index.php?rest_route=\/wp\/v2\/pages"}],"about":[{"href":"http:\/\/www.literaturtelefon-online.de\/index.php?rest_route=\/wp\/v2\/types\/page"}],"author":[{"embeddable":true,"href":"http:\/\/www.literaturtelefon-online.de\/index.php?rest_route=\/wp\/v2\/users\/6"}],"replies":[{"embeddable":true,"href":"http:\/\/www.literaturtelefon-online.de\/index.php?rest_route=%2Fwp%2Fv2%2Fcomments&post=1546"}],"version-history":[{"count":6,"href":"http:\/\/www.literaturtelefon-online.de\/index.php?rest_route=\/wp\/v2\/pages\/1546\/revisions"}],"predecessor-version":[{"id":1559,"href":"http:\/\/www.literaturtelefon-online.de\/index.php?rest_route=\/wp\/v2\/pages\/1546\/revisions\/1559"}],"up":[{"embeddable":true,"href":"http:\/\/www.literaturtelefon-online.de\/index.php?rest_route=\/wp\/v2\/pages\/1525"}],"wp:attachment":[{"href":"http:\/\/www.literaturtelefon-online.de\/index.php?rest_route=%2Fwp%2Fv2%2Fmedia&parent=1546"}],"curies":[{"name":"wp","href":"https:\/\/api.w.org\/{rel}","templated":true}]}}